{"id":52370,"date":"2024-04-07T18:40:58","date_gmt":"2024-04-07T18:40:58","guid":{"rendered":"https:\/\/hummy.ee\/product\/abc-design-isofix-base-juuripohja\/"},"modified":"2026-04-17T06:34:46","modified_gmt":"2026-04-17T06:34:46","slug":"abc-design-isofix-base-root-telakka","status":"publish","type":"product","link":"https:\/\/hummy.ee\/fi\/tuote\/abc-design-isofix-base-root-telakka\/","title":{"rendered":"ABC Design Isofix Base Root telakka"},"content":{"rendered":"<ul>\n<li data-start=\"453\" data-end=\"868\">\n<h6>Turvallinen ja mukava: \u00c4lyk\u00e4s v\u00e4rikoodattu tarkistustoiminto kertoo heti, onko istuin asennettu oikein.<\/h6>\n<\/li>\n<li data-start=\"453\" data-end=\"868\">\n<h6>T\u00e4ydellinen vakaus: S\u00e4\u00e4dett\u00e4v\u00e4 tukijalka parantaa turvallisuutta ja mukautuu eri autoihin.<\/h6>\n<\/li>\n<li data-start=\"453\" data-end=\"868\">\n<h6>Nopea ja helppo asennus: Kun telakka on asennettu autoon, Tulip- tai Lily i-Size -turvaistuin kiinnittyy ja irtoaa turvallisesti yhdell\u00e4 liikkeell\u00e4.<\/h6>\n<\/li>\n<\/ul>\n<h6 data-start=\"870\" data-end=\"926\"><strong><em>360\u00b0 k\u00e4\u00e4ntyv\u00e4 Isofix-telakka \u2013 maksimaalista mukavuutta<\/em><\/strong><\/h6>\n<h6 data-start=\"928\" data-end=\"1134\">Ajans\u00e4\u00e4st\u00f6\u00e4 ja helppoutta: Aseta turvaistuin Isofix-telakkaan, ja se lukittuu automaattisesti paikoilleen. V\u00e4rikoodattu j\u00e4rjestelm\u00e4 varmistaa turvallisen kiinnityksen \u2013 voit olla huoletta vauvan turvallisuudesta.<\/h6>\n<h6 data-start=\"1136\" data-end=\"1366\">360\u00b0 k\u00e4\u00e4nt\u00f6toiminto tekee turvaistuimen k\u00e4yt\u00f6st\u00e4 ennenn\u00e4kem\u00e4tt\u00f6m\u00e4n helppoa. K\u00e4\u00e4nn\u00e4 istuin itse\u00e4si kohti ja nosta lapsi vaivattomasti kyytiin ilman kumartumista tai hankalaa kurottamista autoon.<\/h6>\n<p>&nbsp;<\/p>\n<h6><\/h6>\n<h6 data-start=\"1368\" data-end=\"1393\"><strong><em>Joustava k\u00e4ytt\u00f6:<\/em><\/strong><\/h6>\n<ul data-start=\"1394\" data-end=\"1766\">\n<li data-start=\"1394\" data-end=\"1507\">\n<h6>Lily i-Size -turvaistuin voidaan k\u00e4\u00e4nt\u00f6mekanismin ansiosta asentaa sek\u00e4 kasvot ett\u00e4 selk\u00e4 menosuuntaan.<\/h6>\n<\/li>\n<li data-start=\"1508\" data-end=\"1638\">\n<h6>Tulip i-Size -turvakaukalo asennetaan aina selk\u00e4 menosuuntaan ja irtoaa autosta yhdell\u00e4 liikkeell\u00e4.<\/h6>\n<\/li>\n<li data-start=\"1639\" data-end=\"1766\">\n<h6>Isofix Base Root -telakka j\u00e4\u00e4 autoon, ja kun sit\u00e4 ei tarvita, sen voi taittaa kokoon tilaa s\u00e4\u00e4st\u00e4v\u00e4\u00e4 s\u00e4ilytyst\u00e4 varten.<\/h6>\n<\/li>\n<\/ul>\n<h6 data-start=\"1768\" data-end=\"1809\"><strong>Sopivat turvaistuimet (myyd\u00e4\u00e4n erikseen):<\/strong><\/h6>\n<ul>\n<li>\n<h6><a href=\"https:\/\/hummy.ee\/fi\/tuote\/abc-design-tulip-i-size-turvakehikko\/\"> Tulip i-Size<\/a><\/h6>\n<\/li>\n<li>\n<h6><a href=\"https:\/\/hummy.ee\/fi\/tuote\/abc-design-lily-i-size-turvakaukalo\/\">Lily i-Size<\/a><\/h6>\n<\/li>\n<\/ul>\n<h6><em>Katso <a href=\"https:\/\/www.youtube.com\/watch?v=faGTs5Jqm7A\">esittelyvideo<\/a>, josta saat lis\u00e4tietoja.<\/em><\/h6>\n","protected":false},"excerpt":{"rendered":"<h6 data-start=\"73\" data-end=\"151\">ABC Design Isofix Base Root -telakka \u2013 turvallinen ja mukava alusta turvaistuimille. ABC Design Isofix Base Root -telakan avulla voit asentaa Tulip i-Size -turvakaukalon tai Lily i-Size -taaperon turvaistuimen autoon vain yhdell\u00e4 napsautuksella. Turvaistuinta ei en\u00e4\u00e4 tarvitse kiinnitt\u00e4\u00e4 k\u00e4sin turvav\u00f6ill\u00e4 \u2013 aseta vain telakka auton Isofix-kiinnikkeisiin, ja olet valmis.<\/h6>\n","protected":false},"featured_media":21940,"comment_status":"closed","ping_status":"closed","template":"","meta":{"_acf_changed":false,"om_disable_all_campaigns":false,"_monsterinsights_skip_tracking":false,"_monsterinsights_sitenote_active":false,"_monsterinsights_sitenote_note":"","_monsterinsights_sitenote_category":0,"_uf_show_specific_survey":0,"_uf_disable_surveys":false,"site-sidebar-layout":"default","site-content-layout":"","ast-site-content-layout":"default","site-content-style":"default","site-sidebar-style":"default","ast-global-header-display":"","ast-banner-title-visibility":"","ast-main-header-display":"","ast-hfb-above-header-display":"","ast-hfb-below-header-display":"","ast-hfb-mobile-header-display":"","site-post-title":"","ast-breadcrumbs-content":"","ast-featured-img":"","footer-sml-layout":"","theme-transparent-header-meta":"default","adv-header-id-meta":"","stick-header-meta":"","header-above-stick-meta":"","header-main-stick-meta":"","header-below-stick-meta":"","astra-migrate-meta-layouts":"set","ast-page-background-enabled":"default","ast-page-background-meta":{"desktop":{"background-color":"var(--ast-global-color-4)","background-image":"","background-repeat":"repeat","background-position":"center center","background-size":"auto","background-attachment":"scroll","background-type":"","background-media":"","overlay-type":"","overlay-color":"","overlay-opacity":"","overlay-gradient":""},"tablet":{"background-color":"","background-image":"","background-repeat":"repeat","background-position":"center center","background-size":"auto","background-attachment":"scroll","background-type":"","background-media":"","overlay-type":"","overlay-color":"","overlay-opacity":"","overlay-gradient":""},"mobile":{"background-color":"","background-image":"","background-repeat":"repeat","background-position":"center center","background-size":"auto","background-attachment":"scroll","background-type":"","background-media":"","overlay-type":"","overlay-color":"","overlay-opacity":"","overlay-gradient":""}},"ast-content-background-meta":{"desktop":{"background-color":"var(--ast-global-color-5)","background-image":"","background-repeat":"repeat","background-position":"center center","background-size":"auto","background-attachment":"scroll","background-type":"","background-media":"","overlay-type":"","overlay-color":"","overlay-opacity":"","overlay-gradient":""},"tablet":{"background-color":"var(--ast-global-color-5)","background-image":"","background-repeat":"repeat","background-position":"center center","background-size":"auto","background-attachment":"scroll","background-type":"","background-media":"","overlay-type":"","overlay-color":"","overlay-opacity":"","overlay-gradient":""},"mobile":{"background-color":"var(--ast-global-color-5)","background-image":"","background-repeat":"repeat","background-position":"center center","background-size":"auto","background-attachment":"scroll","background-type":"","background-media":"","overlay-type":"","overlay-color":"","overlay-opacity":"","overlay-gradient":""}}},"product_brand":[],"product_cat":[527,748],"product_tag":[],"class_list":{"0":"post-52370","1":"product","2":"type-product","3":"status-publish","4":"has-post-thumbnail","6":"product_cat-abc-design-fi","7":"product_cat-turvatuolin-jalusta","8":"desktop-align-left","9":"tablet-align-left","10":"mobile-align-left","12":"first","13":"instock","14":"taxable","15":"shipping-taxable","16":"purchasable","17":"product-type-simple"},"acf":[],"aioseo_notices":[],"_links":{"self":[{"href":"https:\/\/hummy.ee\/fi\/wp-json\/wp\/v2\/product\/52370","targetHints":{"allow":["GET"]}}],"collection":[{"href":"https:\/\/hummy.ee\/fi\/wp-json\/wp\/v2\/product"}],"about":[{"href":"https:\/\/hummy.ee\/fi\/wp-json\/wp\/v2\/types\/product"}],"replies":[{"embeddable":true,"href":"https:\/\/hummy.ee\/fi\/wp-json\/wp\/v2\/comments?post=52370"}],"version-history":[{"count":4,"href":"https:\/\/hummy.ee\/fi\/wp-json\/wp\/v2\/product\/52370\/revisions"}],"predecessor-version":[{"id":86868,"href":"https:\/\/hummy.ee\/fi\/wp-json\/wp\/v2\/product\/52370\/revisions\/86868"}],"wp:featuredmedia":[{"embeddable":true,"href":"https:\/\/hummy.ee\/fi\/wp-json\/wp\/v2\/media\/21940"}],"wp:attachment":[{"href":"https:\/\/hummy.ee\/fi\/wp-json\/wp\/v2\/media?parent=52370"}],"wp:term":[{"taxonomy":"product_brand","embeddable":true,"href":"https:\/\/hummy.ee\/fi\/wp-json\/wp\/v2\/product_brand?post=52370"},{"taxonomy":"product_cat","embeddable":true,"href":"https:\/\/hummy.ee\/fi\/wp-json\/wp\/v2\/product_cat?post=52370"},{"taxonomy":"product_tag","embeddable":true,"href":"https:\/\/hummy.ee\/fi\/wp-json\/wp\/v2\/product_tag?post=52370"}],"curies":[{"name":"wp","href":"https:\/\/api.w.org\/{rel}","templated":true}]}}