{"id":52365,"date":"2024-04-07T18:37:52","date_gmt":"2024-04-07T18:37:52","guid":{"rendered":"https:\/\/hummy.ee\/product\/abc-design-mallow-2-fix-i-size-turvatuoli\/"},"modified":"2026-04-17T07:32:34","modified_gmt":"2026-04-17T07:32:34","slug":"abc-design-mallow-2-fix-i-size-turvaistuin","status":"publish","type":"product","link":"https:\/\/hummy.ee\/fi\/tuote\/abc-design-mallow-2-fix-i-size-turvaistuin\/","title":{"rendered":"ABC Design Mallow 2 Fix i-Size turvaistuin"},"content":{"rendered":"<h6 data-start=\"122\" data-end=\"626\"><em><strong data-start=\"122\" data-end=\"172\">Maksimaalinen turvallisuus jokaisella matkalla<\/strong><\/em><br data-start=\"172\" data-end=\"175\" \/>Mallow 2 -turvaistuimessa lapsesi matkustaa turvallisesti ja mukavasti. Istuin mukautuu t\u00e4ydellisesti lapsesi tarpeisiin ja kasvaa lapsen mukana s\u00e4ilytt\u00e4en aina miellytt\u00e4v\u00e4n k\u00e4ytt\u00f6mukavuuden. Se soveltuu k\u00e4ytett\u00e4v\u00e4ksi sek\u00e4 ISOFIX-j\u00e4rjestelm\u00e4n kanssa ett\u00e4 ilman sit\u00e4: pehme\u00e4sti pehmustettu istuin voidaan kiinnitt\u00e4\u00e4 helposti auton 3-pisteturvavy\u00f6ll\u00e4. Lis\u00e4varusteena saatava ISOFIX-j\u00e4rjestelm\u00e4 tarjoaa kuitenkin viel\u00e4 enemm\u00e4n turvallisuutta ja vakautta.<\/h6>\n<p>&nbsp;<\/p>\n<h6 data-start=\"628\" data-end=\"1212\"><em><strong data-start=\"628\" data-end=\"653\">Kasvaa lapsesi mukana<\/strong><\/em><br data-start=\"653\" data-end=\"656\" \/>Mallow 2 -niskatuki voidaan s\u00e4\u00e4t\u00e4\u00e4 12 eri asentoon, joten se mukautuu lapsen kasvaessa. \u00c4lyk\u00e4s vy\u00f6ohjainj\u00e4rjestelm\u00e4 est\u00e4\u00e4 turvavy\u00f6n liukumisen ja kiertymisen ja pit\u00e4\u00e4 sen oikeassa asennossa optimaalisen turvallisuuden takaamiseksi. Istuimen eritt\u00e4in pehme\u00e4 pehmuste varmistaa miellytt\u00e4v\u00e4n matkustusmukavuuden my\u00f6s pitkill\u00e4 matkoilla. i-Size-standardi takaa maksimaalisen turvallisuuden. Istuin jakaa t\u00f6rm\u00e4ysvoiman sek\u00e4 p\u00e4\u00e4- ett\u00e4 sivut\u00f6rm\u00e4yksess\u00e4 ja minimoi sen vaikutuksia. N\u00e4in lapsen p\u00e4\u00e4, niska, yl\u00e4vartalo ja lantion alue saavat entist\u00e4 paremman suojan.<\/h6>\n<p>&nbsp;<\/p>\n<h6 data-start=\"1214\" data-end=\"1476\"><em><strong data-start=\"1214\" data-end=\"1236\">Kaksi asennustapaa<\/strong><\/em><br data-start=\"1236\" data-end=\"1239\" \/>Istuin voidaan asentaa joko auton 3-pisteturvavy\u00f6ll\u00e4 tai ISOFIX-j\u00e4rjestelm\u00e4ll\u00e4. Kiinnitysj\u00e4rjestelm\u00e4 on s\u00e4\u00e4dett\u00e4viss\u00e4, joten se mukautuu istuimen kokoon. K\u00e4tev\u00e4n v\u00e4rikoodatun j\u00e4rjestelm\u00e4n ansiosta n\u00e4et aina, onko istuin asennettu oikein.<\/h6>\n<h6><\/h6>\n<p>&nbsp;<\/p>\n<h6 data-start=\"73\" data-end=\"429\"><em><strong data-start=\"73\" data-end=\"90\">Ominaisuudet:<\/strong><\/em><\/h6>\n<ul>\n<li data-start=\"73\" data-end=\"429\">\n<h6>Pitk\u00e4ik\u00e4inen ryhm\u00e4n 2\/3 turvaistuin \u2013 ihanteellinen k\u00e4ytett\u00e4v\u00e4ksi autoissa, joissa on tai ei ole ISOFIX-j\u00e4rjestelm\u00e4\u00e4.<\/h6>\n<\/li>\n<li data-start=\"73\" data-end=\"429\">\n<h6>i-Size-standardi takaa maksimaalisen turvallisuuden.<\/h6>\n<\/li>\n<li data-start=\"73\" data-end=\"429\">\n<h6>P\u00e4\u00e4ntuki voidaan s\u00e4\u00e4t\u00e4\u00e4 12 eri asentoon lapsen pituuden mukaan.<\/h6>\n<\/li>\n<li data-start=\"73\" data-end=\"429\">\n<h6>Helppo asennus autoon: voidaan k\u00e4ytt\u00e4\u00e4 auton 3-pisteturvavy\u00f6ll\u00e4 tai ISOFIX-j\u00e4rjestelm\u00e4n kanssa.<\/h6>\n<\/li>\n<\/ul>\n<h6 data-start=\"431\" data-end=\"588\"><em><strong data-start=\"431\" data-end=\"451\">Tekniset tiedot:<\/strong><\/em><\/h6>\n<ul>\n<li data-start=\"431\" data-end=\"588\">\n<h6>Tuotteen mitat: 44 \u00d7 46 \u00d7 59 cm<\/h6>\n<\/li>\n<li data-start=\"431\" data-end=\"588\">\n<h6>Tuotteen paino: 5,2 kg<\/h6>\n<\/li>\n<li data-start=\"431\" data-end=\"588\">\n<h6>Ik\u00e4suositus: 3\u201312 vuotta, ryhm\u00e4 2\/3<\/h6>\n<\/li>\n<li data-start=\"431\" data-end=\"588\">\n<h6>Painosuositus: 15\u201336 kg<\/h6>\n<\/li>\n<\/ul>\n<h6><em>Katso <a href=\"https:\/\/www.youtube.com\/watch?v=sxZYytHwz0M\">esittelyvideo<\/a>, josta saat lis\u00e4tietoja.<\/em><\/h6>\n","protected":false},"excerpt":{"rendered":"<h6 data-start=\"44\" data-end=\"451\">ABC Design Mallow 2 Fix i-Size -istuin kasvaa lapsesi mukana. ABC Design Mallow 2 Fix i-Size -turvaistuin on t\u00e4ydellinen valinta turvalliseen ja mukavaan automatkaan. Sen mukautuva muotoilu ja innovatiiviset turvaominaisuudet takaavat, ett\u00e4 lapsesi viihtyy mukavasti 3\u201312-vuotiaasta l\u00e4htien. i-Size-standardi ja ISOFIX-kiinnityspisteet tarjoavat parhaan suojan sek\u00e4 arjen ett\u00e4 pidempien matkojen aikana.<\/h6>\n<ul>\n<li data-start=\"453\" data-end=\"592\">\n<h6>Sopii 3\u201312-vuotiaille lapsille.<\/h6>\n<\/li>\n<li data-start=\"453\" data-end=\"592\">\n<h6>Pituus: 100\u2013150 cm.<\/h6>\n<\/li>\n<li data-start=\"453\" data-end=\"592\">\n<h6>Hyv\u00e4ksytty uusimman turvallisuusstandardin R129\/03 (i-Size) mukaisesti.<\/h6>\n<\/li>\n<\/ul>\n<h6><!-- \/wp:heading --><\/h6>\n<p><!-- wp:paragraph --><\/p>\n","protected":false},"featured_media":34796,"comment_status":"closed","ping_status":"closed","template":"","meta":{"_acf_changed":false,"om_disable_all_campaigns":false,"_monsterinsights_skip_tracking":false,"_monsterinsights_sitenote_active":false,"_monsterinsights_sitenote_note":"","_monsterinsights_sitenote_category":0,"_uf_show_specific_survey":0,"_uf_disable_surveys":false,"site-sidebar-layout":"default","site-content-layout":"","ast-site-content-layout":"default","site-content-style":"default","site-sidebar-style":"default","ast-global-header-display":"","ast-banner-title-visibility":"","ast-main-header-display":"","ast-hfb-above-header-display":"","ast-hfb-below-header-display":"","ast-hfb-mobile-header-display":"","site-post-title":"","ast-breadcrumbs-content":"","ast-featured-img":"","footer-sml-layout":"","theme-transparent-header-meta":"default","adv-header-id-meta":"","stick-header-meta":"","header-above-stick-meta":"","header-main-stick-meta":"","header-below-stick-meta":"","astra-migrate-meta-layouts":"set","ast-page-background-enabled":"default","ast-page-background-meta":{"desktop":{"background-color":"var(--ast-global-color-4)","background-image":"","background-repeat":"repeat","background-position":"center center","background-size":"auto","background-attachment":"scroll","background-type":"","background-media":"","overlay-type":"","overlay-color":"","overlay-opacity":"","overlay-gradient":""},"tablet":{"background-color":"","background-image":"","background-repeat":"repeat","background-position":"center center","background-size":"auto","background-attachment":"scroll","background-type":"","background-media":"","overlay-type":"","overlay-color":"","overlay-opacity":"","overlay-gradient":""},"mobile":{"background-color":"","background-image":"","background-repeat":"repeat","background-position":"center center","background-size":"auto","background-attachment":"scroll","background-type":"","background-media":"","overlay-type":"","overlay-color":"","overlay-opacity":"","overlay-gradient":""}},"ast-content-background-meta":{"desktop":{"background-color":"var(--ast-global-color-5)","background-image":"","background-repeat":"repeat","background-position":"center center","background-size":"auto","background-attachment":"scroll","background-type":"","background-media":"","overlay-type":"","overlay-color":"","overlay-opacity":"","overlay-gradient":""},"tablet":{"background-color":"var(--ast-global-color-5)","background-image":"","background-repeat":"repeat","background-position":"center center","background-size":"auto","background-attachment":"scroll","background-type":"","background-media":"","overlay-type":"","overlay-color":"","overlay-opacity":"","overlay-gradient":""},"mobile":{"background-color":"var(--ast-global-color-5)","background-image":"","background-repeat":"repeat","background-position":"center center","background-size":"auto","background-attachment":"scroll","background-type":"","background-media":"","overlay-type":"","overlay-color":"","overlay-opacity":"","overlay-gradient":""}}},"product_brand":[],"product_cat":[527,691],"product_tag":[],"class_list":{"0":"post-52365","1":"product","2":"type-product","3":"status-publish","4":"has-post-thumbnail","6":"product_cat-abc-design-fi","7":"product_cat-turvaistuimet","8":"desktop-align-left","9":"tablet-align-left","10":"mobile-align-left","12":"first","13":"instock","14":"taxable","15":"shipping-taxable","16":"purchasable","17":"product-type-variable"},"acf":[],"aioseo_notices":[],"_links":{"self":[{"href":"https:\/\/hummy.ee\/fi\/wp-json\/wp\/v2\/product\/52365","targetHints":{"allow":["GET"]}}],"collection":[{"href":"https:\/\/hummy.ee\/fi\/wp-json\/wp\/v2\/product"}],"about":[{"href":"https:\/\/hummy.ee\/fi\/wp-json\/wp\/v2\/types\/product"}],"replies":[{"embeddable":true,"href":"https:\/\/hummy.ee\/fi\/wp-json\/wp\/v2\/comments?post=52365"}],"version-history":[{"count":8,"href":"https:\/\/hummy.ee\/fi\/wp-json\/wp\/v2\/product\/52365\/revisions"}],"predecessor-version":[{"id":86881,"href":"https:\/\/hummy.ee\/fi\/wp-json\/wp\/v2\/product\/52365\/revisions\/86881"}],"wp:featuredmedia":[{"embeddable":true,"href":"https:\/\/hummy.ee\/fi\/wp-json\/wp\/v2\/media\/34796"}],"wp:attachment":[{"href":"https:\/\/hummy.ee\/fi\/wp-json\/wp\/v2\/media?parent=52365"}],"wp:term":[{"taxonomy":"product_brand","embeddable":true,"href":"https:\/\/hummy.ee\/fi\/wp-json\/wp\/v2\/product_brand?post=52365"},{"taxonomy":"product_cat","embeddable":true,"href":"https:\/\/hummy.ee\/fi\/wp-json\/wp\/v2\/product_cat?post=52365"},{"taxonomy":"product_tag","embeddable":true,"href":"https:\/\/hummy.ee\/fi\/wp-json\/wp\/v2\/product_tag?post=52365"}],"curies":[{"name":"wp","href":"https:\/\/api.w.org\/{rel}","templated":true}]}}