{"id":52342,"date":"2024-04-07T18:53:40","date_gmt":"2024-04-07T18:53:40","guid":{"rendered":"https:\/\/hummy.ee\/product\/abc-design-kiddie-ride-on-2-stand\/"},"modified":"2026-04-18T17:12:57","modified_gmt":"2026-04-18T17:12:57","slug":"abc-design-kiddie-ride-on-2-seisomateline","status":"publish","type":"product","link":"https:\/\/hummy.ee\/fi\/tuote\/abc-design-kiddie-ride-on-2-seisomateline\/","title":{"rendered":"ABC Design Kiddie Ride On 2 seisomateline"},"content":{"rendered":"<h6 data-start=\"94\" data-end=\"156\"><strong><em>Kiddie Ride-On seisontalauta \u2013 ihanteellinen lis\u00e4varuste lastenvaunuihisi<\/em><\/strong><\/h6>\n<h6 data-start=\"158\" data-end=\"392\">V\u00e4syyk\u00f6 pieni seikkailijasi nopeasti k\u00e4velyill\u00e4? Kiddie Ride-On on t\u00e4ydellinen ratkaisu! T\u00e4m\u00e4 k\u00e4yt\u00e4nn\u00f6llinen lastenvaunujen lis\u00e4alusta antaa lapsellesi mukavan kyydin ja tekee liikkumisesta turvallista ja hauskaa.<\/h6>\n<p>&nbsp;<\/p>\n<h6 data-start=\"394\" data-end=\"428\"><strong><em>Mukavuus ja s\u00e4\u00e4dett\u00e4vyys<\/em><\/strong><\/h6>\n<h6 data-start=\"429\" data-end=\"728\">Kiddie Ride-On 2 on varustettu s\u00e4\u00e4dett\u00e4v\u00e4ll\u00e4 <a href=\"https:\/\/hummy.ee\/fi\/tuote\/abc-design-kiddie-ride-on-2-istuin\/\">istuimella<\/a>, joka voidaan asentaa lapsen toiveiden mukaan. Kun lapsi haluaa lev\u00e4t\u00e4, h\u00e4n voi istua \u2013 ja jos h\u00e4n mieluummin seisoo, h\u00e4n voi nauttia kyydist\u00e4 t\u00e4ysin rinnoin. S\u00e4\u00e4dett\u00e4v\u00e4 pituus, leveys ja kaltevuus takaavat, ett\u00e4 se mukautuu t\u00e4ydellisesti lapsesi tarpeisiin.<\/h6>\n<h6 data-start=\"730\" data-end=\"880\">Lis\u00e4ksi Kiddie Ride-On 2 -seisontalauta on varustettu jousitetuilla py\u00f6rill\u00e4, jotka takaavat tasaisen ja mukavan kyydin niin kaupunkikaduilla kuin ep\u00e4tasaisemmassa maastossa.<\/h6>\n<p>&nbsp;<\/p>\n<h6 data-start=\"882\" data-end=\"922\"><strong><em>Turvallinen ja kest\u00e4v\u00e4 kantavuus<\/em><\/strong><\/h6>\n<h6 data-start=\"923\" data-end=\"1126\">Lapsen enimm\u00e4ispaino on 20 kg, mik\u00e4 tekee siit\u00e4 ihanteellisen esikouluik\u00e4isille lapsille, jotka v\u00e4syv\u00e4t kulkiessaan pitki\u00e4 matkoja. Tukeva ja kest\u00e4v\u00e4 rakenne takaa vakaan ja turvallisen kyydin.<\/h6>\n<p>&nbsp;<\/p>\n<h6 data-start=\"1128\" data-end=\"1170\"><strong><em>Yhteensopivuus ABC Design -lastenvaunujen kanssa<\/em><\/strong><\/h6>\n<h6 data-start=\"1171\" data-end=\"1264\">Kiddie Ride-On -seisontalauta on suunniteltu erityisesti sopimaan ABC Design -lastenvaunumalleihin, mukaan lukien:<\/h6>\n<ul>\n<li data-start=\"1266\" data-end=\"1524\">\n<h6>Avus \/ Avus Air<\/h6>\n<\/li>\n<li data-start=\"1266\" data-end=\"1524\">\n<h6>Salsa Air \/ Salsa Run<\/h6>\n<\/li>\n<li data-start=\"1266\" data-end=\"1524\">\n<h6>Samba<\/h6>\n<\/li>\n<li data-start=\"1266\" data-end=\"1524\">\n<h6>Zoom<\/h6>\n<\/li>\n<\/ul>\n<h6 data-start=\"1526\" data-end=\"1656\">Jos sinulla on ABC Design -lastenvaunut, Kiddie Ride-On on t\u00e4ydellinen lis\u00e4 \u2013 helppo asentaa ja viel\u00e4 helpompi k\u00e4ytt\u00e4\u00e4!<\/h6>\n<p>&nbsp;<\/p>\n<h6 data-start=\"1658\" data-end=\"1695\"><strong><em>Miksi valita Kiddie Ride On?<\/em><\/strong><\/h6>\n<ul>\n<li data-start=\"1696\" data-end=\"1951\">\n<h6>S\u00e4\u00e4dett\u00e4v\u00e4 ja mukava \u2013 istuimella tai ilman, lapsen mieltymysten mukaan<\/h6>\n<\/li>\n<li data-start=\"1696\" data-end=\"1951\">\n<h6>Jousitetut py\u00f6r\u00e4t \u2013 tasainen ja hiljainen kyyti<\/h6>\n<\/li>\n<li data-start=\"1696\" data-end=\"1951\">\n<h6>Sopii useisiin lastenvaunumalleihin \u2013 laaja yhteensopivuus ABC Design -valikoiman kanssa<\/h6>\n<\/li>\n<li data-start=\"1696\" data-end=\"1951\">\n<h6>Turvallinen ja kest\u00e4v\u00e4 \u2013 kantavuus jopa 20 kg<\/h6>\n<\/li>\n<\/ul>\n<h6 data-start=\"1953\" data-end=\"2066\">\u00c4l\u00e4 anna v\u00e4symyksen pilata k\u00e4velyretki\u00e4 \u2013 lis\u00e4\u00e4 Kiddie Ride-On lastenvaunuihisi ja nauti stressitt\u00f6mist\u00e4 ulkoiluhetkist\u00e4!<\/h6>\n<p>&nbsp;<\/p>\n<h6><em>Katso <a href=\"https:\/\/www.youtube.com\/watch?v=3Z347ujV-DU\">esittelyvideo<\/a>, josta saat lis\u00e4tietoja.<\/em><\/h6>\n","protected":false},"excerpt":{"rendered":"<h6>ABC Design Kiddie Ride-On 2 -seisontalauta tarjoaa lapsillesi t\u00e4ysin uudenlaisen seisten matkustamisen kokemuksen ja varmistaa hauskan kyydin my\u00f6s vanhemmille sisaruksille. Kiinnitysosat voidaan helposti ja nopeasti kiinnitt\u00e4\u00e4 lastenvaunuihin tai -rattaisiin yksinkertaisen kiinnitysj\u00e4rjestelm\u00e4n ansiosta. Kiddie Ride-On on varustettu my\u00f6s haluttaessa lis\u00e4tt\u00e4v\u00e4ll\u00e4 <a href=\"https:\/\/hummy.ee\/fi\/tuote\/abc-design-kiddie-ride-on-2-istuin\/\">istuimella<\/a>, jotta lapsi voi lev\u00e4t\u00e4 matkan aikana. Sen pituus, leveys ja kulma ovat s\u00e4\u00e4dett\u00e4viss\u00e4 lapsen yksil\u00f6llisten tarpeiden mukaan. Py\u00f6r\u00e4t ovat jousitetut optimaalisen ajomukavuuden takaamiseksi.<\/h6>\n","protected":false},"featured_media":36156,"comment_status":"closed","ping_status":"closed","template":"","meta":{"_acf_changed":false,"om_disable_all_campaigns":false,"_monsterinsights_skip_tracking":false,"_monsterinsights_sitenote_active":false,"_monsterinsights_sitenote_note":"","_monsterinsights_sitenote_category":0,"_uf_show_specific_survey":0,"_uf_disable_surveys":false,"site-sidebar-layout":"default","site-content-layout":"","ast-site-content-layout":"default","site-content-style":"default","site-sidebar-style":"default","ast-global-header-display":"","ast-banner-title-visibility":"","ast-main-header-display":"","ast-hfb-above-header-display":"","ast-hfb-below-header-display":"","ast-hfb-mobile-header-display":"","site-post-title":"","ast-breadcrumbs-content":"","ast-featured-img":"","footer-sml-layout":"","theme-transparent-header-meta":"default","adv-header-id-meta":"","stick-header-meta":"","header-above-stick-meta":"","header-main-stick-meta":"","header-below-stick-meta":"","astra-migrate-meta-layouts":"set","ast-page-background-enabled":"default","ast-page-background-meta":{"desktop":{"background-color":"var(--ast-global-color-4)","background-image":"","background-repeat":"repeat","background-position":"center center","background-size":"auto","background-attachment":"scroll","background-type":"","background-media":"","overlay-type":"","overlay-color":"","overlay-opacity":"","overlay-gradient":""},"tablet":{"background-color":"","background-image":"","background-repeat":"repeat","background-position":"center center","background-size":"auto","background-attachment":"scroll","background-type":"","background-media":"","overlay-type":"","overlay-color":"","overlay-opacity":"","overlay-gradient":""},"mobile":{"background-color":"","background-image":"","background-repeat":"repeat","background-position":"center center","background-size":"auto","background-attachment":"scroll","background-type":"","background-media":"","overlay-type":"","overlay-color":"","overlay-opacity":"","overlay-gradient":""}},"ast-content-background-meta":{"desktop":{"background-color":"var(--ast-global-color-5)","background-image":"","background-repeat":"repeat","background-position":"center center","background-size":"auto","background-attachment":"scroll","background-type":"","background-media":"","overlay-type":"","overlay-color":"","overlay-opacity":"","overlay-gradient":""},"tablet":{"background-color":"var(--ast-global-color-5)","background-image":"","background-repeat":"repeat","background-position":"center center","background-size":"auto","background-attachment":"scroll","background-type":"","background-media":"","overlay-type":"","overlay-color":"","overlay-opacity":"","overlay-gradient":""},"mobile":{"background-color":"var(--ast-global-color-5)","background-image":"","background-repeat":"repeat","background-position":"center center","background-size":"auto","background-attachment":"scroll","background-type":"","background-media":"","overlay-type":"","overlay-color":"","overlay-opacity":"","overlay-gradient":""}}},"product_brand":[],"product_cat":[527,326,323],"product_tag":[329,327],"class_list":{"0":"post-52342","1":"product","2":"type-product","3":"status-publish","4":"has-post-thumbnail","6":"product_cat-abc-design-fi","7":"product_cat-johtokunnat","8":"product_cat-trimmaustarvikkeet","9":"product_tag-erilliset-tuotteet","10":"product_tag-raataloity-verkkosivusto","11":"desktop-align-left","12":"tablet-align-left","13":"mobile-align-left","15":"first","16":"instock","17":"taxable","18":"shipping-taxable","19":"purchasable","20":"product-type-simple"},"acf":[],"aioseo_notices":[],"_links":{"self":[{"href":"https:\/\/hummy.ee\/fi\/wp-json\/wp\/v2\/product\/52342","targetHints":{"allow":["GET"]}}],"collection":[{"href":"https:\/\/hummy.ee\/fi\/wp-json\/wp\/v2\/product"}],"about":[{"href":"https:\/\/hummy.ee\/fi\/wp-json\/wp\/v2\/types\/product"}],"replies":[{"embeddable":true,"href":"https:\/\/hummy.ee\/fi\/wp-json\/wp\/v2\/comments?post=52342"}],"version-history":[{"count":4,"href":"https:\/\/hummy.ee\/fi\/wp-json\/wp\/v2\/product\/52342\/revisions"}],"predecessor-version":[{"id":87098,"href":"https:\/\/hummy.ee\/fi\/wp-json\/wp\/v2\/product\/52342\/revisions\/87098"}],"wp:featuredmedia":[{"embeddable":true,"href":"https:\/\/hummy.ee\/fi\/wp-json\/wp\/v2\/media\/36156"}],"wp:attachment":[{"href":"https:\/\/hummy.ee\/fi\/wp-json\/wp\/v2\/media?parent=52342"}],"wp:term":[{"taxonomy":"product_brand","embeddable":true,"href":"https:\/\/hummy.ee\/fi\/wp-json\/wp\/v2\/product_brand?post=52342"},{"taxonomy":"product_cat","embeddable":true,"href":"https:\/\/hummy.ee\/fi\/wp-json\/wp\/v2\/product_cat?post=52342"},{"taxonomy":"product_tag","embeddable":true,"href":"https:\/\/hummy.ee\/fi\/wp-json\/wp\/v2\/product_tag?post=52342"}],"curies":[{"name":"wp","href":"https:\/\/api.w.org\/{rel}","templated":true}]}}