{"id":52196,"date":"2024-04-07T18:36:25","date_gmt":"2024-04-07T18:36:25","guid":{"rendered":"https:\/\/hummy.ee\/product\/abc-design-saapas-jalakate\/"},"modified":"2026-04-18T19:07:16","modified_gmt":"2026-04-18T19:07:16","slug":"abc-design-boot-jalkapeite","status":"publish","type":"product","link":"https:\/\/hummy.ee\/fi\/tuote\/abc-design-boot-jalkapeite\/","title":{"rendered":"ABC Design Boot jalkapeite"},"content":{"rendered":"<h6 data-start=\"491\" data-end=\"554\"><strong><em>Ihanteellinen siirtym\u00e4kausille \u2013 kev\u00e4\u00e4lle ja syksylle<\/em><\/strong><\/h6>\n<h6 data-start=\"556\" data-end=\"980\">Kev\u00e4\u00e4ll\u00e4 ja syksyll\u00e4 s\u00e4\u00e4 on usein vaihteleva, mutta ABC Design Boot -jalkapeite varmistaa, ett\u00e4 lapsesi pysyy aina l\u00e4mpim\u00e4n\u00e4 ja kuivana. \u00c4lykk\u00e4\u00e4n muotoilun ansiosta jalkapeite on helppo kiinnitt\u00e4\u00e4 kaikkiin <a href=\"https:\/\/hummy.ee\/fi\/abc-design-kuvaus\/\" target=\"_blank\" rel=\"noopener\">ABC Design<\/a> -lastenrattaisiin ja lastenvaunuihin. Yl\u00e4osa kiinnittyy neppareilla turvakaiteeseen ja alaosa jalkatukeen, tarjoten lapselle tasaisen ja turvallisen l\u00e4mm\u00f6n koko k\u00e4velyretken ajan.<\/h6>\n<p>&nbsp;<\/p>\n<h6 data-start=\"982\" data-end=\"1016\"><strong><em>Kasvaa lapsen mukana<\/em><\/strong><\/h6>\n<h6 data-start=\"1018\" data-end=\"1323\">Jalkapeitteen yl\u00e4osassa oleva vetoketju mahdollistaa sen pident\u00e4misen noin 10 cm, jotta se kasvaa lapsesi mukana ja sopii t\u00e4ydellisesti jo ensimm\u00e4isist\u00e4 k\u00e4velyist\u00e4 l\u00e4htien. S\u00e4\u00e4dett\u00e4v\u00e4 pituus takaa mukavuuden ja k\u00e4yt\u00e4nn\u00f6llisyyden eri-ik\u00e4isille lapsille sek\u00e4 pident\u00e4\u00e4 jalkapeitteen k\u00e4ytt\u00f6ik\u00e4\u00e4.<\/h6>\n<p>&nbsp;<\/p>\n<h6 data-start=\"1325\" data-end=\"1376\"><strong><em>Tyylik\u00e4s, k\u00e4yt\u00e4nn\u00f6llinen ja helppohoitoinen<\/em><\/strong><\/h6>\n<h6 data-start=\"1378\" data-end=\"1770\">ABC Design Boot -jalkapeite on saatavilla useissa tyylikk\u00e4iss\u00e4 v\u00e4rivaihtoehdoissa, jotta se sopii t\u00e4ydellisesti lastenvaunujesi muotoiluun. Lis\u00e4ksi se on helposti pest\u00e4v\u00e4, mik\u00e4 takaa puhtauden ja raikkauden my\u00f6s p\u00e4ivitt\u00e4isess\u00e4 k\u00e4yt\u00f6ss\u00e4. Jalkapeitteen huolto on helppoa ja nopeaa, mink\u00e4 vuoksi se sopii erinomaisesti aktiivisille perheille, jotka haluavat tarjota lapselleen maksimaalisen mukavuuden kaikissa tilanteissa.<\/h6>\n<p>&nbsp;<\/p>\n<h6><em>Katso <a href=\"https:\/\/www.youtube.com\/watch?v=HFHLr4usCvM\">esittelyvideo<\/a>, josta saat lis\u00e4tietoja.<\/em><\/h6>\n","protected":false},"excerpt":{"rendered":"<h6 data-start=\"0\" data-end=\"67\">ABC Design Boot -jalkapeite \u2013 mukavuutta ja suojaa joka s\u00e4\u00e4lle. Kun s\u00e4\u00e4 muuttuu viile\u00e4mm\u00e4ksi, on t\u00e4rke\u00e4\u00e4, ett\u00e4 lapsesi pysyy l\u00e4mpim\u00e4n\u00e4 ja suojattuna k\u00e4velyretkill\u00e4. ABC Design Boot -jalkapeite on pehme\u00e4 ja pehmustettu, tarjoten lapselle miellytt\u00e4v\u00e4\u00e4 l\u00e4mp\u00f6\u00e4 ja est\u00e4en kylm\u00e4n tuulen sek\u00e4 kosteuden p\u00e4\u00e4syn sis\u00e4\u00e4n. Vett\u00e4hylkiv\u00e4 pintakangas saa sadepisarat valumaan pois, kun taas pehme\u00e4 ja l\u00e4mmin sis\u00e4vuori luo lapselle mukavan ymp\u00e4rist\u00f6n my\u00f6s kev\u00e4\u00e4ll\u00e4 ja syksyll\u00e4.<\/h6>\n","protected":false},"featured_media":41136,"comment_status":"closed","ping_status":"closed","template":"","meta":{"_acf_changed":false,"om_disable_all_campaigns":false,"_monsterinsights_skip_tracking":false,"_monsterinsights_sitenote_active":false,"_monsterinsights_sitenote_note":"","_monsterinsights_sitenote_category":0,"_uf_show_specific_survey":0,"_uf_disable_surveys":false,"site-sidebar-layout":"default","site-content-layout":"","ast-site-content-layout":"default","site-content-style":"default","site-sidebar-style":"default","ast-global-header-display":"","ast-banner-title-visibility":"","ast-main-header-display":"","ast-hfb-above-header-display":"","ast-hfb-below-header-display":"","ast-hfb-mobile-header-display":"","site-post-title":"","ast-breadcrumbs-content":"","ast-featured-img":"","footer-sml-layout":"","theme-transparent-header-meta":"default","adv-header-id-meta":"","stick-header-meta":"","header-above-stick-meta":"","header-main-stick-meta":"","header-below-stick-meta":"","astra-migrate-meta-layouts":"set","ast-page-background-enabled":"default","ast-page-background-meta":{"desktop":{"background-color":"var(--ast-global-color-4)","background-image":"","background-repeat":"repeat","background-position":"center center","background-size":"auto","background-attachment":"scroll","background-type":"","background-media":"","overlay-type":"","overlay-color":"","overlay-opacity":"","overlay-gradient":""},"tablet":{"background-color":"","background-image":"","background-repeat":"repeat","background-position":"center center","background-size":"auto","background-attachment":"scroll","background-type":"","background-media":"","overlay-type":"","overlay-color":"","overlay-opacity":"","overlay-gradient":""},"mobile":{"background-color":"","background-image":"","background-repeat":"repeat","background-position":"center center","background-size":"auto","background-attachment":"scroll","background-type":"","background-media":"","overlay-type":"","overlay-color":"","overlay-opacity":"","overlay-gradient":""}},"ast-content-background-meta":{"desktop":{"background-color":"var(--ast-global-color-5)","background-image":"","background-repeat":"repeat","background-position":"center center","background-size":"auto","background-attachment":"scroll","background-type":"","background-media":"","overlay-type":"","overlay-color":"","overlay-opacity":"","overlay-gradient":""},"tablet":{"background-color":"var(--ast-global-color-5)","background-image":"","background-repeat":"repeat","background-position":"center center","background-size":"auto","background-attachment":"scroll","background-type":"","background-media":"","overlay-type":"","overlay-color":"","overlay-opacity":"","overlay-gradient":""},"mobile":{"background-color":"var(--ast-global-color-5)","background-image":"","background-repeat":"repeat","background-position":"center center","background-size":"auto","background-attachment":"scroll","background-type":"","background-media":"","overlay-type":"","overlay-color":"","overlay-opacity":"","overlay-gradient":""}}},"product_brand":[],"product_cat":[527,417,323],"product_tag":[329,327],"class_list":{"0":"post-52196","1":"product","2":"type-product","3":"status-publish","4":"has-post-thumbnail","6":"product_cat-abc-design-fi","7":"product_cat-kuumat-pussit","8":"product_cat-trimmaustarvikkeet","9":"product_tag-erilliset-tuotteet","10":"product_tag-raataloity-verkkosivusto","11":"desktop-align-left","12":"tablet-align-left","13":"mobile-align-left","15":"first","16":"instock","17":"taxable","18":"shipping-taxable","19":"purchasable","20":"product-type-variable"},"acf":[],"aioseo_notices":[],"_links":{"self":[{"href":"https:\/\/hummy.ee\/fi\/wp-json\/wp\/v2\/product\/52196","targetHints":{"allow":["GET"]}}],"collection":[{"href":"https:\/\/hummy.ee\/fi\/wp-json\/wp\/v2\/product"}],"about":[{"href":"https:\/\/hummy.ee\/fi\/wp-json\/wp\/v2\/types\/product"}],"replies":[{"embeddable":true,"href":"https:\/\/hummy.ee\/fi\/wp-json\/wp\/v2\/comments?post=52196"}],"version-history":[{"count":6,"href":"https:\/\/hummy.ee\/fi\/wp-json\/wp\/v2\/product\/52196\/revisions"}],"predecessor-version":[{"id":87128,"href":"https:\/\/hummy.ee\/fi\/wp-json\/wp\/v2\/product\/52196\/revisions\/87128"}],"wp:featuredmedia":[{"embeddable":true,"href":"https:\/\/hummy.ee\/fi\/wp-json\/wp\/v2\/media\/41136"}],"wp:attachment":[{"href":"https:\/\/hummy.ee\/fi\/wp-json\/wp\/v2\/media?parent=52196"}],"wp:term":[{"taxonomy":"product_brand","embeddable":true,"href":"https:\/\/hummy.ee\/fi\/wp-json\/wp\/v2\/product_brand?post=52196"},{"taxonomy":"product_cat","embeddable":true,"href":"https:\/\/hummy.ee\/fi\/wp-json\/wp\/v2\/product_cat?post=52196"},{"taxonomy":"product_tag","embeddable":true,"href":"https:\/\/hummy.ee\/fi\/wp-json\/wp\/v2\/product_tag?post=52196"}],"curies":[{"name":"wp","href":"https:\/\/api.w.org\/{rel}","templated":true}]}}