{"id":52176,"date":"2024-04-07T18:54:11","date_gmt":"2024-04-07T18:54:11","guid":{"rendered":"https:\/\/hummy.ee\/product\/abc-design-sadekalvo\/"},"modified":"2026-04-18T12:34:33","modified_gmt":"2026-04-18T12:34:33","slug":"abc-design-sadesuoja","status":"publish","type":"product","link":"https:\/\/hummy.ee\/fi\/tuote\/abc-design-sadesuoja\/","title":{"rendered":"ABC Design sadesuoja"},"content":{"rendered":"<h6 data-start=\"60\" data-end=\"374\">ABC Design -sadesuoja on valmistettu korkealaatuisista ja turvallisista materiaaleista ilman haitallisia pehmitinaineita. Sopivan mallin valinta on helppoa! Sadesuojat ovat saatavilla eri kokoisina ja ne sopivat kaikkiin ABC Design -lastenvaunuihin, rattaisiin sek\u00e4 Tulip-turvakaukaloon.<\/h6>\n<p>&nbsp;<\/p>\n<h6 data-start=\"556\" data-end=\"601\"><\/h6>\n<ul>\n<li data-start=\"603\" data-end=\"967\">\n<h6>Turvalliset materiaalit \u2013 ei haitallisia pehmitinaineita<\/h6>\n<\/li>\n<li data-start=\"603\" data-end=\"967\">\n<h6>T\u00e4ydellinen suoja \u2013 suojaa vauvaa sateelta ja tuulelta<\/h6>\n<\/li>\n<li data-start=\"603\" data-end=\"967\">\n<h6>T\u00e4ydellisesti istuva muotoilu \u2013 suunniteltu erityisesti ABC Design -malleihin<\/h6>\n<\/li>\n<li data-start=\"603\" data-end=\"967\">\n<h6>Helppo asennus \u2013 sadesuoja kiinnittyy nopeasti ja vaivattomasti<\/h6>\n<\/li>\n<li data-start=\"603\" data-end=\"967\">\n<h6>Vahva ja kest\u00e4v\u00e4 \u2013 laadukas ja pitk\u00e4ik\u00e4inen, kest\u00e4\u00e4 jokap\u00e4iv\u00e4ist\u00e4 k\u00e4ytt\u00f6\u00e4<\/h6>\n<\/li>\n<\/ul>\n<h6 data-start=\"603\" data-end=\"967\"><\/h6>\n<h6 data-start=\"603\" data-end=\"967\"><strong><em>Yhteensopiva <a href=\"https:\/\/hummy.ee\/fi\/abc-design-kuvaus\/\" target=\"_blank\" rel=\"noopener\">ABC Design<\/a> -mallien kanssa<\/em><\/strong><\/h6>\n<ul data-start=\"1054\" data-end=\"1126\">\n<li data-start=\"1054\" data-end=\"1072\">\n<h6>Avus, Avus Air<\/h6>\n<\/li>\n<li data-start=\"1073\" data-end=\"1082\">\n<h6>Avito<\/h6>\n<\/li>\n<li data-start=\"1083\" data-end=\"1106\">\n<h6>Ping, Ping Trekking<\/h6>\n<\/li>\n<li data-start=\"1107\" data-end=\"1116\">\n<h6>Limbo<\/h6>\n<\/li>\n<li data-start=\"1117\" data-end=\"1126\">\n<h6>Okini<\/h6>\n<\/li>\n<\/ul>\n<h6><em>Katso <a href=\"https:\/\/www.youtube.com\/watch?v=-xTilpc0xfs\">esittelyvideo<\/a>, josta saat lis\u00e4tietoja.<\/em><\/h6>\n","protected":false},"excerpt":{"rendered":"<h6 data-start=\"0\" data-end=\"58\">ABC Design -sadesuoja \u2013 paras suoja kaikissa s\u00e4\u00e4olosuhteissa. Haluatko ulkoilla vauvan kanssa my\u00f6s sateella? ABC Design -sadesuoja suojaa luotettavasti sateelta ja tuulelta, pit\u00e4en lapsesi kuivana ja turvassa.<\/h6>\n","protected":false},"featured_media":36188,"comment_status":"closed","ping_status":"closed","template":"","meta":{"_acf_changed":false,"om_disable_all_campaigns":false,"_monsterinsights_skip_tracking":false,"_monsterinsights_sitenote_active":false,"_monsterinsights_sitenote_note":"","_monsterinsights_sitenote_category":0,"_uf_show_specific_survey":0,"_uf_disable_surveys":false,"site-sidebar-layout":"default","site-content-layout":"","ast-site-content-layout":"default","site-content-style":"default","site-sidebar-style":"default","ast-global-header-display":"","ast-banner-title-visibility":"","ast-main-header-display":"","ast-hfb-above-header-display":"","ast-hfb-below-header-display":"","ast-hfb-mobile-header-display":"","site-post-title":"","ast-breadcrumbs-content":"","ast-featured-img":"","footer-sml-layout":"","theme-transparent-header-meta":"default","adv-header-id-meta":"","stick-header-meta":"","header-above-stick-meta":"","header-main-stick-meta":"","header-below-stick-meta":"","astra-migrate-meta-layouts":"set","ast-page-background-enabled":"default","ast-page-background-meta":{"desktop":{"background-color":"var(--ast-global-color-4)","background-image":"","background-repeat":"repeat","background-position":"center center","background-size":"auto","background-attachment":"scroll","background-type":"","background-media":"","overlay-type":"","overlay-color":"","overlay-opacity":"","overlay-gradient":""},"tablet":{"background-color":"","background-image":"","background-repeat":"repeat","background-position":"center center","background-size":"auto","background-attachment":"scroll","background-type":"","background-media":"","overlay-type":"","overlay-color":"","overlay-opacity":"","overlay-gradient":""},"mobile":{"background-color":"","background-image":"","background-repeat":"repeat","background-position":"center center","background-size":"auto","background-attachment":"scroll","background-type":"","background-media":"","overlay-type":"","overlay-color":"","overlay-opacity":"","overlay-gradient":""}},"ast-content-background-meta":{"desktop":{"background-color":"var(--ast-global-color-5)","background-image":"","background-repeat":"repeat","background-position":"center center","background-size":"auto","background-attachment":"scroll","background-type":"","background-media":"","overlay-type":"","overlay-color":"","overlay-opacity":"","overlay-gradient":""},"tablet":{"background-color":"var(--ast-global-color-5)","background-image":"","background-repeat":"repeat","background-position":"center center","background-size":"auto","background-attachment":"scroll","background-type":"","background-media":"","overlay-type":"","overlay-color":"","overlay-opacity":"","overlay-gradient":""},"mobile":{"background-color":"var(--ast-global-color-5)","background-image":"","background-repeat":"repeat","background-position":"center center","background-size":"auto","background-attachment":"scroll","background-type":"","background-media":"","overlay-type":"","overlay-color":"","overlay-opacity":"","overlay-gradient":""}}},"product_brand":[],"product_cat":[527,323,376],"product_tag":[],"class_list":{"0":"post-52176","1":"product","2":"type-product","3":"status-publish","4":"has-post-thumbnail","6":"product_cat-abc-design-fi","7":"product_cat-trimmaustarvikkeet","8":"product_cat-vankilan-kannet","9":"desktop-align-left","10":"tablet-align-left","11":"mobile-align-left","13":"first","14":"instock","15":"taxable","16":"shipping-taxable","17":"purchasable","18":"product-type-simple"},"acf":[],"aioseo_notices":[],"_links":{"self":[{"href":"https:\/\/hummy.ee\/fi\/wp-json\/wp\/v2\/product\/52176","targetHints":{"allow":["GET"]}}],"collection":[{"href":"https:\/\/hummy.ee\/fi\/wp-json\/wp\/v2\/product"}],"about":[{"href":"https:\/\/hummy.ee\/fi\/wp-json\/wp\/v2\/types\/product"}],"replies":[{"embeddable":true,"href":"https:\/\/hummy.ee\/fi\/wp-json\/wp\/v2\/comments?post=52176"}],"version-history":[{"count":5,"href":"https:\/\/hummy.ee\/fi\/wp-json\/wp\/v2\/product\/52176\/revisions"}],"predecessor-version":[{"id":65700,"href":"https:\/\/hummy.ee\/fi\/wp-json\/wp\/v2\/product\/52176\/revisions\/65700"}],"wp:featuredmedia":[{"embeddable":true,"href":"https:\/\/hummy.ee\/fi\/wp-json\/wp\/v2\/media\/36188"}],"wp:attachment":[{"href":"https:\/\/hummy.ee\/fi\/wp-json\/wp\/v2\/media?parent=52176"}],"wp:term":[{"taxonomy":"product_brand","embeddable":true,"href":"https:\/\/hummy.ee\/fi\/wp-json\/wp\/v2\/product_brand?post=52176"},{"taxonomy":"product_cat","embeddable":true,"href":"https:\/\/hummy.ee\/fi\/wp-json\/wp\/v2\/product_cat?post=52176"},{"taxonomy":"product_tag","embeddable":true,"href":"https:\/\/hummy.ee\/fi\/wp-json\/wp\/v2\/product_tag?post=52176"}],"curies":[{"name":"wp","href":"https:\/\/api.w.org\/{rel}","templated":true}]}}