{"id":52169,"date":"2024-04-07T18:40:50","date_gmt":"2024-04-07T18:40:50","guid":{"rendered":"https:\/\/hummy.ee\/product\/abc-design-universaali-sadekalvo\/"},"modified":"2026-04-18T12:39:28","modified_gmt":"2026-04-18T12:39:28","slug":"abc-design-universaali-sadesuoja","status":"publish","type":"product","link":"https:\/\/hummy.ee\/fi\/tuote\/abc-design-universaali-sadesuoja\/","title":{"rendered":"ABC Design universaali sadesuoja"},"content":{"rendered":"<h6><strong><em>Miksi valita ABC Design -sadesuoja?<\/em><\/strong><\/h6>\n<ul>\n<li data-start=\"373\" data-end=\"620\">\n<h6>Turvallinen ja ymp\u00e4rist\u00f6yst\u00e4v\u00e4llinen \u2013 ei sis\u00e4ll\u00e4 haitallisia aineita<\/h6>\n<\/li>\n<li data-start=\"373\" data-end=\"620\">\n<h6>T\u00e4ydellisesti istuva \u2013 saatavilla eri kokoisina kaikkiin ABC Design -vaunuihin ja rattaisiin<\/h6>\n<\/li>\n<li data-start=\"373\" data-end=\"620\">\n<h6>Helppo asentaa \u2013 nopea ja vaivaton k\u00e4ytt\u00f6<\/h6>\n<\/li>\n<\/ul>\n<h6><strong><em>Yhteensopivuus <a href=\"https:\/\/hummy.ee\/fi\/abc-design-kuvaus\/\" target=\"_blank\" rel=\"noopener\">ABC Design<\/a> mallien kanssa:<\/em><\/strong><\/h6>\n<ul>\n<li data-start=\"665\" data-end=\"749\">\n<h6>Samba<\/h6>\n<\/li>\n<li data-start=\"665\" data-end=\"749\">\n<h6>Salsa<\/h6>\n<\/li>\n<li data-start=\"665\" data-end=\"749\">\n<h6>Swing<\/h6>\n<\/li>\n<li data-start=\"665\" data-end=\"749\">\n<h6>Condor<\/h6>\n<\/li>\n<li data-start=\"665\" data-end=\"749\">\n<h6>Turbo<\/h6>\n<\/li>\n<li data-start=\"665\" data-end=\"749\">\n<h6>Viper<\/h6>\n<\/li>\n<\/ul>\n<h6><em>Katso <a href=\"https:\/\/www.youtube.com\/watch?v=MYFgpN0PKA8\">esittelyvideo<\/a>, josta saat lis\u00e4tietoja.<\/em><\/h6>\n","protected":false},"excerpt":{"rendered":"<h6 data-start=\"0\" data-end=\"65\">ABC Design -sadesuoja \u2013 paras suoja vauvalle kaikissa s\u00e4\u00e4olosuhteissa. Haluatko k\u00e4vell\u00e4 vauvan kanssa my\u00f6s sateella? ABC Design -sadesuojat suojaavat luotettavasti tuulelta ja sateelta ja takaavat samalla hyv\u00e4n ilmanvaihdon. Ne eiv\u00e4t sis\u00e4ll\u00e4 kemiallisia pehmitinaineita, joten ne ovat turvallisia lapselle ja ymp\u00e4rist\u00f6lle.<\/h6>\n","protected":false},"featured_media":36224,"comment_status":"closed","ping_status":"closed","template":"","meta":{"_acf_changed":false,"om_disable_all_campaigns":false,"_monsterinsights_skip_tracking":false,"_monsterinsights_sitenote_active":false,"_monsterinsights_sitenote_note":"","_monsterinsights_sitenote_category":0,"_uf_show_specific_survey":0,"_uf_disable_surveys":false,"site-sidebar-layout":"default","site-content-layout":"","ast-site-content-layout":"default","site-content-style":"default","site-sidebar-style":"default","ast-global-header-display":"","ast-banner-title-visibility":"","ast-main-header-display":"","ast-hfb-above-header-display":"","ast-hfb-below-header-display":"","ast-hfb-mobile-header-display":"","site-post-title":"","ast-breadcrumbs-content":"","ast-featured-img":"","footer-sml-layout":"","theme-transparent-header-meta":"default","adv-header-id-meta":"","stick-header-meta":"","header-above-stick-meta":"","header-main-stick-meta":"","header-below-stick-meta":"","astra-migrate-meta-layouts":"set","ast-page-background-enabled":"default","ast-page-background-meta":{"desktop":{"background-color":"var(--ast-global-color-4)","background-image":"","background-repeat":"repeat","background-position":"center center","background-size":"auto","background-attachment":"scroll","background-type":"","background-media":"","overlay-type":"","overlay-color":"","overlay-opacity":"","overlay-gradient":""},"tablet":{"background-color":"","background-image":"","background-repeat":"repeat","background-position":"center center","background-size":"auto","background-attachment":"scroll","background-type":"","background-media":"","overlay-type":"","overlay-color":"","overlay-opacity":"","overlay-gradient":""},"mobile":{"background-color":"","background-image":"","background-repeat":"repeat","background-position":"center center","background-size":"auto","background-attachment":"scroll","background-type":"","background-media":"","overlay-type":"","overlay-color":"","overlay-opacity":"","overlay-gradient":""}},"ast-content-background-meta":{"desktop":{"background-color":"var(--ast-global-color-5)","background-image":"","background-repeat":"repeat","background-position":"center center","background-size":"auto","background-attachment":"scroll","background-type":"","background-media":"","overlay-type":"","overlay-color":"","overlay-opacity":"","overlay-gradient":""},"tablet":{"background-color":"var(--ast-global-color-5)","background-image":"","background-repeat":"repeat","background-position":"center center","background-size":"auto","background-attachment":"scroll","background-type":"","background-media":"","overlay-type":"","overlay-color":"","overlay-opacity":"","overlay-gradient":""},"mobile":{"background-color":"var(--ast-global-color-5)","background-image":"","background-repeat":"repeat","background-position":"center center","background-size":"auto","background-attachment":"scroll","background-type":"","background-media":"","overlay-type":"","overlay-color":"","overlay-opacity":"","overlay-gradient":""}}},"product_brand":[],"product_cat":[527,323,376],"product_tag":[329,327],"class_list":{"0":"post-52169","1":"product","2":"type-product","3":"status-publish","4":"has-post-thumbnail","6":"product_cat-abc-design-fi","7":"product_cat-trimmaustarvikkeet","8":"product_cat-vankilan-kannet","9":"product_tag-erilliset-tuotteet","10":"product_tag-raataloity-verkkosivusto","11":"desktop-align-left","12":"tablet-align-left","13":"mobile-align-left","15":"first","16":"instock","17":"taxable","18":"shipping-taxable","19":"purchasable","20":"product-type-simple"},"acf":[],"aioseo_notices":[],"_links":{"self":[{"href":"https:\/\/hummy.ee\/fi\/wp-json\/wp\/v2\/product\/52169","targetHints":{"allow":["GET"]}}],"collection":[{"href":"https:\/\/hummy.ee\/fi\/wp-json\/wp\/v2\/product"}],"about":[{"href":"https:\/\/hummy.ee\/fi\/wp-json\/wp\/v2\/types\/product"}],"replies":[{"embeddable":true,"href":"https:\/\/hummy.ee\/fi\/wp-json\/wp\/v2\/comments?post=52169"}],"version-history":[{"count":4,"href":"https:\/\/hummy.ee\/fi\/wp-json\/wp\/v2\/product\/52169\/revisions"}],"predecessor-version":[{"id":87070,"href":"https:\/\/hummy.ee\/fi\/wp-json\/wp\/v2\/product\/52169\/revisions\/87070"}],"wp:featuredmedia":[{"embeddable":true,"href":"https:\/\/hummy.ee\/fi\/wp-json\/wp\/v2\/media\/36224"}],"wp:attachment":[{"href":"https:\/\/hummy.ee\/fi\/wp-json\/wp\/v2\/media?parent=52169"}],"wp:term":[{"taxonomy":"product_brand","embeddable":true,"href":"https:\/\/hummy.ee\/fi\/wp-json\/wp\/v2\/product_brand?post=52169"},{"taxonomy":"product_cat","embeddable":true,"href":"https:\/\/hummy.ee\/fi\/wp-json\/wp\/v2\/product_cat?post=52169"},{"taxonomy":"product_tag","embeddable":true,"href":"https:\/\/hummy.ee\/fi\/wp-json\/wp\/v2\/product_tag?post=52169"}],"curies":[{"name":"wp","href":"https:\/\/api.w.org\/{rel}","templated":true}]}}