{"id":52164,"date":"2024-04-07T18:40:24","date_gmt":"2024-04-07T18:40:24","guid":{"rendered":"https:\/\/hummy.ee\/product\/abc-design-yleinen-hyonteisverkko\/"},"modified":"2026-04-18T12:55:36","modified_gmt":"2026-04-18T12:55:36","slug":"abc-design-hyttysverkko","status":"publish","type":"product","link":"https:\/\/hummy.ee\/fi\/tuote\/abc-design-hyttysverkko\/","title":{"rendered":"ABC Design universaali hyttysverkko"},"content":{"rendered":"<h6><strong><em>Miksi valita ABC Design -hyttysverkko?<\/em><\/strong><\/h6>\n<ul>\n<li data-start=\"464\" data-end=\"1010\">\n<h6>Tehokas suoja \u2013 pit\u00e4\u00e4 hyttyset, k\u00e4rp\u00e4set ja muut hy\u00f6nteiset loitolla ja mahdollistaa samalla vapaan ilmanvaihdon.<\/h6>\n<\/li>\n<li data-start=\"464\" data-end=\"1010\">\n<h6>Turvallinen ja ymp\u00e4rist\u00f6yst\u00e4v\u00e4llinen \u2013 hengitt\u00e4v\u00e4 vauvayst\u00e4v\u00e4llinen materiaali ilman kemikaaleja ja haitallisia aineita.<\/h6>\n<\/li>\n<li data-start=\"464\" data-end=\"1010\">\n<h6>T\u00e4ydellinen istuvuus \u2013 suunniteltu ABC Design -lastenvaunuihin, juoksurattaisiin ja rattaisiin, mik\u00e4 takaa varman kiinnityksen ja helpon asennuksen.<\/h6>\n<\/li>\n<li data-start=\"464\" data-end=\"1010\">\n<h6>Kompakti ja k\u00e4tev\u00e4 \u2013 kevyt ja helposti kokoon taitettava, aina mukana kuljetettava ja nopeasti k\u00e4ytett\u00e4v\u00e4.<\/h6>\n<\/li>\n<\/ul>\n<h6><strong><em>Sopivuus ja asennus<\/em><\/strong><\/h6>\n<h6>ABC Design -hyttysverkko on suunniteltu kaikkiin <a href=\"https:\/\/hummy.ee\/fi\/abc-design-kuvaus\/\" target=\"_blank\" rel=\"noopener\">ABC Design<\/a> -vaunukokonaisuuksiin, juoksurattaisiin ja rattaisiin. Joustava reuna takaa t\u00e4ydellisen istuvuuden ja varman kiinnityksen, pit\u00e4en verkon paikallaan my\u00f6s tuulisella s\u00e4\u00e4ll\u00e4.<\/h6>\n<h6><\/h6>\n<h6>Nauti kes\u00e4k\u00e4velyist\u00e4 ilman huolta hy\u00f6nteisist\u00e4 \u2013 ABC Design -hyttysverkko tuo vauvallesi mukavuutta ja rauhaa kaikissa tilanteissa!<\/h6>\n<p>&nbsp;<\/p>\n<h6><em>Katso <a href=\"https:\/\/www.youtube.com\/watch?v=_9q8CLXVAJ8\">esittelyvideo<\/a>, josta saat lis\u00e4tietoja.<\/em><\/h6>\n","protected":false},"excerpt":{"rendered":"<h6 data-start=\"0\" data-end=\"73\">ABC Design -universaali hyttysverkko \u2013 luotettava suoja vauvalle joka kes\u00e4. Kes\u00e4ll\u00e4 mik\u00e4\u00e4n ei ole ihanampaa kuin ulkoilu vauvan kanssa raikkaassa ilmassa. Valitettavasti emme ole ulkona yksin \u2013 l\u00e4mpimin\u00e4 p\u00e4ivin\u00e4 my\u00f6s \u00e4rsytt\u00e4v\u00e4t hy\u00f6nteiset, kuten hyttyset, k\u00e4rp\u00e4set ja ampiaiset, aktivoituvat. ABC Design -hyttysverkko tarjoaa luotettavan suojan, pit\u00e4en kaikki ei-toivotut vieraat poissa vauvasta ja varmistaen rauhallisen k\u00e4velyretken.<\/h6>\n","protected":false},"featured_media":36296,"comment_status":"closed","ping_status":"closed","template":"","meta":{"_acf_changed":false,"om_disable_all_campaigns":false,"_monsterinsights_skip_tracking":false,"_monsterinsights_sitenote_active":false,"_monsterinsights_sitenote_note":"","_monsterinsights_sitenote_category":0,"_uf_show_specific_survey":0,"_uf_disable_surveys":false,"site-sidebar-layout":"default","site-content-layout":"","ast-site-content-layout":"default","site-content-style":"default","site-sidebar-style":"default","ast-global-header-display":"","ast-banner-title-visibility":"","ast-main-header-display":"","ast-hfb-above-header-display":"","ast-hfb-below-header-display":"","ast-hfb-mobile-header-display":"","site-post-title":"","ast-breadcrumbs-content":"","ast-featured-img":"","footer-sml-layout":"","theme-transparent-header-meta":"default","adv-header-id-meta":"","stick-header-meta":"","header-above-stick-meta":"","header-main-stick-meta":"","header-below-stick-meta":"","astra-migrate-meta-layouts":"set","ast-page-background-enabled":"default","ast-page-background-meta":{"desktop":{"background-color":"var(--ast-global-color-4)","background-image":"","background-repeat":"repeat","background-position":"center center","background-size":"auto","background-attachment":"scroll","background-type":"","background-media":"","overlay-type":"","overlay-color":"","overlay-opacity":"","overlay-gradient":""},"tablet":{"background-color":"","background-image":"","background-repeat":"repeat","background-position":"center center","background-size":"auto","background-attachment":"scroll","background-type":"","background-media":"","overlay-type":"","overlay-color":"","overlay-opacity":"","overlay-gradient":""},"mobile":{"background-color":"","background-image":"","background-repeat":"repeat","background-position":"center center","background-size":"auto","background-attachment":"scroll","background-type":"","background-media":"","overlay-type":"","overlay-color":"","overlay-opacity":"","overlay-gradient":""}},"ast-content-background-meta":{"desktop":{"background-color":"var(--ast-global-color-5)","background-image":"","background-repeat":"repeat","background-position":"center center","background-size":"auto","background-attachment":"scroll","background-type":"","background-media":"","overlay-type":"","overlay-color":"","overlay-opacity":"","overlay-gradient":""},"tablet":{"background-color":"var(--ast-global-color-5)","background-image":"","background-repeat":"repeat","background-position":"center center","background-size":"auto","background-attachment":"scroll","background-type":"","background-media":"","overlay-type":"","overlay-color":"","overlay-opacity":"","overlay-gradient":""},"mobile":{"background-color":"var(--ast-global-color-5)","background-image":"","background-repeat":"repeat","background-position":"center center","background-size":"auto","background-attachment":"scroll","background-type":"","background-media":"","overlay-type":"","overlay-color":"","overlay-opacity":"","overlay-gradient":""}}},"product_brand":[],"product_cat":[527,323,376],"product_tag":[329,327],"class_list":{"0":"post-52164","1":"product","2":"type-product","3":"status-publish","4":"has-post-thumbnail","6":"product_cat-abc-design-fi","7":"product_cat-trimmaustarvikkeet","8":"product_cat-vankilan-kannet","9":"product_tag-erilliset-tuotteet","10":"product_tag-raataloity-verkkosivusto","11":"desktop-align-left","12":"tablet-align-left","13":"mobile-align-left","15":"first","16":"instock","17":"taxable","18":"shipping-taxable","19":"purchasable","20":"product-type-simple"},"acf":[],"aioseo_notices":[],"_links":{"self":[{"href":"https:\/\/hummy.ee\/fi\/wp-json\/wp\/v2\/product\/52164","targetHints":{"allow":["GET"]}}],"collection":[{"href":"https:\/\/hummy.ee\/fi\/wp-json\/wp\/v2\/product"}],"about":[{"href":"https:\/\/hummy.ee\/fi\/wp-json\/wp\/v2\/types\/product"}],"replies":[{"embeddable":true,"href":"https:\/\/hummy.ee\/fi\/wp-json\/wp\/v2\/comments?post=52164"}],"version-history":[{"count":3,"href":"https:\/\/hummy.ee\/fi\/wp-json\/wp\/v2\/product\/52164\/revisions"}],"predecessor-version":[{"id":87076,"href":"https:\/\/hummy.ee\/fi\/wp-json\/wp\/v2\/product\/52164\/revisions\/87076"}],"wp:featuredmedia":[{"embeddable":true,"href":"https:\/\/hummy.ee\/fi\/wp-json\/wp\/v2\/media\/36296"}],"wp:attachment":[{"href":"https:\/\/hummy.ee\/fi\/wp-json\/wp\/v2\/media?parent=52164"}],"wp:term":[{"taxonomy":"product_brand","embeddable":true,"href":"https:\/\/hummy.ee\/fi\/wp-json\/wp\/v2\/product_brand?post=52164"},{"taxonomy":"product_cat","embeddable":true,"href":"https:\/\/hummy.ee\/fi\/wp-json\/wp\/v2\/product_cat?post=52164"},{"taxonomy":"product_tag","embeddable":true,"href":"https:\/\/hummy.ee\/fi\/wp-json\/wp\/v2\/product_tag?post=52164"}],"curies":[{"name":"wp","href":"https:\/\/api.w.org\/{rel}","templated":true}]}}