{"id":52151,"date":"2024-04-07T18:39:53","date_gmt":"2024-04-07T18:39:53","guid":{"rendered":"https:\/\/hummy.ee\/product\/abc-design-lamppu\/"},"modified":"2026-04-19T16:30:44","modified_gmt":"2026-04-19T16:30:44","slug":"abc-design-valaisin","status":"publish","type":"product","link":"https:\/\/hummy.ee\/fi\/tuote\/abc-design-valaisin\/","title":{"rendered":"ABC Design valaisin"},"content":{"rendered":"<h6><strong><em>Miksi valita ABC Design -valaisin?<\/em><\/strong><\/h6>\n<ul>\n<li data-start=\"535\" data-end=\"1165\">\n<h6>Parempi n\u00e4kyvyys ja suurempi turvallisuus \u2013 tekee lastenvaunusta paremmin havaittavan sek\u00e4 autoilijoille ett\u00e4 muille jalankulkijoille.<\/h6>\n<\/li>\n<li data-start=\"535\" data-end=\"1165\">\n<h6>Tunnelmavalaistus \u2013 valitse seitsem\u00e4n eri perusv\u00e4rin v\u00e4lill\u00e4 ja luo k\u00e4velyretkelle viihtyis\u00e4 tunnelma.<\/h6>\n<\/li>\n<li data-start=\"535\" data-end=\"1165\">\n<h6>Helppo ohjaus \u2013 lampun asetuksia voidaan s\u00e4\u00e4t\u00e4\u00e4 k\u00e4tev\u00e4sti joko manuaalisesti tai ABC Design -sovelluksen kautta.<\/h6>\n<\/li>\n<li data-start=\"535\" data-end=\"1165\">\n<h6>Yleisk\u00e4ytt\u00f6inen ja joustava \u2013 k\u00e4yt\u00e4nn\u00f6llisen kiinnitysj\u00e4rjestelm\u00e4n ansiosta lamppu on nopeasti ja helposti kiinnitett\u00e4viss\u00e4 kaikkiin <a href=\"https:\/\/hummy.ee\/fi\/abc-design-kuvaus\/\" target=\"_blank\" rel=\"noopener\">ABC Design<\/a> -lastenvaunuihin.<\/h6>\n<\/li>\n<li data-start=\"535\" data-end=\"1165\">\n<h6>Tehokas ja kest\u00e4v\u00e4 \u2013 energiatehokas muotoilu takaa pitk\u00e4n k\u00e4ytt\u00f6ajan, ja lataaminen on nopeaa ja k\u00e4tev\u00e4\u00e4.<\/h6>\n<\/li>\n<\/ul>\n<h6><\/h6>\n<h6><strong><em>T\u00e4ydellinen kumppani jokap\u00e4iv\u00e4isille k\u00e4velyille<\/em><\/strong><\/h6>\n<h6>ABC Design -valaisin ei ole vain k\u00e4yt\u00e4nn\u00f6llinen turvallisuusratkaisu, vaan my\u00f6s tyylik\u00e4s lis\u00e4varuste, joka tuo k\u00e4velyretkiin erityist\u00e4 tunnelmaa. Kest\u00e4v\u00e4n ja vedenpit\u00e4v\u00e4n muotoilunsa ansiosta se soveltuu k\u00e4ytett\u00e4v\u00e4ksi kaikissa s\u00e4\u00e4olosuhteissa, olipa kyseess\u00e4 sade, lumi tai sumu.<\/h6>\n<p>&nbsp;<\/p>\n<h6>Jos haluat nauttia turvallisista ja miellytt\u00e4vist\u00e4 k\u00e4velyist\u00e4 my\u00f6s h\u00e4m\u00e4r\u00e4ss\u00e4 tai pime\u00e4ss\u00e4, ABC Design -valaisin on t\u00e4ydellinen valinta!<\/h6>\n<p>&nbsp;<\/p>\n<h6><em>Katso <a href=\"https:\/\/www.youtube.com\/watch?v=OO2iZQtr1es\">esittelyvideo<\/a>, josta saat lis\u00e4tietoja.<\/em><\/h6>\n","protected":false},"excerpt":{"rendered":"<h6 data-start=\"0\" data-end=\"82\">ABC Design -valaisin \u2013 turvallisuus ja tunnelmavalaistus iltak\u00e4velyille. Iltak\u00e4velyt vauvan kanssa voivat olla todella miellytt\u00e4vi\u00e4, mutta pime\u00e4ss\u00e4 liikkuessa on t\u00e4rke\u00e4\u00e4 varmistaa hyv\u00e4 n\u00e4kyvyys ja turvallisuus. ABC Design -valaisin on \u00e4lyk\u00e4s ja k\u00e4yt\u00e4nn\u00f6llinen lis\u00e4varuste, joka parantaa n\u00e4kyvyytt\u00e4 ja tekee lastenvaunuista helpommin havaittavat my\u00f6s heikossa valaistuksessa. Se antaa sinulle ja lapsellesi lis\u00e4suojaa liikenteess\u00e4 ja auttaa v\u00e4ltt\u00e4m\u00e4\u00e4n yll\u00e4tt\u00e4vi\u00e4 tilanteita.<\/h6>\n","protected":false},"featured_media":22136,"comment_status":"closed","ping_status":"closed","template":"","meta":{"_acf_changed":false,"om_disable_all_campaigns":false,"_monsterinsights_skip_tracking":false,"_monsterinsights_sitenote_active":false,"_monsterinsights_sitenote_note":"","_monsterinsights_sitenote_category":0,"_uf_show_specific_survey":0,"_uf_disable_surveys":false,"site-sidebar-layout":"default","site-content-layout":"","ast-site-content-layout":"default","site-content-style":"default","site-sidebar-style":"default","ast-global-header-display":"","ast-banner-title-visibility":"","ast-main-header-display":"","ast-hfb-above-header-display":"","ast-hfb-below-header-display":"","ast-hfb-mobile-header-display":"","site-post-title":"","ast-breadcrumbs-content":"","ast-featured-img":"","footer-sml-layout":"","theme-transparent-header-meta":"default","adv-header-id-meta":"","stick-header-meta":"","header-above-stick-meta":"","header-main-stick-meta":"","header-below-stick-meta":"","astra-migrate-meta-layouts":"set","ast-page-background-enabled":"default","ast-page-background-meta":{"desktop":{"background-color":"var(--ast-global-color-4)","background-image":"","background-repeat":"repeat","background-position":"center center","background-size":"auto","background-attachment":"scroll","background-type":"","background-media":"","overlay-type":"","overlay-color":"","overlay-opacity":"","overlay-gradient":""},"tablet":{"background-color":"","background-image":"","background-repeat":"repeat","background-position":"center center","background-size":"auto","background-attachment":"scroll","background-type":"","background-media":"","overlay-type":"","overlay-color":"","overlay-opacity":"","overlay-gradient":""},"mobile":{"background-color":"","background-image":"","background-repeat":"repeat","background-position":"center center","background-size":"auto","background-attachment":"scroll","background-type":"","background-media":"","overlay-type":"","overlay-color":"","overlay-opacity":"","overlay-gradient":""}},"ast-content-background-meta":{"desktop":{"background-color":"var(--ast-global-color-5)","background-image":"","background-repeat":"repeat","background-position":"center center","background-size":"auto","background-attachment":"scroll","background-type":"","background-media":"","overlay-type":"","overlay-color":"","overlay-opacity":"","overlay-gradient":""},"tablet":{"background-color":"var(--ast-global-color-5)","background-image":"","background-repeat":"repeat","background-position":"center center","background-size":"auto","background-attachment":"scroll","background-type":"","background-media":"","overlay-type":"","overlay-color":"","overlay-opacity":"","overlay-gradient":""},"mobile":{"background-color":"var(--ast-global-color-5)","background-image":"","background-repeat":"repeat","background-position":"center center","background-size":"auto","background-attachment":"scroll","background-type":"","background-media":"","overlay-type":"","overlay-color":"","overlay-opacity":"","overlay-gradient":""}}},"product_brand":[],"product_cat":[527,721,323],"product_tag":[329,327],"class_list":{"0":"post-52151","1":"product","2":"type-product","3":"status-publish","4":"has-post-thumbnail","6":"product_cat-abc-design-fi","7":"product_cat-lisaa","8":"product_cat-trimmaustarvikkeet","9":"product_tag-erilliset-tuotteet","10":"product_tag-raataloity-verkkosivusto","11":"desktop-align-left","12":"tablet-align-left","13":"mobile-align-left","15":"first","16":"instock","17":"taxable","18":"shipping-taxable","19":"purchasable","20":"product-type-simple"},"acf":[],"aioseo_notices":[],"_links":{"self":[{"href":"https:\/\/hummy.ee\/fi\/wp-json\/wp\/v2\/product\/52151","targetHints":{"allow":["GET"]}}],"collection":[{"href":"https:\/\/hummy.ee\/fi\/wp-json\/wp\/v2\/product"}],"about":[{"href":"https:\/\/hummy.ee\/fi\/wp-json\/wp\/v2\/types\/product"}],"replies":[{"embeddable":true,"href":"https:\/\/hummy.ee\/fi\/wp-json\/wp\/v2\/comments?post=52151"}],"version-history":[{"count":3,"href":"https:\/\/hummy.ee\/fi\/wp-json\/wp\/v2\/product\/52151\/revisions"}],"predecessor-version":[{"id":87197,"href":"https:\/\/hummy.ee\/fi\/wp-json\/wp\/v2\/product\/52151\/revisions\/87197"}],"wp:featuredmedia":[{"embeddable":true,"href":"https:\/\/hummy.ee\/fi\/wp-json\/wp\/v2\/media\/22136"}],"wp:attachment":[{"href":"https:\/\/hummy.ee\/fi\/wp-json\/wp\/v2\/media?parent=52151"}],"wp:term":[{"taxonomy":"product_brand","embeddable":true,"href":"https:\/\/hummy.ee\/fi\/wp-json\/wp\/v2\/product_brand?post=52151"},{"taxonomy":"product_cat","embeddable":true,"href":"https:\/\/hummy.ee\/fi\/wp-json\/wp\/v2\/product_cat?post=52151"},{"taxonomy":"product_tag","embeddable":true,"href":"https:\/\/hummy.ee\/fi\/wp-json\/wp\/v2\/product_tag?post=52151"}],"curies":[{"name":"wp","href":"https:\/\/api.w.org\/{rel}","templated":true}]}}