{"id":52148,"date":"2024-04-07T18:40:09","date_gmt":"2024-04-07T18:40:09","guid":{"rendered":"https:\/\/hummy.ee\/product\/universaali-vaippapussin-kiinnitys\/"},"modified":"2024-04-07T18:40:09","modified_gmt":"2024-04-07T18:40:09","slug":"universaali-vaippapussin-kiinnitys","status":"publish","type":"product","link":"https:\/\/hummy.ee\/fi\/tuote\/universaali-vaippapussin-kiinnitys\/","title":{"rendered":"Universaali vaippapussin kiinnitys"},"content":{"rendered":"<h6><strong><em>Miksi valita universaali vaippapussin kiinnitin?<\/em><\/strong><\/h6>\n<ul>\n<li data-start=\"575\" data-end=\"1196\">\n<h6>Yhteensopiva useimpien vaunujen ja laukkujen kanssa - \u00e4lykk\u00e4\u00e4n muotoilun ansiosta hihnat voidaan kiinnitt\u00e4\u00e4 l\u00e4hes kaikkiin tavallisiin vaunumalleihin ja vaippapusseihin.<\/h6>\n<\/li>\n<li data-start=\"575\" data-end=\"1196\">\n<h6>Vahva ja varma ote - takilointi ja tukevat koukut pit\u00e4v\u00e4t pussin tukevasti paikallaan ja est\u00e4v\u00e4t sen liukumisen tai putoamisen.<\/h6>\n<\/li>\n<li data-start=\"575\" data-end=\"1196\">\n<h6>Helppo asentaa ja irrottaa - kiinnitysj\u00e4rjestelm\u00e4 on nopea ja k\u00e4tev\u00e4, joten pussi voidaan kiinnitt\u00e4\u00e4 tai irrottaa muutamassa sekunnissa.<\/h6>\n<\/li>\n<li data-start=\"575\" data-end=\"1196\">\n<h6>S\u00e4\u00e4dett\u00e4v\u00e4 ja joustava - yleishihnojen avulla voit mukauttaa kiinnityskohdan lastenvaunun kahvaan parhaan mahdollisen mukavuuden ja toimivuuden varmistamiseksi.<\/h6>\n<\/li>\n<\/ul>\n<h6>Jos lastenrattaissasi ei ole erityist\u00e4 kiinnitysj\u00e4rjestelm\u00e4\u00e4 lis\u00e4varusteille, universaali vaippapussikiinnitys on ihanteellinen ratkaisu. Unohda hankalat ja huonosti istuvat hihnat - nauti liikkumisen vapaudesta ja siit\u00e4, ett\u00e4 kaikki vauvan tarvikkeet ovat aina k\u00e4den ulottuvilla. <\/h6>\n<p>&nbsp;<\/p>\n<h6><\/h6>\n<h6><strong><em>Helppo tapa pit\u00e4\u00e4 vaippapussi turvassa ja k\u00e4sill\u00e4<\/em><\/strong><\/h6>\n<h6>Tukevat materiaalit, \u00e4lyk\u00e4s muotoilu ja yleisp\u00e4tevyys tekev\u00e4t t\u00e4st\u00e4 kiinnitysj\u00e4rjestelm\u00e4st\u00e4 luotettavan apuv\u00e4lineen jokap\u00e4iv\u00e4isille k\u00e4velylenkeille. Asenna, kiinnit\u00e4 ja liiku helposti - niin helppoa se on! <\/h6>\n<p>&nbsp;<\/p>\n<h6><em>Katso <a href=\"https:\/\/www.youtube.com\/watch?v=Ed4Mi-JmSgU\">esittelyvideo<\/a>, josta saat lis\u00e4tietoja.<\/em><\/h6>\n","protected":false},"excerpt":{"rendered":"<h6 data-start=\"61\" data-end=\"147\">Yleisp\u00e4tev\u00e4 vaippapussikiinnitys - mukavuutta ja k\u00e4yt\u00e4nn\u00f6llisyytt\u00e4 joka k\u00e4velylle. Kun olet vauvasi kanssa liikkeell\u00e4, vaippalaukku on yksi v\u00e4ltt\u00e4m\u00e4tt\u00f6mimmist\u00e4 tarvikkeista. Luotettava ja yksinkertainen kiinnitysratkaisu on v\u00e4ltt\u00e4m\u00e4t\u00f6n, jotta kaikki tarvitsemasi on aina k\u00e4den ulottuvilla ja turvallisesti kiinnitettyn\u00e4. Universal Diaper Bag Attachment on suunniteltu juuri t\u00e4h\u00e4n tarkoitukseen, sill\u00e4 se varmistaa, ett\u00e4 laukku pysyy tukevasti kiinni rattaissa maastosta tai p\u00e4iv\u00e4n tahdista riippumatta.   <\/h6>\n","protected":false},"featured_media":22108,"comment_status":"closed","ping_status":"closed","template":"","meta":{"_acf_changed":false,"om_disable_all_campaigns":false,"_monsterinsights_skip_tracking":false,"_monsterinsights_sitenote_active":false,"_monsterinsights_sitenote_note":"","_monsterinsights_sitenote_category":0,"_uf_show_specific_survey":0,"_uf_disable_surveys":false,"site-sidebar-layout":"default","site-content-layout":"","ast-site-content-layout":"default","site-content-style":"default","site-sidebar-style":"default","ast-global-header-display":"","ast-banner-title-visibility":"","ast-main-header-display":"","ast-hfb-above-header-display":"","ast-hfb-below-header-display":"","ast-hfb-mobile-header-display":"","site-post-title":"","ast-breadcrumbs-content":"","ast-featured-img":"","footer-sml-layout":"","theme-transparent-header-meta":"default","adv-header-id-meta":"","stick-header-meta":"","header-above-stick-meta":"","header-main-stick-meta":"","header-below-stick-meta":"","astra-migrate-meta-layouts":"default","ast-page-background-enabled":"default","ast-page-background-meta":{"desktop":{"background-color":"var(--ast-global-color-4)","background-image":"","background-repeat":"repeat","background-position":"center center","background-size":"auto","background-attachment":"scroll","background-type":"","background-media":"","overlay-type":"","overlay-color":"","overlay-opacity":"","overlay-gradient":""},"tablet":{"background-color":"","background-image":"","background-repeat":"repeat","background-position":"center center","background-size":"auto","background-attachment":"scroll","background-type":"","background-media":"","overlay-type":"","overlay-color":"","overlay-opacity":"","overlay-gradient":""},"mobile":{"background-color":"","background-image":"","background-repeat":"repeat","background-position":"center center","background-size":"auto","background-attachment":"scroll","background-type":"","background-media":"","overlay-type":"","overlay-color":"","overlay-opacity":"","overlay-gradient":""}},"ast-content-background-meta":{"desktop":{"background-color":"var(--ast-global-color-5)","background-image":"","background-repeat":"repeat","background-position":"center center","background-size":"auto","background-attachment":"scroll","background-type":"","background-media":"","overlay-type":"","overlay-color":"","overlay-opacity":"","overlay-gradient":""},"tablet":{"background-color":"var(--ast-global-color-5)","background-image":"","background-repeat":"repeat","background-position":"center center","background-size":"auto","background-attachment":"scroll","background-type":"","background-media":"","overlay-type":"","overlay-color":"","overlay-opacity":"","overlay-gradient":""},"mobile":{"background-color":"var(--ast-global-color-5)","background-image":"","background-repeat":"repeat","background-position":"center center","background-size":"auto","background-attachment":"scroll","background-type":"","background-media":"","overlay-type":"","overlay-color":"","overlay-opacity":"","overlay-gradient":""}}},"product_brand":[],"product_cat":[721,323],"product_tag":[329,327],"class_list":{"0":"post-52148","1":"product","2":"type-product","3":"status-publish","4":"has-post-thumbnail","6":"product_cat-lisaa","7":"product_cat-trimmaustarvikkeet","8":"product_tag-erilliset-tuotteet","9":"product_tag-raataloity-verkkosivusto","10":"desktop-align-left","11":"tablet-align-left","12":"mobile-align-left","14":"first","15":"instock","16":"taxable","17":"shipping-taxable","18":"purchasable","19":"product-type-simple"},"acf":[],"aioseo_notices":[],"_links":{"self":[{"href":"https:\/\/hummy.ee\/fi\/wp-json\/wp\/v2\/product\/52148","targetHints":{"allow":["GET"]}}],"collection":[{"href":"https:\/\/hummy.ee\/fi\/wp-json\/wp\/v2\/product"}],"about":[{"href":"https:\/\/hummy.ee\/fi\/wp-json\/wp\/v2\/types\/product"}],"replies":[{"embeddable":true,"href":"https:\/\/hummy.ee\/fi\/wp-json\/wp\/v2\/comments?post=52148"}],"version-history":[{"count":0,"href":"https:\/\/hummy.ee\/fi\/wp-json\/wp\/v2\/product\/52148\/revisions"}],"wp:featuredmedia":[{"embeddable":true,"href":"https:\/\/hummy.ee\/fi\/wp-json\/wp\/v2\/media\/22108"}],"wp:attachment":[{"href":"https:\/\/hummy.ee\/fi\/wp-json\/wp\/v2\/media?parent=52148"}],"wp:term":[{"taxonomy":"product_brand","embeddable":true,"href":"https:\/\/hummy.ee\/fi\/wp-json\/wp\/v2\/product_brand?post=52148"},{"taxonomy":"product_cat","embeddable":true,"href":"https:\/\/hummy.ee\/fi\/wp-json\/wp\/v2\/product_cat?post=52148"},{"taxonomy":"product_tag","embeddable":true,"href":"https:\/\/hummy.ee\/fi\/wp-json\/wp\/v2\/product_tag?post=52148"}],"curies":[{"name":"wp","href":"https:\/\/api.w.org\/{rel}","templated":true}]}}