{"id":52140,"date":"2024-04-07T18:39:18","date_gmt":"2024-04-07T18:39:18","guid":{"rendered":"https:\/\/hummy.ee\/product\/abc-design-avus-turvatelineen-sovitin\/"},"modified":"2026-04-19T19:07:34","modified_gmt":"2026-04-19T19:07:34","slug":"abc-design-avus-turvakaukalon-adapterit","status":"publish","type":"product","link":"https:\/\/hummy.ee\/fi\/tuote\/abc-design-avus-turvakaukalon-adapterit\/","title":{"rendered":"ABC Design Avus turvakaukalon adapterit"},"content":{"rendered":"<h6><strong><em>Nopea asennus ja universaali yhteensopivuus<\/em><\/strong><\/h6>\n<h6>ABC Design Avus -adapteri on suunniteltu tekem\u00e4\u00e4n liikkumisesta lapsen kanssa mahdollisimman helppoa. Asennus on nopea ja intuitiivinen, ja se takaa turvakaukalon tukevan kiinnityksen sek\u00e4 sujuvan k\u00e4ytt\u00f6kokemuksen. Se on ihanteellinen ratkaisu perheille, jotka arvostavat mukavuutta, turvallisuutta ja joustavuutta.<\/h6>\n<p>&nbsp;<\/p>\n<h6><\/h6>\n<h6><strong><em>Yhteensopiva seuraavien lastenvaunumallien kanssa:<\/em><\/strong><\/h6>\n<ul>\n<li data-start=\"825\" data-end=\"915\">\n<h6>Avus \/ Avus 2<\/h6>\n<\/li>\n<li data-start=\"825\" data-end=\"915\">\n<h6><\/h6>\n<h6>Avus Air \/ Avus 2 Air<\/h6>\n<\/li>\n<\/ul>\n<h6><strong><em>Sopii suosittuihin turvakaukaloihin<\/em><\/strong><\/h6>\n<h6>ABC Design Avus -turvakaukalo-adapteri on yhteensopiva laajan valikoiman tunnettujen ja luotettavien turvakaukalomerkkien kanssa, mukaan lukien:<\/h6>\n<ul>\n<li data-start=\"1085\" data-end=\"1424\">\n<h6>ABC Design: Tulip<\/h6>\n<\/li>\n<li data-start=\"1085\" data-end=\"1424\">\n<h6>Maxi-Cosi: City, Cabrio-Fix, Coral, Pebble (mukaan lukien Pebble Plus, Pro, 360, 360 Pro, 360 Pro 2).<\/h6>\n<\/li>\n<li data-start=\"1085\" data-end=\"1424\">\n<h6>Cybex: Aton (mukaan lukien Aton 5, M, M i-Size, Q, Q Plus, Q i-Size), Cloud (mukaan lukien Cloud T, Q, Q, Q Plus, Z i-Size, Z2 i-Size).<\/h6>\n<\/li>\n<li data-start=\"1085\" data-end=\"1424\">\n<h6>Joie: i-Gemm<\/h6>\n<\/li>\n<li data-start=\"1085\" data-end=\"1424\">\n<h6>BeSafe: iZi Go Modular X1 i-Size<\/h6>\n<\/li>\n<li data-start=\"1085\" data-end=\"1424\">\n<h6>Avionautti: Cosmo, Pixel, Pro<\/h6>\n<\/li>\n<\/ul>\n<p>&nbsp;<\/p>\n<h6><strong><em>Miksi valita ABC Design Avus -turvakaukalo-adapteri?<\/em><\/strong><\/h6>\n<ul>\n<li data-start=\"1484\" data-end=\"1818\">\n<h6>Maksimaalinen mukavuus \u2013 kiinnit\u00e4 turvakaukalo lastenvaunuihin her\u00e4tt\u00e4m\u00e4tt\u00e4 lasta.<\/h6>\n<\/li>\n<li data-start=\"1484\" data-end=\"1818\">\n<h6>Helppo ja turvallinen kiinnitys \u2013 tukeva ja varma kiinnitys nopeaan asennukseen.<\/h6>\n<\/li>\n<li data-start=\"1484\" data-end=\"1818\">\n<h6>Laaja yhteensopivuus \u2013 sopii useisiin suosittuihin turvakaukaloihin ja Avus-lastenvaunumalleihin.<\/h6>\n<\/li>\n<li data-start=\"1484\" data-end=\"1818\">\n<h6>Kevyt ja kompakti \u2013 helppo kuljettaa mukana ja k\u00e4tev\u00e4 s\u00e4ilytt\u00e4\u00e4.<\/h6>\n<\/li>\n<\/ul>\n<p>&nbsp;<\/p>\n<h6>Unohda hankala siirtely \u2013 ABC Design Avus -turvakaukalo-adapteri takaa sujuvan ja stressitt\u00f6m\u00e4n liikkumisen kaikissa tilanteissa!<\/h6>\n<p>&nbsp;<\/p>\n<h6><em>Katso <a href=\"https:\/\/www.youtube.com\/watch?v=8tDDGDEMNaM\">esittelyvideo<\/a>, josta saat lis\u00e4tietoja.<\/em><\/h6>\n<h6><\/h6>\n","protected":false},"excerpt":{"rendered":"<div class=\"woocommerce-product-details__short-description\">\n<h6 data-start=\"61\" data-end=\"139\">ABC Design Avus -turvakaukalo-adapteri \u2013 mukava ja nopea tapa liikkua. Vanhempana haluat, ett\u00e4 siirtyminen autosta lastenvaunuihin olisi mahdollisimman helppoa ja sujuvaa. ABC Design Avus -turvakaukalo-adapteri mahdollistaa turvakaukalon kiinnitt\u00e4misen suoraan Avus-lastenvaunujen runkoon, pit\u00e4en lapsesi turvassa ja mukavasti ilman, ett\u00e4 h\u00e4nt\u00e4 tarvitsee her\u00e4tt\u00e4\u00e4 tai siirt\u00e4\u00e4.<\/h6>\n<\/div>\n","protected":false},"featured_media":28112,"comment_status":"closed","ping_status":"closed","template":"","meta":{"_acf_changed":false,"om_disable_all_campaigns":false,"_monsterinsights_skip_tracking":false,"_monsterinsights_sitenote_active":false,"_monsterinsights_sitenote_note":"","_monsterinsights_sitenote_category":0,"_uf_show_specific_survey":0,"_uf_disable_surveys":false,"site-sidebar-layout":"default","site-content-layout":"","ast-site-content-layout":"default","site-content-style":"default","site-sidebar-style":"default","ast-global-header-display":"","ast-banner-title-visibility":"","ast-main-header-display":"","ast-hfb-above-header-display":"","ast-hfb-below-header-display":"","ast-hfb-mobile-header-display":"","site-post-title":"","ast-breadcrumbs-content":"","ast-featured-img":"","footer-sml-layout":"","theme-transparent-header-meta":"default","adv-header-id-meta":"","stick-header-meta":"","header-above-stick-meta":"","header-main-stick-meta":"","header-below-stick-meta":"","astra-migrate-meta-layouts":"set","ast-page-background-enabled":"default","ast-page-background-meta":{"desktop":{"background-color":"var(--ast-global-color-4)","background-image":"","background-repeat":"repeat","background-position":"center center","background-size":"auto","background-attachment":"scroll","background-type":"","background-media":"","overlay-type":"","overlay-color":"","overlay-opacity":"","overlay-gradient":""},"tablet":{"background-color":"","background-image":"","background-repeat":"repeat","background-position":"center center","background-size":"auto","background-attachment":"scroll","background-type":"","background-media":"","overlay-type":"","overlay-color":"","overlay-opacity":"","overlay-gradient":""},"mobile":{"background-color":"","background-image":"","background-repeat":"repeat","background-position":"center center","background-size":"auto","background-attachment":"scroll","background-type":"","background-media":"","overlay-type":"","overlay-color":"","overlay-opacity":"","overlay-gradient":""}},"ast-content-background-meta":{"desktop":{"background-color":"var(--ast-global-color-5)","background-image":"","background-repeat":"repeat","background-position":"center center","background-size":"auto","background-attachment":"scroll","background-type":"","background-media":"","overlay-type":"","overlay-color":"","overlay-opacity":"","overlay-gradient":""},"tablet":{"background-color":"var(--ast-global-color-5)","background-image":"","background-repeat":"repeat","background-position":"center center","background-size":"auto","background-attachment":"scroll","background-type":"","background-media":"","overlay-type":"","overlay-color":"","overlay-opacity":"","overlay-gradient":""},"mobile":{"background-color":"var(--ast-global-color-5)","background-image":"","background-repeat":"repeat","background-position":"center center","background-size":"auto","background-attachment":"scroll","background-type":"","background-media":"","overlay-type":"","overlay-color":"","overlay-opacity":"","overlay-gradient":""}}},"product_brand":[],"product_cat":[527,374,323],"product_tag":[329,327],"class_list":{"0":"post-52140","1":"product","2":"type-product","3":"status-publish","4":"has-post-thumbnail","6":"product_cat-abc-design-fi","7":"product_cat-sovittimet","8":"product_cat-trimmaustarvikkeet","9":"product_tag-erilliset-tuotteet","10":"product_tag-raataloity-verkkosivusto","11":"desktop-align-left","12":"tablet-align-left","13":"mobile-align-left","15":"first","16":"instock","17":"taxable","18":"shipping-taxable","19":"purchasable","20":"product-type-simple"},"acf":[],"aioseo_notices":[],"_links":{"self":[{"href":"https:\/\/hummy.ee\/fi\/wp-json\/wp\/v2\/product\/52140","targetHints":{"allow":["GET"]}}],"collection":[{"href":"https:\/\/hummy.ee\/fi\/wp-json\/wp\/v2\/product"}],"about":[{"href":"https:\/\/hummy.ee\/fi\/wp-json\/wp\/v2\/types\/product"}],"replies":[{"embeddable":true,"href":"https:\/\/hummy.ee\/fi\/wp-json\/wp\/v2\/comments?post=52140"}],"version-history":[{"count":3,"href":"https:\/\/hummy.ee\/fi\/wp-json\/wp\/v2\/product\/52140\/revisions"}],"predecessor-version":[{"id":87239,"href":"https:\/\/hummy.ee\/fi\/wp-json\/wp\/v2\/product\/52140\/revisions\/87239"}],"wp:featuredmedia":[{"embeddable":true,"href":"https:\/\/hummy.ee\/fi\/wp-json\/wp\/v2\/media\/28112"}],"wp:attachment":[{"href":"https:\/\/hummy.ee\/fi\/wp-json\/wp\/v2\/media?parent=52140"}],"wp:term":[{"taxonomy":"product_brand","embeddable":true,"href":"https:\/\/hummy.ee\/fi\/wp-json\/wp\/v2\/product_brand?post=52140"},{"taxonomy":"product_cat","embeddable":true,"href":"https:\/\/hummy.ee\/fi\/wp-json\/wp\/v2\/product_cat?post=52140"},{"taxonomy":"product_tag","embeddable":true,"href":"https:\/\/hummy.ee\/fi\/wp-json\/wp\/v2\/product_tag?post=52140"}],"curies":[{"name":"wp","href":"https:\/\/api.w.org\/{rel}","templated":true}]}}