{"id":52139,"date":"2024-04-07T18:39:42","date_gmt":"2024-04-07T18:39:42","guid":{"rendered":"https:\/\/hummy.ee\/product\/abc-design-magneettipuristin\/"},"modified":"2025-09-09T06:47:41","modified_gmt":"2025-09-09T06:47:41","slug":"abc-design-magneettipuristin","status":"publish","type":"product","link":"https:\/\/hummy.ee\/fi\/tuote\/abc-design-magneettipuristin\/","title":{"rendered":"ABC Design magneettipuristin"},"content":{"rendered":"<h6><strong><em>Miksi valita ABC Design magneettipuristin?<\/em><\/strong><\/h6>\n<ul>\n<li data-start=\"427\" data-end=\"1053\">\n<h6>Vahva magneettikiinnitys - hihnassa on voimakkaat magneetit, jotka takaavat tukevan otteen my\u00f6s kovassa tuulessa.<\/h6>\n<\/li>\n<li data-start=\"427\" data-end=\"1053\">\n<h6>Monik\u00e4ytt\u00f6inen - sopii lelujen, pinnas\u00e4ngyn ketjujen ja muiden tarvikkeiden kiinnitt\u00e4miseen lastenvaunuihin.<\/h6>\n<\/li>\n<li data-start=\"427\" data-end=\"1053\">\n<h6>Tyylik\u00e4s ja tyylik\u00e4s muotoilu - valmistettu nahkamaisesta materiaalista, jossa on korkealaatuinen stanssattu kuvio.<\/h6>\n<\/li>\n<li data-start=\"427\" data-end=\"1053\">\n<h6>Sopii lastenvaunuihisi - saatavana eri v\u00e4reiss\u00e4, jotka t\u00e4ydent\u00e4v\u00e4t lastenvaunujen yleisilmett\u00e4.<\/h6>\n<\/li>\n<li data-start=\"427\" data-end=\"1053\">\n<h6>Sopii kaikkiin vaunuihin - suunniteltu <a href=\"https:\/\/hummy.ee\/fi\/abc-design-kuvaus\/\" target=\"_blank\" rel=\"noopener\">ABC Design<\/a> vaunuihin, urheiluvaunuihin ja rattaisiin, mutta yhteensopiva my\u00f6s muiden valmistajien mallien kanssa.<\/h6>\n<\/li>\n<\/ul>\n<h6><strong><em>T\u00e4ydellinen ratkaisu mukavuuteen ja turvallisuuteen<\/em><\/strong><\/h6>\n<h6>ABC Designin magneettiklipsi ei ole vain k\u00e4yt\u00e4nn\u00f6llinen lis\u00e4varuste, vaan my\u00f6s tyylik\u00e4s lis\u00e4 vaunuihisi. Se pit\u00e4\u00e4 lapsesi lelut tukevasti paikoillaan ja est\u00e4\u00e4 niiden putoamisen tai katoamisen. Se on kevyt ja kompakti s\u00e4ilytt\u00e4\u00e4, joten se on t\u00e4ydellinen kumppani jokap\u00e4iv\u00e4isille k\u00e4velylenkeille ja matkoille.  <\/h6>\n<p>&nbsp;<\/p>\n<h6><\/h6>\n<h6>P\u00e4ivit\u00e4 lastenrattaasi \u00e4lykk\u00e4\u00e4ll\u00e4 ja toimivalla magneettikiinnikkeell\u00e4, joka tekee k\u00e4velyist\u00e4si mukavampia ja tyylikk\u00e4\u00e4mpi\u00e4!<\/h6>\n<h6><\/h6>\n<h6><\/h6>\n","protected":false},"excerpt":{"rendered":"<h6 data-start=\"0\" data-end=\"83\">ABC Design magneettikiinnike - tyylik\u00e4s ja k\u00e4yt\u00e4nn\u00f6llinen lis\u00e4varuste lastenvaunuihin. Jos etsit fiksua tapaa kiinnitt\u00e4\u00e4 leluja, leluketjuja tai muita pieni\u00e4 esineit\u00e4 lastenvaunuihin, ABC Design on t\u00e4ydellinen valinta! T\u00e4m\u00e4 k\u00e4yt\u00e4nn\u00f6llinen ja tyylik\u00e4s lis\u00e4varuste auttaa pit\u00e4m\u00e4\u00e4n kaikki olennaiset tavarat k\u00e4sill\u00e4 ja parantaa samalla lastenvaunujen muotoilua.  <\/h6>\n","protected":false},"featured_media":22532,"comment_status":"closed","ping_status":"closed","template":"","meta":{"_acf_changed":false,"om_disable_all_campaigns":false,"_monsterinsights_skip_tracking":false,"_monsterinsights_sitenote_active":false,"_monsterinsights_sitenote_note":"","_monsterinsights_sitenote_category":0,"_uf_show_specific_survey":0,"_uf_disable_surveys":false,"site-sidebar-layout":"default","site-content-layout":"","ast-site-content-layout":"default","site-content-style":"default","site-sidebar-style":"default","ast-global-header-display":"","ast-banner-title-visibility":"","ast-main-header-display":"","ast-hfb-above-header-display":"","ast-hfb-below-header-display":"","ast-hfb-mobile-header-display":"","site-post-title":"","ast-breadcrumbs-content":"","ast-featured-img":"","footer-sml-layout":"","theme-transparent-header-meta":"default","adv-header-id-meta":"","stick-header-meta":"","header-above-stick-meta":"","header-main-stick-meta":"","header-below-stick-meta":"","astra-migrate-meta-layouts":"default","ast-page-background-enabled":"default","ast-page-background-meta":{"desktop":{"background-color":"var(--ast-global-color-4)","background-image":"","background-repeat":"repeat","background-position":"center center","background-size":"auto","background-attachment":"scroll","background-type":"","background-media":"","overlay-type":"","overlay-color":"","overlay-opacity":"","overlay-gradient":""},"tablet":{"background-color":"","background-image":"","background-repeat":"repeat","background-position":"center center","background-size":"auto","background-attachment":"scroll","background-type":"","background-media":"","overlay-type":"","overlay-color":"","overlay-opacity":"","overlay-gradient":""},"mobile":{"background-color":"","background-image":"","background-repeat":"repeat","background-position":"center center","background-size":"auto","background-attachment":"scroll","background-type":"","background-media":"","overlay-type":"","overlay-color":"","overlay-opacity":"","overlay-gradient":""}},"ast-content-background-meta":{"desktop":{"background-color":"var(--ast-global-color-5)","background-image":"","background-repeat":"repeat","background-position":"center center","background-size":"auto","background-attachment":"scroll","background-type":"","background-media":"","overlay-type":"","overlay-color":"","overlay-opacity":"","overlay-gradient":""},"tablet":{"background-color":"var(--ast-global-color-5)","background-image":"","background-repeat":"repeat","background-position":"center center","background-size":"auto","background-attachment":"scroll","background-type":"","background-media":"","overlay-type":"","overlay-color":"","overlay-opacity":"","overlay-gradient":""},"mobile":{"background-color":"var(--ast-global-color-5)","background-image":"","background-repeat":"repeat","background-position":"center center","background-size":"auto","background-attachment":"scroll","background-type":"","background-media":"","overlay-type":"","overlay-color":"","overlay-opacity":"","overlay-gradient":""}}},"product_brand":[],"product_cat":[527,721,323],"product_tag":[329,327],"class_list":{"0":"post-52139","1":"product","2":"type-product","3":"status-publish","4":"has-post-thumbnail","6":"product_cat-abc-design-fi","7":"product_cat-lisaa","8":"product_cat-trimmaustarvikkeet","9":"product_tag-erilliset-tuotteet","10":"product_tag-raataloity-verkkosivusto","11":"desktop-align-left","12":"tablet-align-left","13":"mobile-align-left","15":"first","16":"instock","17":"taxable","18":"shipping-taxable","19":"purchasable","20":"product-type-variable"},"acf":[],"aioseo_notices":[],"_links":{"self":[{"href":"https:\/\/hummy.ee\/fi\/wp-json\/wp\/v2\/product\/52139","targetHints":{"allow":["GET"]}}],"collection":[{"href":"https:\/\/hummy.ee\/fi\/wp-json\/wp\/v2\/product"}],"about":[{"href":"https:\/\/hummy.ee\/fi\/wp-json\/wp\/v2\/types\/product"}],"replies":[{"embeddable":true,"href":"https:\/\/hummy.ee\/fi\/wp-json\/wp\/v2\/comments?post=52139"}],"version-history":[{"count":1,"href":"https:\/\/hummy.ee\/fi\/wp-json\/wp\/v2\/product\/52139\/revisions"}],"predecessor-version":[{"id":67284,"href":"https:\/\/hummy.ee\/fi\/wp-json\/wp\/v2\/product\/52139\/revisions\/67284"}],"wp:featuredmedia":[{"embeddable":true,"href":"https:\/\/hummy.ee\/fi\/wp-json\/wp\/v2\/media\/22532"}],"wp:attachment":[{"href":"https:\/\/hummy.ee\/fi\/wp-json\/wp\/v2\/media?parent=52139"}],"wp:term":[{"taxonomy":"product_brand","embeddable":true,"href":"https:\/\/hummy.ee\/fi\/wp-json\/wp\/v2\/product_brand?post=52139"},{"taxonomy":"product_cat","embeddable":true,"href":"https:\/\/hummy.ee\/fi\/wp-json\/wp\/v2\/product_cat?post=52139"},{"taxonomy":"product_tag","embeddable":true,"href":"https:\/\/hummy.ee\/fi\/wp-json\/wp\/v2\/product_tag?post=52139"}],"curies":[{"name":"wp","href":"https:\/\/api.w.org\/{rel}","templated":true}]}}