{"id":52121,"date":"2024-04-07T18:39:26","date_gmt":"2024-04-07T18:39:26","guid":{"rendered":"https:\/\/hummy.ee\/product\/abc-design-turvatelineen-sovitin\/"},"modified":"2025-09-06T18:59:57","modified_gmt":"2025-09-06T18:59:57","slug":"abc-design-turvatelineen-sovitin","status":"publish","type":"product","link":"https:\/\/hummy.ee\/fi\/tuote\/abc-design-turvatelineen-sovitin\/","title":{"rendered":"ABC Design turvatelineen sovitin"},"content":{"rendered":"<h6><strong><em>Helppo asennus ja yleissovitus<\/em><\/strong><\/h6>\n<h6>ABC Design sovittimet on suunniteltu erityisesti varmistamaan, ett\u00e4 rattaiden ja vauvans\u00e4ngyn v\u00e4linen liit\u00e4nt\u00e4 on turvallinen ja varma. Asennus on nopeaa ja helppoa, joten voit siirty\u00e4 autosta rattaisiin hetkess\u00e4 ja pit\u00e4\u00e4 vauvasi mukavana ja turvallisena. <\/h6>\n<p>&nbsp;<\/p>\n<p>&nbsp;<\/p>\n<h6><strong><em>Yhteensopiva seuraavien rattaiden kanssa ABC Design:<\/em><\/strong><\/h6>\n<ul>\n<li data-start=\"813\" data-end=\"1020\">\n<h6>Salsa 5 Air, Salsa 4 Air<\/h6>\n<\/li>\n<li data-start=\"813\" data-end=\"1020\">\n<h6>Salsa 5 Run, Salsa Run<\/h6>\n<\/li>\n<li data-start=\"813\" data-end=\"1020\">\n<h6>Samba 2, Samba<\/h6>\n<\/li>\n<li data-start=\"813\" data-end=\"1020\">\n<h6>Zoom 2, Zoom<\/h6>\n<\/li>\n<li data-start=\"813\" data-end=\"1020\">\n<h6>Ping 3 Trekking, Ping 3 Travel, Ping 2 Trekking, Ping 2 (tarvitaan my\u00f6s Ping-liit\u00e4nt\u00e4kiinnikkeet).<\/h6>\n<\/li>\n<\/ul>\n<h6><strong><em>Yhteensopivuus suosittujen turvakaukaloiden kanssa:<\/em><\/strong><\/h6>\n<h6>ABC Design telinesovittimet ovat yhteensopivia useiden tunnettujen telinemerkkien kanssa, mukaan lukien:<\/h6>\n<ul>\n<li data-start=\"1166\" data-end=\"1505\">\n<h6>ABC Design: Tulppaani<\/h6>\n<\/li>\n<li data-start=\"1166\" data-end=\"1505\">\n<h6>Maxi-Cosi: City, Convertible-Fix, Coral, Pebble (mukaan lukien Pebble Plus, Pro, 360, 360 Pro, 360 Pro 2).<\/h6>\n<\/li>\n<li data-start=\"1166\" data-end=\"1505\">\n<h6>Cybex: Aton (mukaan lukien Aton 5, M, M i-Size, Q, Q Plus, Q i-Size), Cloud (mukaan lukien Cloud T, Q, Q, Q Plus, Z i-Size, Z2 i-Size).<\/h6>\n<\/li>\n<li data-start=\"1166\" data-end=\"1505\">\n<h6>Joie: i-Gemm<\/h6>\n<\/li>\n<li data-start=\"1166\" data-end=\"1505\">\n<h6>BeSafe: iZi Go Modulaarinen X1 i-Size<\/h6>\n<\/li>\n<li data-start=\"1166\" data-end=\"1505\">\n<h6>Avionautti: Cosmo, Pixel, Pro<\/h6>\n<\/li>\n<\/ul>\n<h6><strong><em>Miksi valita ABC Design -telineadapteri?<\/em><\/strong><\/h6>\n<ul>\n<li data-start=\"1560\" data-end=\"1866\">\n<h6>Suurin mahdollinen mukavuus - siirr\u00e4 vauva suoraan autosta rattaisiin her\u00e4tt\u00e4m\u00e4tt\u00e4 h\u00e4nt\u00e4.<\/h6>\n<\/li>\n<li data-start=\"1560\" data-end=\"1866\">\n<h6>Nopea ja helppo asennus - kiinnittyy <a href=\"https:\/\/hummy.ee\/fi\/abc-design-kuvaus\/\" target=\"_blank\" rel=\"noopener\">ABC Design<\/a> -vaunun runkoon hetkess\u00e4.<\/h6>\n<\/li>\n<li data-start=\"1560\" data-end=\"1866\">\n<h6>Laaja yhteensopivuus - sopii moniin suosittuihin turvaj\u00e4rjestelm\u00e4malleihin.<\/h6>\n<\/li>\n<li data-start=\"1560\" data-end=\"1866\">\n<h6>Turvallinen ja kest\u00e4v\u00e4 - takaa turvallisen istuvuuden ja tasaisen ajon.<\/h6>\n<\/li>\n<\/ul>\n<h6><\/h6>\n<h6>\u00c4l\u00e4 tuhlaa aikaa monimutkaisiin kiinnitysj\u00e4rjestelmiin - ABC Design kehtoadapteri tekee el\u00e4m\u00e4st\u00e4si helpompaa ja k\u00e4velyist\u00e4si mukavampia!<\/h6>\n<p>&nbsp;<\/p>\n<h6><em>Katso <a href=\"https:\/\/www.youtube.com\/watch?v=Uq40BcEtpu8\">esittelyvideo<\/a>, josta saat lis\u00e4tietoja.<\/em><\/h6>\n","protected":false},"excerpt":{"rendered":"<h6 data-start=\"59\" data-end=\"145\">ABC Design Istuintelineen sovitin - sujuvaan ja mukavaan siirtymiseen autosta rattaisiin. Vanhempana arvostat arjen mukavuutta ja sujuvuutta. ABC Design Lastenistuinsovittimen avulla voit kiinnitt\u00e4\u00e4 lastenistuimen suoraan rattaiden runkoon ilman, ett\u00e4 sinun tarvitsee her\u00e4tt\u00e4\u00e4 vauvaa tai nostaa sit\u00e4 erikseen. Se on t\u00e4ydellinen ratkaisu nopeaan ja huolettomaan liikkumiseen, olitpa sitten liikkeell\u00e4 tai matkoilla.   <\/h6>\n","protected":false},"featured_media":28108,"comment_status":"closed","ping_status":"closed","template":"","meta":{"_acf_changed":false,"om_disable_all_campaigns":false,"_monsterinsights_skip_tracking":false,"_monsterinsights_sitenote_active":false,"_monsterinsights_sitenote_note":"","_monsterinsights_sitenote_category":0,"_uf_show_specific_survey":0,"_uf_disable_surveys":false,"site-sidebar-layout":"default","site-content-layout":"","ast-site-content-layout":"default","site-content-style":"default","site-sidebar-style":"default","ast-global-header-display":"","ast-banner-title-visibility":"","ast-main-header-display":"","ast-hfb-above-header-display":"","ast-hfb-below-header-display":"","ast-hfb-mobile-header-display":"","site-post-title":"","ast-breadcrumbs-content":"","ast-featured-img":"","footer-sml-layout":"","theme-transparent-header-meta":"default","adv-header-id-meta":"","stick-header-meta":"","header-above-stick-meta":"","header-main-stick-meta":"","header-below-stick-meta":"","astra-migrate-meta-layouts":"default","ast-page-background-enabled":"default","ast-page-background-meta":{"desktop":{"background-color":"var(--ast-global-color-4)","background-image":"","background-repeat":"repeat","background-position":"center center","background-size":"auto","background-attachment":"scroll","background-type":"","background-media":"","overlay-type":"","overlay-color":"","overlay-opacity":"","overlay-gradient":""},"tablet":{"background-color":"","background-image":"","background-repeat":"repeat","background-position":"center center","background-size":"auto","background-attachment":"scroll","background-type":"","background-media":"","overlay-type":"","overlay-color":"","overlay-opacity":"","overlay-gradient":""},"mobile":{"background-color":"","background-image":"","background-repeat":"repeat","background-position":"center center","background-size":"auto","background-attachment":"scroll","background-type":"","background-media":"","overlay-type":"","overlay-color":"","overlay-opacity":"","overlay-gradient":""}},"ast-content-background-meta":{"desktop":{"background-color":"var(--ast-global-color-5)","background-image":"","background-repeat":"repeat","background-position":"center center","background-size":"auto","background-attachment":"scroll","background-type":"","background-media":"","overlay-type":"","overlay-color":"","overlay-opacity":"","overlay-gradient":""},"tablet":{"background-color":"var(--ast-global-color-5)","background-image":"","background-repeat":"repeat","background-position":"center center","background-size":"auto","background-attachment":"scroll","background-type":"","background-media":"","overlay-type":"","overlay-color":"","overlay-opacity":"","overlay-gradient":""},"mobile":{"background-color":"var(--ast-global-color-5)","background-image":"","background-repeat":"repeat","background-position":"center center","background-size":"auto","background-attachment":"scroll","background-type":"","background-media":"","overlay-type":"","overlay-color":"","overlay-opacity":"","overlay-gradient":""}}},"product_brand":[273],"product_cat":[527,374,323],"product_tag":[329,327],"class_list":{"0":"post-52121","1":"product","2":"type-product","3":"status-publish","4":"has-post-thumbnail","6":"product_brand-abc-design","7":"product_cat-abc-design-fi","8":"product_cat-sovittimet","9":"product_cat-trimmaustarvikkeet","10":"product_tag-erilliset-tuotteet","11":"product_tag-raataloity-verkkosivusto","12":"desktop-align-left","13":"tablet-align-left","14":"mobile-align-left","16":"first","17":"instock","18":"taxable","19":"shipping-taxable","20":"purchasable","21":"product-type-simple"},"acf":[],"aioseo_notices":[],"_links":{"self":[{"href":"https:\/\/hummy.ee\/fi\/wp-json\/wp\/v2\/product\/52121","targetHints":{"allow":["GET"]}}],"collection":[{"href":"https:\/\/hummy.ee\/fi\/wp-json\/wp\/v2\/product"}],"about":[{"href":"https:\/\/hummy.ee\/fi\/wp-json\/wp\/v2\/types\/product"}],"replies":[{"embeddable":true,"href":"https:\/\/hummy.ee\/fi\/wp-json\/wp\/v2\/comments?post=52121"}],"version-history":[{"count":1,"href":"https:\/\/hummy.ee\/fi\/wp-json\/wp\/v2\/product\/52121\/revisions"}],"predecessor-version":[{"id":67291,"href":"https:\/\/hummy.ee\/fi\/wp-json\/wp\/v2\/product\/52121\/revisions\/67291"}],"wp:featuredmedia":[{"embeddable":true,"href":"https:\/\/hummy.ee\/fi\/wp-json\/wp\/v2\/media\/28108"}],"wp:attachment":[{"href":"https:\/\/hummy.ee\/fi\/wp-json\/wp\/v2\/media?parent=52121"}],"wp:term":[{"taxonomy":"product_brand","embeddable":true,"href":"https:\/\/hummy.ee\/fi\/wp-json\/wp\/v2\/product_brand?post=52121"},{"taxonomy":"product_cat","embeddable":true,"href":"https:\/\/hummy.ee\/fi\/wp-json\/wp\/v2\/product_cat?post=52121"},{"taxonomy":"product_tag","embeddable":true,"href":"https:\/\/hummy.ee\/fi\/wp-json\/wp\/v2\/product_tag?post=52121"}],"curies":[{"name":"wp","href":"https:\/\/api.w.org\/{rel}","templated":true}]}}