{"id":52109,"date":"2023-12-01T15:04:15","date_gmt":"2023-12-01T15:04:15","guid":{"rendered":"https:\/\/hummy.ee\/product\/sperber-fix-61-turvaistuin-360-asteen-kierto\/"},"modified":"2025-05-14T10:12:51","modified_gmt":"2025-05-14T10:12:51","slug":"sperber-fix-61-turvaistuin-360-asteen-kierto","status":"publish","type":"product","link":"https:\/\/hummy.ee\/fi\/tuote\/sperber-fix-61-turvaistuin-360-asteen-kierto\/","title":{"rendered":"Sperber-Fix 61 turvaistuin - 360 asteen kierto"},"content":{"rendered":"<h6><strong><em>Miksi valita Sperber-Fix 61 -istuin?<\/em><\/strong><\/h6>\n<h6>Turvatuoli, joka tarjoaa maksimaalisen turvallisuuden ja mukavuuden kaikenik\u00e4isille!<\/h6>\n<h6>Sperber-Fix 61 on 360\u00b0 k\u00e4\u00e4ntyv\u00e4 istuin, jota voidaan k\u00e4ytt\u00e4\u00e4 sek\u00e4 selk\u00e4 menosuuntaan ett\u00e4 kasvot menosuuntaan (45-105 cm). ISOFIX-kiinnitysj\u00e4rjestelm\u00e4 ja tukijalka takaavat turvallisen ja vakaan asennuksen, ja ISIP-sivut\u00f6rm\u00e4yssuoja lis\u00e4\u00e4 turvallisuutta. S\u00e4\u00e4dett\u00e4v\u00e4 p\u00e4\u00e4ntuki ja kolme kallistusasentoa tarjoavat mukavuutta kasvun kaikissa vaiheissa.  <\/h6>\n<p>&nbsp;<\/p>\n<h6><em><strong>T\u00e4rkeimm\u00e4t ominaisuudet:<\/strong><\/em><\/h6>\n<ul>\n<li>\n<h6>360\u00b0 k\u00e4\u00e4ntyv\u00e4 - Helppo asennus ja helppo p\u00e4\u00e4sy lasten turvalaitteeseen.<\/h6>\n<\/li>\n<li>\n<h6>Selk\u00e4 menosuuntaan - Sopii lapsille 45-105 cm (enint\u00e4\u00e4n 20 kg).<\/h6>\n<\/li>\n<li>\n<h6>Vastasyntyneiden vauvatuotteet - Pehme\u00e4 ja iskuja vaimentava pehmuste antaa lis\u00e4tukea ja turvaa.<\/h6>\n<\/li>\n<li>\n<h6>Eurooppalainen turvallisuusstandardi ECE R129 (i-Size) - Testattu Saksassa etu-, sivut\u00f6rm\u00e4ys- ja kaatumist\u00f6rm\u00e4yksiss\u00e4.<\/h6>\n<\/li>\n<li>\n<h6>ISOFIX (Holmbergs) - lukittavat kiinnityspisteet vakautta ja turvallisuutta varten.<\/h6>\n<\/li>\n<li>\n<h6>S\u00e4\u00e4dett\u00e4v\u00e4 tukijalka - Lis\u00e4turvallisuus, est\u00e4\u00e4 py\u00f6rimisen ja kaatumisen onnettomuustilanteessa.<\/h6>\n<\/li>\n<li>\n<h6>Kolme istuma- ja makuuasentoa - Mukava yhden k\u00e4den s\u00e4\u00e4t\u00f6.<\/h6>\n<\/li>\n<li>\n<h6>Pehme\u00e4t ja syv\u00e4t sivutyynyt - Lis\u00e4\u00e4v\u00e4t turvallisuutta sivut\u00f6rm\u00e4yksess\u00e4.<\/h6>\n<\/li>\n<li>\n<h6>Ergonominen ja s\u00e4\u00e4dett\u00e4v\u00e4 niskatuki - Iskuja vaimentava vaahtomuovi suojaa lapsen p\u00e4\u00e4t\u00e4 ja niskaa.<\/h6>\n<\/li>\n<\/ul>\n<h6><em><strong>Tiedot:<\/strong><\/em><\/h6>\n<ul>\n<li>\n<h6>Tuotteen paino: 12,5 kg<\/h6>\n<\/li>\n<li>\n<h6>Tuotteen mitat (pituus x leveys x korkeus): 61 cm-64 cm x 44 cm x 65 cm.<\/h6>\n<\/li>\n<li>\n<h6>Lapsille: 61-105 cm<\/h6>\n<\/li>\n<li>\n<h6>Sopii i\u00e4lle: 61 cm:st\u00e4 4-vuotiaisiin.<\/h6>\n<\/li>\n<li>\n<h6>Laatustandardi: Suunniteltu ja valmistettu Saksassa<\/h6>\n<\/li>\n<\/ul>\n<h6><strong><em>Sperber-Fix 61 - turvallinen ja mukava valinta turvalliseen ja mukavaan ajamiseen!<\/em><\/strong><\/h6>\n","protected":false},"excerpt":{"rendered":"<h6>360\u00b0 k\u00e4\u00e4ntyv\u00e4n istuimen ansiosta istuin on helppo asentaa, ja lapsi p\u00e4\u00e4see k\u00e4tev\u00e4sti istuimeen. Sopii selk\u00e4 menosuuntaan tai selk\u00e4 menosuuntaan asennettavaksi (45-105 cm). Pehme\u00e4 lastenistuin ja iskuja vaimentava pehmuste antavat lis\u00e4suojaa. ISOFIX-kiinnitysj\u00e4rjestelm\u00e4 ja tukijalka takaavat vakauden, ja ISIP-sivut\u00f6rm\u00e4yssuoja parantaa turvallisuutta. S\u00e4\u00e4dett\u00e4v\u00e4 p\u00e4\u00e4ntuki ja kolme kallistusasentoa takaavat mukavuuden kaikenik\u00e4iselle vauvalle. Hyv\u00e4ksytty ECE R129 (i-Size) -turvallisuusstandardin mukaisesti ja testattu Saksassa.     <\/h6>\n","protected":false},"featured_media":41072,"comment_status":"closed","ping_status":"closed","template":"","meta":{"_acf_changed":false,"om_disable_all_campaigns":false,"_monsterinsights_skip_tracking":false,"_monsterinsights_sitenote_active":false,"_monsterinsights_sitenote_note":"","_monsterinsights_sitenote_category":0,"_uf_show_specific_survey":0,"_uf_disable_surveys":false,"site-sidebar-layout":"default","site-content-layout":"","ast-site-content-layout":"default","site-content-style":"default","site-sidebar-style":"default","ast-global-header-display":"","ast-banner-title-visibility":"","ast-main-header-display":"","ast-hfb-above-header-display":"","ast-hfb-below-header-display":"","ast-hfb-mobile-header-display":"","site-post-title":"","ast-breadcrumbs-content":"","ast-featured-img":"","footer-sml-layout":"","theme-transparent-header-meta":"default","adv-header-id-meta":"","stick-header-meta":"","header-above-stick-meta":"","header-main-stick-meta":"","header-below-stick-meta":"","astra-migrate-meta-layouts":"default","ast-page-background-enabled":"default","ast-page-background-meta":{"desktop":{"background-color":"var(--ast-global-color-4)","background-image":"","background-repeat":"repeat","background-position":"center center","background-size":"auto","background-attachment":"scroll","background-type":"","background-media":"","overlay-type":"","overlay-color":"","overlay-opacity":"","overlay-gradient":""},"tablet":{"background-color":"","background-image":"","background-repeat":"repeat","background-position":"center center","background-size":"auto","background-attachment":"scroll","background-type":"","background-media":"","overlay-type":"","overlay-color":"","overlay-opacity":"","overlay-gradient":""},"mobile":{"background-color":"","background-image":"","background-repeat":"repeat","background-position":"center center","background-size":"auto","background-attachment":"scroll","background-type":"","background-media":"","overlay-type":"","overlay-color":"","overlay-opacity":"","overlay-gradient":""}},"ast-content-background-meta":{"desktop":{"background-color":"var(--ast-global-color-5)","background-image":"","background-repeat":"repeat","background-position":"center center","background-size":"auto","background-attachment":"scroll","background-type":"","background-media":"","overlay-type":"","overlay-color":"","overlay-opacity":"","overlay-gradient":""},"tablet":{"background-color":"var(--ast-global-color-5)","background-image":"","background-repeat":"repeat","background-position":"center center","background-size":"auto","background-attachment":"scroll","background-type":"","background-media":"","overlay-type":"","overlay-color":"","overlay-opacity":"","overlay-gradient":""},"mobile":{"background-color":"var(--ast-global-color-5)","background-image":"","background-repeat":"repeat","background-position":"center center","background-size":"auto","background-attachment":"scroll","background-type":"","background-media":"","overlay-type":"","overlay-color":"","overlay-opacity":"","overlay-gradient":""}}},"product_brand":[274],"product_cat":[692,691],"product_tag":[],"class_list":{"0":"post-52109","1":"product","2":"type-product","3":"status-publish","4":"has-post-thumbnail","6":"product_brand-avova","7":"product_cat-avova-fi","8":"product_cat-turvaistuimet","9":"desktop-align-left","10":"tablet-align-left","11":"mobile-align-left","13":"first","14":"instock","15":"taxable","16":"shipping-taxable","17":"purchasable","18":"product-type-variable"},"acf":[],"aioseo_notices":[],"_links":{"self":[{"href":"https:\/\/hummy.ee\/fi\/wp-json\/wp\/v2\/product\/52109","targetHints":{"allow":["GET"]}}],"collection":[{"href":"https:\/\/hummy.ee\/fi\/wp-json\/wp\/v2\/product"}],"about":[{"href":"https:\/\/hummy.ee\/fi\/wp-json\/wp\/v2\/types\/product"}],"replies":[{"embeddable":true,"href":"https:\/\/hummy.ee\/fi\/wp-json\/wp\/v2\/comments?post=52109"}],"version-history":[{"count":1,"href":"https:\/\/hummy.ee\/fi\/wp-json\/wp\/v2\/product\/52109\/revisions"}],"predecessor-version":[{"id":59251,"href":"https:\/\/hummy.ee\/fi\/wp-json\/wp\/v2\/product\/52109\/revisions\/59251"}],"wp:featuredmedia":[{"embeddable":true,"href":"https:\/\/hummy.ee\/fi\/wp-json\/wp\/v2\/media\/41072"}],"wp:attachment":[{"href":"https:\/\/hummy.ee\/fi\/wp-json\/wp\/v2\/media?parent=52109"}],"wp:term":[{"taxonomy":"product_brand","embeddable":true,"href":"https:\/\/hummy.ee\/fi\/wp-json\/wp\/v2\/product_brand?post=52109"},{"taxonomy":"product_cat","embeddable":true,"href":"https:\/\/hummy.ee\/fi\/wp-json\/wp\/v2\/product_cat?post=52109"},{"taxonomy":"product_tag","embeddable":true,"href":"https:\/\/hummy.ee\/fi\/wp-json\/wp\/v2\/product_tag?post=52109"}],"curies":[{"name":"wp","href":"https:\/\/api.w.org\/{rel}","templated":true}]}}