{"id":52087,"date":"2024-04-07T18:37:28","date_gmt":"2024-04-07T18:37:28","guid":{"rendered":"https:\/\/hummy.ee\/product\/abc-design-purukumi\/"},"modified":"2026-04-19T18:12:47","modified_gmt":"2026-04-19T18:12:47","slug":"abc-design-sisakumi","status":"publish","type":"product","link":"https:\/\/hummy.ee\/fi\/tuote\/abc-design-sisakumi\/","title":{"rendered":"ABC Design sis\u00e4kumi"},"content":{"rendered":"<h6 data-start=\"142\" data-end=\"203\"><em><strong>ABC Design sis\u00e4kumi \u2013 luotettava ja kest\u00e4v\u00e4 korvaava kumi<\/strong><\/em><\/h6>\n<h6 data-start=\"205\" data-end=\"546\">Tarvitsevatko ABC Design -vaunujen py\u00f6r\u00e4t uuden sis\u00e4kumin? ABC Design sis\u00e4kumi on ihanteellinen valinta, sill\u00e4 se takaa tasaisen ja mukavan ajon mit\u00e4 erilaisimmissa olosuhteissa. Laadukkaat 8,5\u201d, 10\u201d, 12\u201d, 14\u201d ja 20\u201d sis\u00e4kumimme sopivat t\u00e4ydellisesti ABC Design -ilmarenkaisiin, mutta ovat yhteensopivia my\u00f6s muiden ilmakumirenkaiden kanssa.<\/h6>\n<p>&nbsp;<\/p>\n<h6 data-start=\"548\" data-end=\"813\">Laadukas sis\u00e4kumi takaa optimaalisen pidon ja pehme\u00e4mm\u00e4n rullaavuuden, mik\u00e4 v\u00e4hent\u00e4\u00e4 kuoppia ja tekee k\u00e4velyst\u00e4 miellytt\u00e4v\u00e4mp\u00e4\u00e4 lapsellesi. Oikea ilmanpaine on t\u00e4rke\u00e4 \u2013 suositeltu paine ABC Design -ilmarenkaille on 1,8\u20132,0 bar parhaan ajokokemuksen varmistamiseksi.<\/h6>\n<p>&nbsp;<\/p>\n<h6 data-start=\"548\" data-end=\"813\"><em><strong>Miksi valita ABC Design sis\u00e4kumi?<\/strong><\/em><\/h6>\n<ul data-start=\"858\" data-end=\"1135\">\n<li data-section-id=\"fhaxtz\" data-start=\"858\" data-end=\"899\">\n<h6>Korkealaatuinen ja kest\u00e4v\u00e4 materiaali<\/h6>\n<\/li>\n<li data-section-id=\"1i1ifu7\" data-start=\"900\" data-end=\"976\">\n<h6>Yhteensopiva ABC Design -vaunumallien ja muiden ilmakumirenkaiden kanssa<\/h6>\n<\/li>\n<li data-section-id=\"10mofbu\" data-start=\"977\" data-end=\"1034\">\n<h6>Saatavana useissa kooissa: 8,5\u201d, 10\u201d, 12\u201d, 14\u201d ja 20\u201d<\/h6>\n<\/li>\n<li data-section-id=\"t32y53\" data-start=\"1035\" data-end=\"1084\">\n<h6>Varmistaa tasaisen ajon ja optimaalisen pidon<\/h6>\n<\/li>\n<li data-section-id=\"13utmcg\" data-start=\"1085\" data-end=\"1135\">\n<h6>V\u00e4hent\u00e4\u00e4 iskuja ja tarjoaa lapselle mukavuutta<\/h6>\n<\/li>\n<\/ul>\n<h6 data-section-id=\"1rwf3vk\" data-start=\"1142\" data-end=\"1192\"><strong><em>Yhteensopivuus ABC Design -vaunumallien kanssa<\/em><\/strong><\/h6>\n<h6 data-start=\"1194\" data-end=\"1208\"><em><strong>Avus Air<\/strong><\/em><\/h6>\n<ul data-start=\"1209\" data-end=\"1266\">\n<li data-section-id=\"pl1auy\" data-start=\"1209\" data-end=\"1237\">\n<h6>Etupy\u00f6r\u00e4n sis\u00e4kumi: 8,5\u201d<\/h6>\n<\/li>\n<li data-section-id=\"cqqo81\" data-start=\"1238\" data-end=\"1266\">\n<h6>Takapy\u00f6r\u00e4n sis\u00e4kumi: 10\u201d<\/h6>\n<\/li>\n<\/ul>\n<h6 data-start=\"1268\" data-end=\"1295\"><em><strong>Salsa (kaikki mallit)<\/strong><\/em><\/h6>\n<ul data-start=\"1296\" data-end=\"1423\">\n<li data-section-id=\"11ojayg\" data-start=\"1296\" data-end=\"1335\">\n<h6>Salsa 4 Air etupy\u00f6r\u00e4n sis\u00e4kumi: 10\u201d<\/h6>\n<\/li>\n<li data-section-id=\"1crro0x\" data-start=\"1336\" data-end=\"1376\">\n<h6>Salsa 4 Air takapy\u00f6r\u00e4n sis\u00e4kumi: 12\u201d<\/h6>\n<\/li>\n<li data-section-id=\"b6gpyc\" data-start=\"1377\" data-end=\"1423\">\n<h6>Salsa Run etu- ja takapy\u00f6r\u00e4n sis\u00e4kumi: 12\u201d<\/h6>\n<\/li>\n<\/ul>\n<h6 data-start=\"1425\" data-end=\"1435\"><em><strong>Tour<\/strong><\/em><\/h6>\n<ul data-start=\"1436\" data-end=\"1464\">\n<li data-section-id=\"crhjfm\" data-start=\"1436\" data-end=\"1464\">\n<h6>Takapy\u00f6r\u00e4n sis\u00e4kumi: 20\u201d<\/h6>\n<\/li>\n<\/ul>\n<h6 data-start=\"1466\" data-end=\"1491\"><em><strong>Bike Tour Sport Kit<\/strong><\/em><\/h6>\n<ul data-start=\"1492\" data-end=\"1509\">\n<li data-section-id=\"1985z1\" data-start=\"1492\" data-end=\"1509\">\n<h6>Sis\u00e4kumi: 14\u201d<\/h6>\n<\/li>\n<\/ul>\n<h6 data-section-id=\"15ztamh\" data-start=\"1516\" data-end=\"1555\"><strong><em>Miten valitsen oikean sis\u00e4kumikoon?<\/em><\/strong><\/h6>\n<h6 data-start=\"1556\" data-end=\"1751\">Jos haluat vaihtaa sis\u00e4kumin, varmista, ett\u00e4 valitset oikean koon lastenvaunuihisi tai -rattaisiisi. Oikean sis\u00e4kumin avulla saat paremman k\u00e4sitelt\u00e4vyyden, tasaisemman ajon ja pidemm\u00e4n k\u00e4ytt\u00f6i\u00e4n.<\/h6>\n<h6 data-start=\"1753\" data-end=\"1903\">Suositeltu ilmanpaine: 1,8\u20132,0 bar \u2013 pid\u00e4 renkaat kunnolla t\u00e4ytettyin\u00e4, jotta v\u00e4lt\u00e4t liian suuren tai liian alhaisen ilmanpaineen aiheuttamat vauriot.<\/h6>\n","protected":false},"excerpt":{"rendered":"<h6 data-start=\"182\" data-end=\"350\">Varaosan sis\u00e4osa ilmat\u00e4ytteisille py\u00f6rille. Ilmat\u00e4ytteiset py\u00f6r\u00e4mme sopivat 8,5\u201d, 10\u201d, 12\u201d, 14\u201d ja 20\u201d sis\u00e4renkaille. Sopii my\u00f6s muiden merkkien ilmakumirenkaisiin.<\/h6>\n","protected":false},"featured_media":22204,"comment_status":"closed","ping_status":"closed","template":"","meta":{"_acf_changed":false,"om_disable_all_campaigns":false,"_monsterinsights_skip_tracking":false,"_monsterinsights_sitenote_active":false,"_monsterinsights_sitenote_note":"","_monsterinsights_sitenote_category":0,"_uf_show_specific_survey":0,"_uf_disable_surveys":false,"site-sidebar-layout":"default","site-content-layout":"","ast-site-content-layout":"default","site-content-style":"default","site-sidebar-style":"default","ast-global-header-display":"","ast-banner-title-visibility":"","ast-main-header-display":"","ast-hfb-above-header-display":"","ast-hfb-below-header-display":"","ast-hfb-mobile-header-display":"","site-post-title":"","ast-breadcrumbs-content":"","ast-featured-img":"","footer-sml-layout":"","theme-transparent-header-meta":"default","adv-header-id-meta":"","stick-header-meta":"","header-above-stick-meta":"","header-main-stick-meta":"","header-below-stick-meta":"","astra-migrate-meta-layouts":"set","ast-page-background-enabled":"default","ast-page-background-meta":{"desktop":{"background-color":"var(--ast-global-color-4)","background-image":"","background-repeat":"repeat","background-position":"center center","background-size":"auto","background-attachment":"scroll","background-type":"","background-media":"","overlay-type":"","overlay-color":"","overlay-opacity":"","overlay-gradient":""},"tablet":{"background-color":"","background-image":"","background-repeat":"repeat","background-position":"center center","background-size":"auto","background-attachment":"scroll","background-type":"","background-media":"","overlay-type":"","overlay-color":"","overlay-opacity":"","overlay-gradient":""},"mobile":{"background-color":"","background-image":"","background-repeat":"repeat","background-position":"center center","background-size":"auto","background-attachment":"scroll","background-type":"","background-media":"","overlay-type":"","overlay-color":"","overlay-opacity":"","overlay-gradient":""}},"ast-content-background-meta":{"desktop":{"background-color":"var(--ast-global-color-5)","background-image":"","background-repeat":"repeat","background-position":"center center","background-size":"auto","background-attachment":"scroll","background-type":"","background-media":"","overlay-type":"","overlay-color":"","overlay-opacity":"","overlay-gradient":""},"tablet":{"background-color":"var(--ast-global-color-5)","background-image":"","background-repeat":"repeat","background-position":"center center","background-size":"auto","background-attachment":"scroll","background-type":"","background-media":"","overlay-type":"","overlay-color":"","overlay-opacity":"","overlay-gradient":""},"mobile":{"background-color":"var(--ast-global-color-5)","background-image":"","background-repeat":"repeat","background-position":"center center","background-size":"auto","background-attachment":"scroll","background-type":"","background-media":"","overlay-type":"","overlay-color":"","overlay-opacity":"","overlay-gradient":""}}},"product_brand":[],"product_cat":[527,721,323],"product_tag":[329],"class_list":{"0":"post-52087","1":"product","2":"type-product","3":"status-publish","4":"has-post-thumbnail","6":"product_cat-abc-design-fi","7":"product_cat-lisaa","8":"product_cat-trimmaustarvikkeet","9":"product_tag-erilliset-tuotteet","10":"desktop-align-left","11":"tablet-align-left","12":"mobile-align-left","14":"first","15":"instock","16":"taxable","17":"shipping-taxable","18":"purchasable","19":"product-type-variable"},"acf":[],"aioseo_notices":[],"_links":{"self":[{"href":"https:\/\/hummy.ee\/fi\/wp-json\/wp\/v2\/product\/52087","targetHints":{"allow":["GET"]}}],"collection":[{"href":"https:\/\/hummy.ee\/fi\/wp-json\/wp\/v2\/product"}],"about":[{"href":"https:\/\/hummy.ee\/fi\/wp-json\/wp\/v2\/types\/product"}],"replies":[{"embeddable":true,"href":"https:\/\/hummy.ee\/fi\/wp-json\/wp\/v2\/comments?post=52087"}],"version-history":[{"count":4,"href":"https:\/\/hummy.ee\/fi\/wp-json\/wp\/v2\/product\/52087\/revisions"}],"predecessor-version":[{"id":87221,"href":"https:\/\/hummy.ee\/fi\/wp-json\/wp\/v2\/product\/52087\/revisions\/87221"}],"wp:featuredmedia":[{"embeddable":true,"href":"https:\/\/hummy.ee\/fi\/wp-json\/wp\/v2\/media\/22204"}],"wp:attachment":[{"href":"https:\/\/hummy.ee\/fi\/wp-json\/wp\/v2\/media?parent=52087"}],"wp:term":[{"taxonomy":"product_brand","embeddable":true,"href":"https:\/\/hummy.ee\/fi\/wp-json\/wp\/v2\/product_brand?post=52087"},{"taxonomy":"product_cat","embeddable":true,"href":"https:\/\/hummy.ee\/fi\/wp-json\/wp\/v2\/product_cat?post=52087"},{"taxonomy":"product_tag","embeddable":true,"href":"https:\/\/hummy.ee\/fi\/wp-json\/wp\/v2\/product_tag?post=52087"}],"curies":[{"name":"wp","href":"https:\/\/api.w.org\/{rel}","templated":true}]}}