{"id":51993,"date":"2024-04-07T18:19:43","date_gmt":"2024-04-07T18:19:43","guid":{"rendered":"https:\/\/hummy.ee\/product\/moji-yippy-plain-ruokapoydan-ruokapoydan-tuoli\/"},"modified":"2026-04-17T17:40:08","modified_gmt":"2026-04-17T17:40:08","slug":"moji-yippy-plain-syottotuoli","status":"publish","type":"product","link":"https:\/\/hummy.ee\/fi\/tuote\/moji-yippy-plain-syottotuoli\/","title":{"rendered":"Moji Yippy Plain sy\u00f6tt\u00f6tuoli"},"content":{"rendered":"<h6 data-start=\"110\" data-end=\"184\"><strong><em>Yippy-sy\u00f6tt\u00f6tuoli \u2013 mukavuutta ja joustavuutta kaikenik\u00e4isille k\u00e4ytt\u00e4jille<\/em><\/strong><\/h6>\n<h6 data-start=\"186\" data-end=\"457\">Etsitk\u00f6 ergonomista ja k\u00e4yt\u00e4nn\u00f6llist\u00e4 sy\u00f6tt\u00f6tuolia, joka kasvaa lapsesi mukana? Yippy-sy\u00f6tt\u00f6tuoli on t\u00e4ydellinen ratkaisu, tarjoten nopean s\u00e4\u00e4dett\u00e4vyyden, helpon kokoamisen ja maksimaalisen vakauden \u2013 kaikki ilman monimutkaista kokoamista tai ty\u00f6kaluja!<\/h6>\n<p>&nbsp;<\/p>\n<h6 data-start=\"459\" data-end=\"499\"><strong><em>Nopea ja helppo s\u00e4\u00e4t\u00f6<\/em><\/strong><\/h6>\n<h6 data-start=\"500\" data-end=\"787\">K\u00e4yt\u00e4nn\u00f6llisen klikkij\u00e4rjestelm\u00e4n ansiosta istuimen ja jalkatuen asentoa voidaan s\u00e4\u00e4t\u00e4\u00e4 helposti. Vain kaksi yksinkertaista vaihetta, ja tuolin korkeus on s\u00e4\u00e4detty lapsen pituudelle sopivaksi. Lis\u00e4ksi tuoli on s\u00e4\u00e4dett\u00e4viss\u00e4 my\u00f6s aikuiselle, mik\u00e4 tekee siit\u00e4 monipuolisen ratkaisun p\u00e4ivitt\u00e4iseen k\u00e4ytt\u00f6\u00f6n<\/h6>\n<p>&nbsp;<\/p>\n<h6 data-start=\"789\" data-end=\"820\"><strong><em>Ihanteellinen koko perheelle<\/em><\/strong><\/h6>\n<h6 data-start=\"821\" data-end=\"1105\">Yippy-sy\u00f6tt\u00f6tuoli sopii sek\u00e4 vastasyntyneille, taaperoille ett\u00e4 aikuisille. Kun p\u00f6yd\u00e4n \u00e4\u00e4ress\u00e4 ei ole riitt\u00e4v\u00e4sti istumapaikkoja, sit\u00e4 voidaan k\u00e4ytt\u00e4\u00e4 my\u00f6s aikuisen tuolina. Kest\u00e4v\u00e4 rakenne kest\u00e4\u00e4 jopa 90 kg painon, joten se on erinomainen valinta koko perheelle.<\/h6>\n<p>&nbsp;<\/p>\n<h6 data-start=\"1107\" data-end=\"1144\"><strong><em>Kompakti ja tilaa s\u00e4\u00e4st\u00e4v\u00e4<\/em><\/strong><\/h6>\n<h6 data-start=\"1145\" data-end=\"1375\">Yht\u00e4 nopeasti kuin tuolin kokoaminen, se voidaan tarvittaessa my\u00f6s purkaa ja s\u00e4ilytt\u00e4\u00e4 tilaa s\u00e4\u00e4st\u00e4v\u00e4sti. Pakkaukseen sis\u00e4ltyv\u00e4t lattialiittimet takaavat maksimaalisen turvallisuuden ja vakauden est\u00e4en kaatumisen.<\/h6>\n<p>&nbsp;<\/p>\n<h6 data-start=\"1377\" data-end=\"1436\"><strong><em>Helppo kuljettaa \u2013 ihanteellinen matkalle tai kyl\u00e4ilyyn<\/em><\/strong><\/h6>\n<h6 data-start=\"1437\" data-end=\"1664\">Kevyen rakenteensa (vain 6,5 kg) ja kokoontaitettavan muotoilunsa ansiosta Yippy-sy\u00f6tt\u00f6tuoli on erinomainen kumppani matkoille tai isovanhempien luo. Selk\u00e4nojaan integroitu kahva tekee kuljettamisesta entist\u00e4 helpompaa.<\/h6>\n<p>&nbsp;<\/p>\n<h6 data-start=\"1666\" data-end=\"1704\"><strong><em>Miksi valita Yippy-sy\u00f6tt\u00f6tuoli?<\/em><\/strong><\/h6>\n<ul>\n<li data-start=\"1705\" data-end=\"2158\">\n<h6>Ergonominen ja kasvaa lapsesi mukana - s\u00e4\u00e4dett\u00e4viss\u00e4 6 eri asentoon<\/h6>\n<\/li>\n<li data-start=\"1705\" data-end=\"2158\">\n<h6>Helppo kokoonpano sekunneissa - ei tarvita ty\u00f6kaluja<\/h6>\n<\/li>\n<li data-start=\"1705\" data-end=\"2158\">\n<h6>Laadukas ja kest\u00e4v\u00e4 tammi - esteettinen ja pitk\u00e4ik\u00e4inen ratkaisu<\/h6>\n<\/li>\n<li data-start=\"1705\" data-end=\"2158\">\n<h6>Tilaa s\u00e4\u00e4st\u00e4v\u00e4 kokoontaitettava muotoilu - ihanteellinen pieniin koteihin<\/h6>\n<\/li>\n<li data-start=\"1705\" data-end=\"2158\">\n<h6>Turvallinen ja vakaa \u2013 varustettu k\u00e4yt\u00e4nn\u00f6llisill\u00e4 lattialiittimill\u00e4<\/h6>\n<\/li>\n<li data-start=\"1705\" data-end=\"2158\">\n<h6>Kosteudenkest\u00e4v\u00e4 ja helppo puhdistaa \u2013 vain kostea liina riitt\u00e4\u00e4<\/h6>\n<\/li>\n<\/ul>\n<h6><em><strong>Kenelle Moji on tarkoitettu?<\/strong><\/em><\/h6>\n<ul>\n<li>\n<h6>K\u00e4ytett\u00e4viss\u00e4 <a href=\"https:\/\/hummy.ee\/fi\/tuote\/moji-yippy-rvastasyntyneen-istuin\/\">vastasyntyneen istuimella<\/a>: syntym\u00e4st\u00e4 6 kuukauden ik\u00e4\u00e4n asti (enint\u00e4\u00e4n 9 kg)<\/h6>\n<\/li>\n<li>\n<h6><a href=\"https:\/\/hummy.ee\/fi\/tuote\/moji-yippy-vauvaistuin\/\">Vauvaistuimen <\/a>kanssa k\u00e4ytett\u00e4viss\u00e4: 6\u201336 kuukautta (enint\u00e4\u00e4n 15 kg)<\/h6>\n<\/li>\n<li>\n<h6>Ilman lis\u00e4varusteita k\u00e4ytett\u00e4viss\u00e4 12 kuukauden i\u00e4st\u00e4 alkaen (enint\u00e4\u00e4n 90 kg)<\/h6>\n<\/li>\n<\/ul>\n<h6><em>Katso <a href=\"https:\/\/www.youtube.com\/watch?v=WTPgAp1XOr4\" target=\"_blank\" rel=\"noopener\">esittelyvideo<\/a>, josta saat lis\u00e4tietoja.<\/em><\/h6>\n<h6><em>Tutustu <a href=\"https:\/\/hummy.ee\/fi\/johdanto-mojiin\/\" target=\"_blank\" rel=\"noopener\">Moji<\/a>-tuotevalikoimaan.<\/em><\/h6>\n","protected":false},"excerpt":{"rendered":"<h6>Premium-luokan Moji-sy\u00f6tt\u00f6tuoli sopii p\u00e4ivitt\u00e4iseen k\u00e4ytt\u00f6\u00f6n sek\u00e4 vastasyntyneille, taaperoille ett\u00e4 vanhemmille lapsille. Tuolia voidaan tarvittaessa s\u00e4\u00e4t\u00e4\u00e4 my\u00f6s aikuisen korkeudelle. Se on ihanteellinen k\u00e4ytt\u00e4\u00e4 perhejuhlissa, kun p\u00f6yd\u00e4n \u00e4\u00e4ress\u00e4 ei ole tarpeeksi tuoleja aikuisille<\/h6>\n","protected":false},"featured_media":30148,"comment_status":"closed","ping_status":"closed","template":"","meta":{"_acf_changed":false,"om_disable_all_campaigns":false,"_monsterinsights_skip_tracking":false,"_monsterinsights_sitenote_active":false,"_monsterinsights_sitenote_note":"","_monsterinsights_sitenote_category":0,"_uf_show_specific_survey":0,"_uf_disable_surveys":false,"site-sidebar-layout":"default","site-content-layout":"","ast-site-content-layout":"default","site-content-style":"default","site-sidebar-style":"default","ast-global-header-display":"","ast-banner-title-visibility":"","ast-main-header-display":"","ast-hfb-above-header-display":"","ast-hfb-below-header-display":"","ast-hfb-mobile-header-display":"","site-post-title":"","ast-breadcrumbs-content":"","ast-featured-img":"","footer-sml-layout":"","theme-transparent-header-meta":"default","adv-header-id-meta":"","stick-header-meta":"","header-above-stick-meta":"","header-main-stick-meta":"","header-below-stick-meta":"","astra-migrate-meta-layouts":"set","ast-page-background-enabled":"default","ast-page-background-meta":{"desktop":{"background-color":"var(--ast-global-color-4)","background-image":"","background-repeat":"repeat","background-position":"center center","background-size":"auto","background-attachment":"scroll","background-type":"","background-media":"","overlay-type":"","overlay-color":"","overlay-opacity":"","overlay-gradient":""},"tablet":{"background-color":"","background-image":"","background-repeat":"repeat","background-position":"center center","background-size":"auto","background-attachment":"scroll","background-type":"","background-media":"","overlay-type":"","overlay-color":"","overlay-opacity":"","overlay-gradient":""},"mobile":{"background-color":"","background-image":"","background-repeat":"repeat","background-position":"center center","background-size":"auto","background-attachment":"scroll","background-type":"","background-media":"","overlay-type":"","overlay-color":"","overlay-opacity":"","overlay-gradient":""}},"ast-content-background-meta":{"desktop":{"background-color":"var(--ast-global-color-5)","background-image":"","background-repeat":"repeat","background-position":"center center","background-size":"auto","background-attachment":"scroll","background-type":"","background-media":"","overlay-type":"","overlay-color":"","overlay-opacity":"","overlay-gradient":""},"tablet":{"background-color":"var(--ast-global-color-5)","background-image":"","background-repeat":"repeat","background-position":"center center","background-size":"auto","background-attachment":"scroll","background-type":"","background-media":"","overlay-type":"","overlay-color":"","overlay-opacity":"","overlay-gradient":""},"mobile":{"background-color":"var(--ast-global-color-5)","background-image":"","background-repeat":"repeat","background-position":"center center","background-size":"auto","background-attachment":"scroll","background-type":"","background-media":"","overlay-type":"","overlay-color":"","overlay-opacity":"","overlay-gradient":""}}},"product_brand":[],"product_cat":[596,595],"product_tag":[],"class_list":{"0":"post-51993","1":"product","2":"type-product","3":"status-publish","4":"has-post-thumbnail","6":"product_cat-moji-fi","7":"product_cat-ruokailutuolit","8":"desktop-align-left","9":"tablet-align-left","10":"mobile-align-left","12":"first","13":"instock","14":"taxable","15":"shipping-taxable","16":"purchasable","17":"product-type-variable"},"acf":[],"aioseo_notices":[],"_links":{"self":[{"href":"https:\/\/hummy.ee\/fi\/wp-json\/wp\/v2\/product\/51993","targetHints":{"allow":["GET"]}}],"collection":[{"href":"https:\/\/hummy.ee\/fi\/wp-json\/wp\/v2\/product"}],"about":[{"href":"https:\/\/hummy.ee\/fi\/wp-json\/wp\/v2\/types\/product"}],"replies":[{"embeddable":true,"href":"https:\/\/hummy.ee\/fi\/wp-json\/wp\/v2\/comments?post=51993"}],"version-history":[{"count":5,"href":"https:\/\/hummy.ee\/fi\/wp-json\/wp\/v2\/product\/51993\/revisions"}],"predecessor-version":[{"id":87025,"href":"https:\/\/hummy.ee\/fi\/wp-json\/wp\/v2\/product\/51993\/revisions\/87025"}],"wp:featuredmedia":[{"embeddable":true,"href":"https:\/\/hummy.ee\/fi\/wp-json\/wp\/v2\/media\/30148"}],"wp:attachment":[{"href":"https:\/\/hummy.ee\/fi\/wp-json\/wp\/v2\/media?parent=51993"}],"wp:term":[{"taxonomy":"product_brand","embeddable":true,"href":"https:\/\/hummy.ee\/fi\/wp-json\/wp\/v2\/product_brand?post=51993"},{"taxonomy":"product_cat","embeddable":true,"href":"https:\/\/hummy.ee\/fi\/wp-json\/wp\/v2\/product_cat?post=51993"},{"taxonomy":"product_tag","embeddable":true,"href":"https:\/\/hummy.ee\/fi\/wp-json\/wp\/v2\/product_tag?post=51993"}],"curies":[{"name":"wp","href":"https:\/\/api.w.org\/{rel}","templated":true}]}}