{"id":51952,"date":"2024-04-07T18:21:16","date_gmt":"2024-04-07T18:21:16","guid":{"rendered":"https:\/\/hummy.ee\/product\/moji-yippy-ruokailutuolin-tarjotin\/"},"modified":"2026-04-17T13:33:29","modified_gmt":"2026-04-17T13:33:29","slug":"moji-yippy-tarjotin","status":"publish","type":"product","link":"https:\/\/hummy.ee\/fi\/tuote\/moji-yippy-tarjotin\/","title":{"rendered":"Moji Yippy tarjotin"},"content":{"rendered":"<h6 data-start=\"561\" data-end=\"602\"><strong><em>Miksi valita Moji Yippy -tarjotin?<\/em><\/strong><\/h6>\n<ul>\n<li data-start=\"603\" data-end=\"1023\">\n<h6>Turvallinen ja vakaa pinta \u2013 pit\u00e4\u00e4 lautaset ja kupit paikoillaan ja est\u00e4\u00e4 liukumisen<\/h6>\n<\/li>\n<li data-start=\"603\" data-end=\"1023\">\n<h6>Helppo kiinnitt\u00e4\u00e4 \u2013 ei tarvita ty\u00f6kaluja, yhteensopiva Moji Yippy -aloituspaketin kanssa<\/h6>\n<\/li>\n<li data-start=\"603\" data-end=\"1023\">\n<h6>Hygieeninen ja helposti puhdistettava \u2013 sile\u00e4 pinta mahdollistaa nopean puhdistamisen<\/h6>\n<\/li>\n<li data-start=\"603\" data-end=\"1023\">\n<h6>Monipuolinen k\u00e4ytt\u00f6 \u2013 ihanteellinen ruokailuun, leikkiin ja piirt\u00e4miseen<\/h6>\n<\/li>\n<li data-start=\"603\" data-end=\"1023\">\n<h6>Laadukas ja kest\u00e4v\u00e4 \u2013 suunniteltu p\u00e4ivitt\u00e4iseen k\u00e4ytt\u00f6\u00f6n<\/h6>\n<\/li>\n<\/ul>\n<h6 data-start=\"1025\" data-end=\"1064\"><\/h6>\n<h6 data-start=\"1025\" data-end=\"1064\"><strong><em>Helppo ja vaivaton asennus<\/em><\/strong><\/h6>\n<h6 data-start=\"1065\" data-end=\"1287\">Kiinnitt\u00e4minen on eritt\u00e4in helppoa! \u00c4lykk\u00e4\u00e4n muotoilun ansiosta Yippy-tarjotin voidaan kiinnitt\u00e4\u00e4 suoraan sy\u00f6tt\u00f6tuolin vauvaistuimeen ilman ty\u00f6kaluja. Aloituspaketti on tarpeellinen, mutta se myyd\u00e4\u00e4n erikseen.<\/h6>\n<p>&nbsp;<\/p>\n<h6 data-start=\"1289\" data-end=\"1348\"><strong><em>Helppo puhdistaa - hygieeninen ja k\u00e4yt\u00e4nn\u00f6llinen<\/em><\/strong><\/h6>\n<h6 data-start=\"1349\" data-end=\"1534\">Ruokatahrat ja kaatunut ruoka eiv\u00e4t ole en\u00e4\u00e4 ongelma! Sile\u00e4 pinta mahdollistaa tarjottimen nopean puhdistamisen kostealla liinalla, varmistaen hygieenisen ja puhtaan ymp\u00e4rist\u00f6n lapsen ruokailuun.<\/h6>\n<p>&nbsp;<\/p>\n<h6 data-start=\"1536\" data-end=\"1564\"><strong><em>Tekniset tiedot<\/em><\/strong><\/h6>\n<ul data-start=\"1565\" data-end=\"1930\">\n<li data-start=\"1565\" data-end=\"1670\">\n<h6>Yhteensopivuus: kiinnitet\u00e4\u00e4n Moji Yippy -sy\u00f6tt\u00f6tuolin vauvaistuimeen (aloituspaketti tarvitaan \u2013 myyd\u00e4\u00e4n erikseen<\/h6>\n<\/li>\n<li data-start=\"1671\" data-end=\"1722\">\n<h6>Materiaali: korkealaatuinen ja kest\u00e4v\u00e4 muovi<\/h6>\n<\/li>\n<li data-start=\"1723\" data-end=\"1764\">\n<h6>Asennus: ei tarvita ty\u00f6kaluja<\/h6>\n<\/li>\n<li data-start=\"1765\" data-end=\"1812\">\n<h6>Huolto: helppo puhdistaa kostealla liinalla<\/h6>\n<\/li>\n<li data-start=\"1813\" data-end=\"1858\">\n<h6>Mitat: 44 x 38 x 5,5 cm<\/h6>\n<\/li>\n<li data-start=\"1859\" data-end=\"1902\">\n<h6>Jalustan mitat: 42 x 16 cm<\/h6>\n<\/li>\n<li data-start=\"1903\" data-end=\"1930\">\n<h6>Tuotteen paino: 1,28 kg<\/h6>\n<\/li>\n<\/ul>\n<h6 data-start=\"1932\" data-end=\"1984\"><strong><em>Tee ruokailuhetkist\u00e4 helpompia ja mukavampia!<\/em><\/strong><\/h6>\n<h6 data-start=\"1985\" data-end=\"2206\">Moji Yippy -tarjotin tarjoaa lapsellesi vakaan ja turvallisen pinnan ruokailuun, leikkiin ja luovaan tekemiseen. Helppo asentaa, mukava k\u00e4ytt\u00e4\u00e4 ja helppo puhdistaa \u2013 t\u00e4ydellinen ratkaisu jokap\u00e4iv\u00e4iseen k\u00e4ytt\u00f6\u00f6n!<\/h6>\n<p>&nbsp;<\/p>\n<h6><em>Katso <a href=\"https:\/\/www.youtube.com\/watch?v=GM2jMEW9_e0\" target=\"_blank\" rel=\"noopener\">esittelyvideo<\/a>, josta saat lis\u00e4tietoja.<\/em><\/h6>\n<h6><em>Tutustu <a href=\"https:\/\/hummy.ee\/fi\/johdanto-mojiin\/\" target=\"_blank\" rel=\"noopener\">Moji<\/a>-tuotevalikoimaan.<\/em><\/h6>\n<h6><\/h6>\n","protected":false},"excerpt":{"rendered":"<h6 data-start=\"237\" data-end=\"315\">Moji Yippy -sy\u00f6tt\u00f6tuolin tarjotin \u2013 mukava ja k\u00e4yt\u00e4nn\u00f6llinen lis\u00e4 lapsellesi. Moji Yippy -tarjotin on t\u00e4ydellinen lis\u00e4 lapsesi sy\u00f6tt\u00f6tuoliin, tehden siit\u00e4 entist\u00e4 k\u00e4yt\u00e4nn\u00f6llisemm\u00e4n ja mukavamman. Sen ansiosta pieni lapsesi voi mukavasti sy\u00f6d\u00e4, leikki\u00e4 ja piirt\u00e4\u00e4 ilman, ett\u00e4 h\u00e4nen tarvitsee istua erilliselle p\u00f6yd\u00e4lle.<\/h6>\n","protected":false},"featured_media":23492,"comment_status":"closed","ping_status":"closed","template":"","meta":{"_acf_changed":false,"om_disable_all_campaigns":false,"_monsterinsights_skip_tracking":false,"_monsterinsights_sitenote_active":false,"_monsterinsights_sitenote_note":"","_monsterinsights_sitenote_category":0,"_uf_show_specific_survey":0,"_uf_disable_surveys":false,"site-sidebar-layout":"default","site-content-layout":"","ast-site-content-layout":"default","site-content-style":"default","site-sidebar-style":"default","ast-global-header-display":"","ast-banner-title-visibility":"","ast-main-header-display":"","ast-hfb-above-header-display":"","ast-hfb-below-header-display":"","ast-hfb-mobile-header-display":"","site-post-title":"","ast-breadcrumbs-content":"","ast-featured-img":"","footer-sml-layout":"","theme-transparent-header-meta":"default","adv-header-id-meta":"","stick-header-meta":"","header-above-stick-meta":"","header-main-stick-meta":"","header-below-stick-meta":"","astra-migrate-meta-layouts":"set","ast-page-background-enabled":"default","ast-page-background-meta":{"desktop":{"background-color":"var(--ast-global-color-4)","background-image":"","background-repeat":"repeat","background-position":"center center","background-size":"auto","background-attachment":"scroll","background-type":"","background-media":"","overlay-type":"","overlay-color":"","overlay-opacity":"","overlay-gradient":""},"tablet":{"background-color":"","background-image":"","background-repeat":"repeat","background-position":"center center","background-size":"auto","background-attachment":"scroll","background-type":"","background-media":"","overlay-type":"","overlay-color":"","overlay-opacity":"","overlay-gradient":""},"mobile":{"background-color":"","background-image":"","background-repeat":"repeat","background-position":"center center","background-size":"auto","background-attachment":"scroll","background-type":"","background-media":"","overlay-type":"","overlay-color":"","overlay-opacity":"","overlay-gradient":""}},"ast-content-background-meta":{"desktop":{"background-color":"var(--ast-global-color-5)","background-image":"","background-repeat":"repeat","background-position":"center center","background-size":"auto","background-attachment":"scroll","background-type":"","background-media":"","overlay-type":"","overlay-color":"","overlay-opacity":"","overlay-gradient":""},"tablet":{"background-color":"var(--ast-global-color-5)","background-image":"","background-repeat":"repeat","background-position":"center center","background-size":"auto","background-attachment":"scroll","background-type":"","background-media":"","overlay-type":"","overlay-color":"","overlay-opacity":"","overlay-gradient":""},"mobile":{"background-color":"var(--ast-global-color-5)","background-image":"","background-repeat":"repeat","background-position":"center center","background-size":"auto","background-attachment":"scroll","background-type":"","background-media":"","overlay-type":"","overlay-color":"","overlay-opacity":"","overlay-gradient":""}}},"product_brand":[],"product_cat":[596,595],"product_tag":[],"class_list":{"0":"post-51952","1":"product","2":"type-product","3":"status-publish","4":"has-post-thumbnail","6":"product_cat-moji-fi","7":"product_cat-ruokailutuolit","8":"desktop-align-left","9":"tablet-align-left","10":"mobile-align-left","12":"first","13":"instock","14":"taxable","15":"shipping-taxable","16":"purchasable","17":"product-type-variable"},"acf":[],"aioseo_notices":[],"_links":{"self":[{"href":"https:\/\/hummy.ee\/fi\/wp-json\/wp\/v2\/product\/51952","targetHints":{"allow":["GET"]}}],"collection":[{"href":"https:\/\/hummy.ee\/fi\/wp-json\/wp\/v2\/product"}],"about":[{"href":"https:\/\/hummy.ee\/fi\/wp-json\/wp\/v2\/types\/product"}],"replies":[{"embeddable":true,"href":"https:\/\/hummy.ee\/fi\/wp-json\/wp\/v2\/comments?post=51952"}],"version-history":[{"count":3,"href":"https:\/\/hummy.ee\/fi\/wp-json\/wp\/v2\/product\/51952\/revisions"}],"predecessor-version":[{"id":87010,"href":"https:\/\/hummy.ee\/fi\/wp-json\/wp\/v2\/product\/51952\/revisions\/87010"}],"wp:featuredmedia":[{"embeddable":true,"href":"https:\/\/hummy.ee\/fi\/wp-json\/wp\/v2\/media\/23492"}],"wp:attachment":[{"href":"https:\/\/hummy.ee\/fi\/wp-json\/wp\/v2\/media?parent=51952"}],"wp:term":[{"taxonomy":"product_brand","embeddable":true,"href":"https:\/\/hummy.ee\/fi\/wp-json\/wp\/v2\/product_brand?post=51952"},{"taxonomy":"product_cat","embeddable":true,"href":"https:\/\/hummy.ee\/fi\/wp-json\/wp\/v2\/product_cat?post=51952"},{"taxonomy":"product_tag","embeddable":true,"href":"https:\/\/hummy.ee\/fi\/wp-json\/wp\/v2\/product_tag?post=51952"}],"curies":[{"name":"wp","href":"https:\/\/api.w.org\/{rel}","templated":true}]}}