{"id":51939,"date":"2024-04-07T18:20:42","date_gmt":"2024-04-07T18:20:42","guid":{"rendered":"https:\/\/hummy.ee\/product\/moji-yippy-ruokailutuolin-istuintyynyjen-pehmuste-moji-yippy\/"},"modified":"2026-04-17T14:02:42","modified_gmt":"2026-04-17T14:02:42","slug":"moji-yippy-istuinpehmuste","status":"publish","type":"product","link":"https:\/\/hummy.ee\/fi\/tuote\/moji-yippy-istuinpehmuste\/","title":{"rendered":"Moji Yippy istuinpehmuste"},"content":{"rendered":"<h6 data-start=\"587\" data-end=\"636\"><strong><em>Miksi valita Moji Yippy istuinpehmuste?<\/em><\/strong><\/h6>\n<ul>\n<li data-start=\"637\" data-end=\"1032\">\n<h6>Maksimaalinen istuinmukavuus \u2013 pehme\u00e4 pehmustus takaa lapselle miellytt\u00e4v\u00e4n kokemuksen<\/h6>\n<\/li>\n<li data-start=\"637\" data-end=\"1032\">\n<h6>Helppo kiinnitt\u00e4\u00e4 ja irrottaa \u2013 tarrakiinnitykset pit\u00e4v\u00e4t pehmusteet tukevasti paikoillaan<\/h6>\n<\/li>\n<li data-start=\"637\" data-end=\"1032\">\n<h6>Liukumaton muotoilu \u2013 pysyy vakaasti ilman jatkuvaa s\u00e4\u00e4t\u00e4mist\u00e4<\/h6>\n<\/li>\n<li data-start=\"637\" data-end=\"1032\">\n<h6>Helposti puhdistettava \u2013 kaikki osat ovat irrotettavia ja pest\u00e4vi\u00e4<\/h6>\n<\/li>\n<li data-start=\"637\" data-end=\"1032\">\n<h6>Sopii t\u00e4ydellisesti Yippy Moji -sy\u00f6tt\u00f6tuoliin \u2013 suunniteltu t\u00e4ydelliseen istuvuuteen<\/h6>\n<\/li>\n<\/ul>\n<h6 data-start=\"1034\" data-end=\"1081\"><strong><em>T\u00e4ydellinen istuinmukavuus kaikenik\u00e4isille<\/em><\/strong><\/h6>\n<h6 data-start=\"1082\" data-end=\"1264\">Pehmustettu selk\u00e4nojan pehmuste, istuinpehmuste ja haarapehmuste luovat ergonomisen ja tukevan istuma-asennon, joka auttaa v\u00e4ltt\u00e4m\u00e4\u00e4n ep\u00e4mukavuutta jopa pidempien ruokailuhetkien aikana<\/h6>\n<p>&nbsp;<\/p>\n<h6 data-start=\"1266\" data-end=\"1304\"><strong><em>Nopea ja helppo kiinnitys<\/em><\/strong><\/h6>\n<h6 data-start=\"1305\" data-end=\"1515\">Selk\u00e4pehmuste kiinnittyy aloituspaketin selk\u00e4nojaan tarrakiinnityksell\u00e4, samalla kun istuinpehmuste ja haarapehmuste asennetaan yht\u00e4 helposti, varmistaen tiiviin ja tukevan istuvuuden, joka ei liu\u2019u eik\u00e4 siirry<\/h6>\n<p>&nbsp;<\/p>\n<h6 data-start=\"1517\" data-end=\"1580\"><strong><em>Helppo puhdistus \u2013 irrotettavat ja pest\u00e4v\u00e4t p\u00e4\u00e4lliset<\/em><\/strong><\/h6>\n<h6 data-start=\"1581\" data-end=\"1842\">Koska taaperot voivat helposti sotkea ruokailun aikana, Moji Yippy -istuimen pehmuste on suunniteltu vanhempien mukavuutta silm\u00e4ll\u00e4 pit\u00e4en. Kun pieni vahinko sattuu, kaikki p\u00e4\u00e4lliset on helppo irrottaa ja pest\u00e4, pit\u00e4en tuolin puhtaana ja hygieenisen\u00e4<\/h6>\n<p>&nbsp;<\/p>\n<ul>\n<li>\n<h6>K\u00e4yt\u00e4nn\u00f6llinen istuinpehmuste on suunniteltu Moji Yippy -sy\u00f6tt\u00f6tuoliin<\/h6>\n<\/li>\n<li>\n<h6>Sopii t\u00e4ydellisesti Yippy Moji -sy\u00f6tt\u00f6tuolin <a href=\"https:\/\/hummy.ee\/fi\/tuote\/moji-yippy-vauvaistuin\/\">vauvaistuimeen<\/a><\/h6>\n<\/li>\n<li>\n<h6>Helppo puhdistaa: k\u00e4sinpesutoiminto pesukoneessa<\/h6>\n<\/li>\n<li>\n<h6>Kiinnitys: takilan avulla.<\/h6>\n<\/li>\n<\/ul>\n<h6><\/h6>\n<h6><em>Katso <a href=\"https:\/\/www.youtube.com\/watch?v=lqAxOYOyVZE\" target=\"_blank\" rel=\"noopener\">esittelyvideo<\/a>, josta saat lis\u00e4tietoja.<\/em><\/h6>\n<h6><em>Tutustu <a href=\"https:\/\/hummy.ee\/fi\/moji-esittely\/\" target=\"_blank\" rel=\"noopener\">Moji<\/a>-tuotevalikoimaan.<\/em><\/h6>\n","protected":false},"excerpt":{"rendered":"<h6 data-start=\"167\" data-end=\"239\">Moji Yippy -istuimen pehmuste \u2013 lis\u00e4mukavuutta ja suojaa lapsellesi. Viett\u00e4k\u00f6 lapsesi paljon aikaa Moji Yippy -sy\u00f6tt\u00f6tuolissa? Pitk\u00e4aikainen istuminen voi ilman pehmustetta tuntua ep\u00e4mukavalta, mutta Moji Yippy -istuimen pehmuste tarjoaa siihen t\u00e4ydellisen ratkaisun! Pehmustettu selk\u00e4- ja istuinpehmuste sek\u00e4 haarapehmuste varmistavat, ett\u00e4 taaperosi tuntee olonsa mukavaksi ja tuetuksi jokaisella aterialla.<\/h6>\n","protected":false},"featured_media":30516,"comment_status":"closed","ping_status":"closed","template":"","meta":{"_acf_changed":false,"om_disable_all_campaigns":false,"_monsterinsights_skip_tracking":false,"_monsterinsights_sitenote_active":false,"_monsterinsights_sitenote_note":"","_monsterinsights_sitenote_category":0,"_uf_show_specific_survey":0,"_uf_disable_surveys":false,"site-sidebar-layout":"default","site-content-layout":"","ast-site-content-layout":"default","site-content-style":"default","site-sidebar-style":"default","ast-global-header-display":"","ast-banner-title-visibility":"","ast-main-header-display":"","ast-hfb-above-header-display":"","ast-hfb-below-header-display":"","ast-hfb-mobile-header-display":"","site-post-title":"","ast-breadcrumbs-content":"","ast-featured-img":"","footer-sml-layout":"","theme-transparent-header-meta":"default","adv-header-id-meta":"","stick-header-meta":"","header-above-stick-meta":"","header-main-stick-meta":"","header-below-stick-meta":"","astra-migrate-meta-layouts":"set","ast-page-background-enabled":"default","ast-page-background-meta":{"desktop":{"background-color":"var(--ast-global-color-4)","background-image":"","background-repeat":"repeat","background-position":"center center","background-size":"auto","background-attachment":"scroll","background-type":"","background-media":"","overlay-type":"","overlay-color":"","overlay-opacity":"","overlay-gradient":""},"tablet":{"background-color":"","background-image":"","background-repeat":"repeat","background-position":"center center","background-size":"auto","background-attachment":"scroll","background-type":"","background-media":"","overlay-type":"","overlay-color":"","overlay-opacity":"","overlay-gradient":""},"mobile":{"background-color":"","background-image":"","background-repeat":"repeat","background-position":"center center","background-size":"auto","background-attachment":"scroll","background-type":"","background-media":"","overlay-type":"","overlay-color":"","overlay-opacity":"","overlay-gradient":""}},"ast-content-background-meta":{"desktop":{"background-color":"var(--ast-global-color-5)","background-image":"","background-repeat":"repeat","background-position":"center center","background-size":"auto","background-attachment":"scroll","background-type":"","background-media":"","overlay-type":"","overlay-color":"","overlay-opacity":"","overlay-gradient":""},"tablet":{"background-color":"var(--ast-global-color-5)","background-image":"","background-repeat":"repeat","background-position":"center center","background-size":"auto","background-attachment":"scroll","background-type":"","background-media":"","overlay-type":"","overlay-color":"","overlay-opacity":"","overlay-gradient":""},"mobile":{"background-color":"var(--ast-global-color-5)","background-image":"","background-repeat":"repeat","background-position":"center center","background-size":"auto","background-attachment":"scroll","background-type":"","background-media":"","overlay-type":"","overlay-color":"","overlay-opacity":"","overlay-gradient":""}}},"product_brand":[],"product_cat":[596,595],"product_tag":[329],"class_list":{"0":"post-51939","1":"product","2":"type-product","3":"status-publish","4":"has-post-thumbnail","6":"product_cat-moji-fi","7":"product_cat-ruokailutuolit","8":"product_tag-erilliset-tuotteet","9":"desktop-align-left","10":"tablet-align-left","11":"mobile-align-left","13":"first","14":"instock","15":"taxable","16":"shipping-taxable","17":"purchasable","18":"product-type-variable"},"acf":[],"aioseo_notices":[],"_links":{"self":[{"href":"https:\/\/hummy.ee\/fi\/wp-json\/wp\/v2\/product\/51939","targetHints":{"allow":["GET"]}}],"collection":[{"href":"https:\/\/hummy.ee\/fi\/wp-json\/wp\/v2\/product"}],"about":[{"href":"https:\/\/hummy.ee\/fi\/wp-json\/wp\/v2\/types\/product"}],"replies":[{"embeddable":true,"href":"https:\/\/hummy.ee\/fi\/wp-json\/wp\/v2\/comments?post=51939"}],"version-history":[{"count":3,"href":"https:\/\/hummy.ee\/fi\/wp-json\/wp\/v2\/product\/51939\/revisions"}],"predecessor-version":[{"id":87014,"href":"https:\/\/hummy.ee\/fi\/wp-json\/wp\/v2\/product\/51939\/revisions\/87014"}],"wp:featuredmedia":[{"embeddable":true,"href":"https:\/\/hummy.ee\/fi\/wp-json\/wp\/v2\/media\/30516"}],"wp:attachment":[{"href":"https:\/\/hummy.ee\/fi\/wp-json\/wp\/v2\/media?parent=51939"}],"wp:term":[{"taxonomy":"product_brand","embeddable":true,"href":"https:\/\/hummy.ee\/fi\/wp-json\/wp\/v2\/product_brand?post=51939"},{"taxonomy":"product_cat","embeddable":true,"href":"https:\/\/hummy.ee\/fi\/wp-json\/wp\/v2\/product_cat?post=51939"},{"taxonomy":"product_tag","embeddable":true,"href":"https:\/\/hummy.ee\/fi\/wp-json\/wp\/v2\/product_tag?post=51939"}],"curies":[{"name":"wp","href":"https:\/\/api.w.org\/{rel}","templated":true}]}}