{"id":51904,"date":"2024-07-01T11:38:24","date_gmt":"2024-07-01T11:38:24","guid":{"rendered":"https:\/\/hummy.ee\/product\/abc-design-tour-urheilu-vaunu\/"},"modified":"2026-05-01T10:34:46","modified_gmt":"2026-05-01T10:34:46","slug":"abc-design-tour-pyorakarry","status":"publish","type":"product","link":"https:\/\/hummy.ee\/fi\/tuote\/abc-design-tour-pyorakarry\/","title":{"rendered":"ABC Design Tour py\u00f6r\u00e4k\u00e4rry"},"content":{"rendered":"<h6><strong><em>Maksimaalinen mukavuus ja turvallisuus<\/em><\/strong><\/h6>\n<h6>ABC Design Tour ei ole vain joustava, vaan my\u00f6s eritt\u00e4in k\u00e4yt\u00e4nn\u00f6llinen ja turvallinen<\/h6>\n<h6><\/h6>\n<ul>\n<li data-start=\"712\" data-end=\"1116\">\n<h6>CozyCloud\u00ae-mukavuusistuimet \u2013 yksil\u00f6llisesti s\u00e4\u00e4dett\u00e4v\u00e4t, pehme\u00e4sti pehmustetut ja lepoasentoon s\u00e4\u00e4dett\u00e4v\u00e4t.<\/h6>\n<\/li>\n<li data-start=\"712\" data-end=\"1116\">\n<h6>5-pistevaljaat \u2013 takaavat lapsellesi parhaan mahdollisen suojan jokaisella matkalla.<\/h6>\n<\/li>\n<li data-start=\"712\" data-end=\"1116\">\n<h6>Tehokas jarruj\u00e4rjestelm\u00e4 \u2013 k\u00e4si- ja levyjarrut sek\u00e4 rannelenkki takaavat t\u00e4ydellisen hallinnan liikkeess\u00e4 ja jarrutuksessa.<\/h6>\n<\/li>\n<li data-start=\"712\" data-end=\"1116\">\n<h6>Ergonominen jousitus<\/h6>\n<\/li>\n<li data-start=\"1123\" data-end=\"1169\">\n<h6>Edistyneet ominaisuudet ja toiminnot<\/h6>\n<\/li>\n<li data-start=\"1171\" data-end=\"1575\">\n<h6>Tilava tavaratila<\/h6>\n<\/li>\n<li data-start=\"1171\" data-end=\"1575\">\n<h6>Kolme yhdess\u00e4 \u2013 hyttysverkko, sadesuoja ja UPF 50+ -aurinkosuoja takaavat lapsellesi optimaalisen suojan kaikissa s\u00e4\u00e4olosuhteissa<\/h6>\n<\/li>\n<li data-start=\"1171\" data-end=\"1575\">\n<h6>Vett\u00e4 hylkiv\u00e4t ja kest\u00e4v\u00e4t materiaalit<\/h6>\n<\/li>\n<li data-start=\"1171\" data-end=\"1575\">\n<h6>Kompakti ja tilaa s\u00e4\u00e4st\u00e4v\u00e4 muotoilu<\/h6>\n<\/li>\n<\/ul>\n<h6><strong><em>Tekniset tiedot<\/em><\/strong><\/h6>\n<ul>\n<li data-start=\"1611\" data-end=\"2129\">\n<h6>Suurin kantavuus: 49 kg (enint\u00e4\u00e4n 2 lasta, enint\u00e4\u00e4n 22 kg per lapsi)<\/h6>\n<\/li>\n<li data-start=\"1611\" data-end=\"2129\">\n<h6>Ostoskorin kapasiteetti: 5 kg<\/h6>\n<\/li>\n<li data-start=\"1611\" data-end=\"2129\">\n<h6>Mitat avattuna: 109 x 80,5 cm<\/h6>\n<\/li>\n<li data-start=\"1611\" data-end=\"2129\">\n<h6>Mitat kokoontaitettuna: 62,5 x 80,5 x 71,5 cm.<\/h6>\n<\/li>\n<li data-start=\"1611\" data-end=\"2129\">\n<h6>Kokonaiset\u00e4isyys: 65 cm<\/h6>\n<\/li>\n<li data-start=\"1611\" data-end=\"2129\">\n<h6>Tuotteen paino: 26,5 kg<\/h6>\n<\/li>\n<li data-start=\"1611\" data-end=\"2129\">\n<h6>Etupy\u00f6r\u00e4t: 24 cm \/ Takapy\u00f6r\u00e4t: 49,5 cm<\/h6>\n<\/li>\n<li data-start=\"1611\" data-end=\"2129\">\n<h6>Ty\u00f6nt\u00f6tangon korkeus: 75 - 111 cm<\/h6>\n<\/li>\n<\/ul>\n<h6><br data-start=\"1950\" data-end=\"1953\" \/><strong><em>Ik\u00e4suositus<\/em><\/strong><\/h6>\n<ul>\n<li>\n<h6>Lastenrattaana: alkaen 6 kuukaudesta (syntym\u00e4st\u00e4 l\u00e4htien vastasyntyneen <a href=\"https:\/\/hummy.ee\/fi\/tuote\/abc-design-tour-rattaiden-lastenistuin\/\" target=\"_blank\" rel=\"noopener\">vaunukopan <\/a>kanssa)<\/h6>\n<\/li>\n<li>\n<h6>Py\u00f6r\u00e4k\u00e4rryn\u00e4: alkaen 6 kuukaudesta<\/h6>\n<\/li>\n<li>\n<h6>Juoksurattaana: alkaen 6 kuukaudesta<\/h6>\n<\/li>\n<\/ul>\n<h6><\/h6>\n<h6>Oletteko valmiita uuteen seikkailuun? ABC Design Tour on t\u00e4ydellinen kumppani aktiivisille perheille, jotka haluavat nauttia el\u00e4m\u00e4st\u00e4 mukavasti ja turvallisesti.<\/h6>\n<p>&nbsp;<\/p>\n<h6><em>Katso <a href=\"https:\/\/www.youtube.com\/watch?v=B0YODvWR8dg\">esittelyvideo <\/a>ja saat lis\u00e4tietoja.<\/em><\/h6>\n","protected":false},"excerpt":{"rendered":"<h6 data-start=\"80\" data-end=\"156\">Tutustu maailmaan uudella tavalla \u2013 ABC Design Tour 3-hengen py\u00f6r\u00e4k\u00e4rry. ABC Design Tour tekee jokaisesta p\u00e4iv\u00e4st\u00e4 seikkailun! T\u00e4m\u00e4 monipuolinen py\u00f6r\u00e4k\u00e4rry on ihanteellinen aktiivisille perheille, jotka haluavat nauttia luonnosta, urheilusta ja yhdess\u00e4 vietetyist\u00e4 hetkist\u00e4. Suunnittelitpa sitten k\u00e4vely\u00e4 puistossa, aamulenkki\u00e4, perheretke\u00e4 maaseudulla tai j\u00e4nnitt\u00e4v\u00e4\u00e4 py\u00f6r\u00e4retke\u00e4, matka on aina valmiina! \u00c4lykk\u00e4\u00e4n 3-in-1-j\u00e4rjestelm\u00e4n ansiosta voit muuttaa sen nopeasti ja helposti rattaista juoksurattaiksi tai turvalliseksi py\u00f6r\u00e4k\u00e4rryksi.<\/h6>\n","protected":false},"featured_media":91008,"comment_status":"closed","ping_status":"closed","template":"","meta":{"_acf_changed":false,"om_disable_all_campaigns":false,"_monsterinsights_skip_tracking":false,"_monsterinsights_sitenote_active":false,"_monsterinsights_sitenote_note":"","_monsterinsights_sitenote_category":0,"_uf_show_specific_survey":0,"_uf_disable_surveys":false,"site-sidebar-layout":"default","site-content-layout":"","ast-site-content-layout":"default","site-content-style":"default","site-sidebar-style":"default","ast-global-header-display":"","ast-banner-title-visibility":"","ast-main-header-display":"","ast-hfb-above-header-display":"","ast-hfb-below-header-display":"","ast-hfb-mobile-header-display":"","site-post-title":"","ast-breadcrumbs-content":"","ast-featured-img":"","footer-sml-layout":"","theme-transparent-header-meta":"default","adv-header-id-meta":"","stick-header-meta":"","header-above-stick-meta":"","header-main-stick-meta":"","header-below-stick-meta":"","astra-migrate-meta-layouts":"set","ast-page-background-enabled":"default","ast-page-background-meta":{"desktop":{"background-color":"var(--ast-global-color-4)","background-image":"","background-repeat":"repeat","background-position":"center center","background-size":"auto","background-attachment":"scroll","background-type":"","background-media":"","overlay-type":"","overlay-color":"","overlay-opacity":"","overlay-gradient":""},"tablet":{"background-color":"","background-image":"","background-repeat":"repeat","background-position":"center center","background-size":"auto","background-attachment":"scroll","background-type":"","background-media":"","overlay-type":"","overlay-color":"","overlay-opacity":"","overlay-gradient":""},"mobile":{"background-color":"","background-image":"","background-repeat":"repeat","background-position":"center center","background-size":"auto","background-attachment":"scroll","background-type":"","background-media":"","overlay-type":"","overlay-color":"","overlay-opacity":"","overlay-gradient":""}},"ast-content-background-meta":{"desktop":{"background-color":"var(--ast-global-color-5)","background-image":"","background-repeat":"repeat","background-position":"center center","background-size":"auto","background-attachment":"scroll","background-type":"","background-media":"","overlay-type":"","overlay-color":"","overlay-opacity":"","overlay-gradient":""},"tablet":{"background-color":"var(--ast-global-color-5)","background-image":"","background-repeat":"repeat","background-position":"center center","background-size":"auto","background-attachment":"scroll","background-type":"","background-media":"","overlay-type":"","overlay-color":"","overlay-opacity":"","overlay-gradient":""},"mobile":{"background-color":"var(--ast-global-color-5)","background-image":"","background-repeat":"repeat","background-position":"center center","background-size":"auto","background-attachment":"scroll","background-type":"","background-media":"","overlay-type":"","overlay-color":"","overlay-opacity":"","overlay-gradient":""}}},"product_brand":[],"product_cat":[527,561,410,574],"product_tag":[],"class_list":{"0":"post-51904","1":"product","2":"type-product","3":"status-publish","4":"has-post-thumbnail","6":"product_cat-abc-design-fi","7":"product_cat-kaksosrattaat","8":"product_cat-sailioauto","9":"product_cat-urheilukarryt","10":"desktop-align-left","11":"tablet-align-left","12":"mobile-align-left","14":"first","15":"instock","16":"sale","17":"taxable","18":"shipping-taxable","19":"purchasable","20":"product-type-variable"},"acf":[],"aioseo_notices":[],"_links":{"self":[{"href":"https:\/\/hummy.ee\/fi\/wp-json\/wp\/v2\/product\/51904","targetHints":{"allow":["GET"]}}],"collection":[{"href":"https:\/\/hummy.ee\/fi\/wp-json\/wp\/v2\/product"}],"about":[{"href":"https:\/\/hummy.ee\/fi\/wp-json\/wp\/v2\/types\/product"}],"replies":[{"embeddable":true,"href":"https:\/\/hummy.ee\/fi\/wp-json\/wp\/v2\/comments?post=51904"}],"version-history":[{"count":12,"href":"https:\/\/hummy.ee\/fi\/wp-json\/wp\/v2\/product\/51904\/revisions"}],"predecessor-version":[{"id":88496,"href":"https:\/\/hummy.ee\/fi\/wp-json\/wp\/v2\/product\/51904\/revisions\/88496"}],"wp:featuredmedia":[{"embeddable":true,"href":"https:\/\/hummy.ee\/fi\/wp-json\/wp\/v2\/media\/91008"}],"wp:attachment":[{"href":"https:\/\/hummy.ee\/fi\/wp-json\/wp\/v2\/media?parent=51904"}],"wp:term":[{"taxonomy":"product_brand","embeddable":true,"href":"https:\/\/hummy.ee\/fi\/wp-json\/wp\/v2\/product_brand?post=51904"},{"taxonomy":"product_cat","embeddable":true,"href":"https:\/\/hummy.ee\/fi\/wp-json\/wp\/v2\/product_cat?post=51904"},{"taxonomy":"product_tag","embeddable":true,"href":"https:\/\/hummy.ee\/fi\/wp-json\/wp\/v2\/product_tag?post=51904"}],"curies":[{"name":"wp","href":"https:\/\/api.w.org\/{rel}","templated":true}]}}