{"id":51890,"date":"2024-07-08T19:12:37","date_gmt":"2024-07-08T19:12:37","guid":{"rendered":"https:\/\/hummy.ee\/product\/abc-design-tour-rattaiden-lastenistuin\/"},"modified":"2026-05-01T10:36:17","modified_gmt":"2026-05-01T10:36:17","slug":"abc-design-tour-vastasyntyneen-tukityyny","status":"publish","type":"product","link":"https:\/\/hummy.ee\/fi\/tuote\/abc-design-tour-vastasyntyneen-tukityyny\/","title":{"rendered":"ABC Design Tour newborn insert - vastasyntyneen tukityyny"},"content":{"rendered":"<h6>\r\n\r\n\r\n\r\n\r\n\r\n\r\n\r\n\r\n\r\n<\/h6>\r\n<h6 data-section-id=\"1vnshus\" data-start=\"61\" data-end=\"108\"><em><strong><span role=\"text\">Maksimaalinen turvallisuus ja mukavuus<\/span><\/strong><\/em><\/h6>\r\n<h6 data-start=\"109\" data-end=\"404\">Vastasyntyneen tukityynyn ergonominen muotoilu varmistaa lapsellesi oikean makuuasennon, samalla kun pehmustetut 5-pistevaljaat pit\u00e4v\u00e4t pienen matkustajan turvallisesti paikoillaan. S\u00e4\u00e4dett\u00e4v\u00e4 p\u00e4\u00e4ntuki ja pehme\u00e4 jalkapeite tarjoavat lis\u00e4mukavuutta sek\u00e4 suojaa tuulta ja s\u00e4\u00e4olosuhteita vastaan.<\/h6>\r\n<h6 data-start=\"406\" data-end=\"641\">Erityisesti vauvoille suunniteltu sis\u00e4osa tekee lapsen asettamisesta rattaisiin erityisen helpoksi. Pehmustetut olkahihnat ulottuvat kevyesti selk\u00e4nojan yli, mik\u00e4 tekee valjaiden kiinnitt\u00e4misest\u00e4 ja s\u00e4\u00e4t\u00e4misest\u00e4 nopeaa ja vaivatonta.<\/h6>\r\n<p>&nbsp;<\/p>\r\n<h6 data-section-id=\"r1w2bv\" data-start=\"643\" data-end=\"688\"><em><strong><span role=\"text\">Erinomainen ratkaisu my\u00f6s kaksosille<\/span><\/strong><\/em><\/h6>\r\n<h6 data-start=\"689\" data-end=\"964\">Jos perheess\u00e4 on kaksi pient\u00e4 seikkailijaa, Tour-vaunuihin voidaan asentaa kaksi vastasyntyneen tukityyny\u00e4, mik\u00e4 tekee siit\u00e4 ihanteellisen ratkaisun kaksosten kanssa matkustaville perheille. N\u00e4in molemmat lapset voivat tutkia maailmaa yht\u00e4 aikaa mukavasti ja turvallisesti.<\/h6>\r\n<p>&nbsp;<\/p>\r\n<h6 data-section-id=\"1ous0xz\" data-start=\"966\" data-end=\"1040\"><em><strong><span role=\"text\">Miksi valita ABC Design Tour -rattaiden vastasyntyneen tukityyny?<\/span><\/strong><\/em><\/h6>\r\n<ul>\r\n<li data-start=\"1041\" data-end=\"1304\">\r\n<h6>Turvallinen ja ergonominen \u2013 oikea makuuasento syntym\u00e4st\u00e4 l\u00e4htien<\/h6>\r\n<\/li>\r\n<li data-start=\"1041\" data-end=\"1304\">\r\n<h6>5-pistevaljaat \u2013 optimaalinen pito ja turvallisuus<\/h6>\r\n<\/li>\r\n<li data-start=\"1041\" data-end=\"1304\">\r\n<h6>S\u00e4\u00e4dett\u00e4v\u00e4 p\u00e4\u00e4ntuki ja jalkapeite \u2013 lis\u00e4mukavuutta ja suojaa s\u00e4\u00e4lt\u00e4<\/h6>\r\n<\/li>\r\n<li data-start=\"1041\" data-end=\"1304\">\r\n<h6>Sopii kaksosille \u2013 mahdollisuus k\u00e4ytt\u00e4\u00e4 kahta yksikk\u00f6\u00e4 samanaikaisesti<\/h6>\r\n<\/li>\r\n<\/ul>\r\n<h6 data-section-id=\"td9gi2\" data-start=\"1306\" data-end=\"1334\"><em><strong><span role=\"text\">Pakkauksen sis\u00e4lt\u00f6:<\/span><\/strong><\/em><\/h6>\r\n<ul>\r\n<li data-start=\"1335\" data-end=\"1433\">\r\n<h6>Vastasyntyneen tukityyny<\/h6>\r\n<\/li>\r\n<li data-start=\"1335\" data-end=\"1433\">\r\n<h6>P\u00e4\u00e4ntuki<\/h6>\r\n<\/li>\r\n<li data-start=\"1335\" data-end=\"1433\">\r\n<h6>Irrotettava jalkapeite<\/h6>\r\n<\/li>\r\n<li data-start=\"1335\" data-end=\"1433\">\r\n<h6>5-pistevaljaat<\/h6>\r\n<\/li>\r\n<li data-start=\"1335\" data-end=\"1433\">\r\n<h6>Kiinnitysklipsit<\/h6>\r\n<\/li>\r\n<\/ul>\r\n<h6>\u00a0<\/h6>\r\n<h6 data-section-id=\"1lxddzb\" data-start=\"1435\" data-end=\"1460\"><em><strong><span role=\"text\">Tekniset tiedot:<\/span><\/strong><\/em><\/h6>\r\n<ul>\r\n<li data-start=\"1461\" data-end=\"1548\">\r\n<h6>Mitat: 85 \u00d7 33 \u00d7 7,5 cm<\/h6>\r\n<\/li>\r\n<li data-start=\"1461\" data-end=\"1548\">\r\n<h6>Makuupinta: 25 cm (leveys) \u00d7 77 cm (pituus)<\/h6>\r\n<\/li>\r\n<li data-start=\"1461\" data-end=\"1548\">\r\n<h6>Paino: 1,6 kg<\/h6>\r\n<\/li>\r\n<\/ul>\r\n<h6>\u00a0<\/h6>\r\n<h6 data-section-id=\"s7q88\" data-start=\"1550\" data-end=\"1571\"><em><strong><span role=\"text\">Materiaalit:<\/span><\/strong><\/em><\/h6>\r\n<ul>\r\n<li data-start=\"1572\" data-end=\"1658\">\r\n<h6>Muovi \/ ulkopinta: 100 % polyesteri<\/h6>\r\n<\/li>\r\n<li data-start=\"1572\" data-end=\"1658\">\r\n<h6>Istuimen sis\u00e4pinta: 94 % puuvilla, 6 % spandex<\/h6>\r\n<\/li>\r\n<\/ul>\r\n<p>&nbsp;<\/p>\r\n<h6 data-section-id=\"ariqm6\" data-start=\"1660\" data-end=\"1682\"><em><strong><span role=\"text\">Hoito-ohjeet:<\/span><\/strong><\/em><\/h6>\r\n<ul>\r\n<li data-start=\"1683\" data-end=\"1761\">\r\n<h6>CozyCloud\u00ae-p\u00e4\u00e4llinen: k\u00e4sinpesu enint\u00e4\u00e4n 60 \u00b0C<\/h6>\r\n<\/li>\r\n<li data-start=\"1683\" data-end=\"1761\">\r\n<h6>Tekstiilit: k\u00e4sinpesu 30 \u00b0C<\/h6>\r\n<\/li>\r\n<\/ul>\r\n<h6>\u00a0<\/h6>\r\n<h6 data-start=\"1763\" data-end=\"1792\"><em>Katso lis\u00e4\u00e4 <a href=\"https:\/\/www.youtube.com\/watch?v=CbMs0t9MNK0\">esittelyvideosta<\/a>.<\/em><\/h6>\r\n<h6>\u00a0<\/h6>\r\n<h6>\r\n\r\n<\/h6>\r\n<h6>\u00a0<\/h6>\r\n<h6>\r\n\r\n<\/h6>\r\n<h6>\u00a0<\/h6>\r\n<h6><\/h6>","protected":false},"excerpt":{"rendered":"<h6 data-start=\"117\" data-end=\"199\">ABC Design <a href=\"https:\/\/hummy.ee\/fi\/tuote\/abc-design-tour-pyorakarry\/\" target=\"_blank\" rel=\"noopener\">Tour <\/a>-rattaiden vastasyntyneen tukityyny \u2013 turvallinen ja mukava alusta alkaen. ABC Design Tour -rattaiden vastasyntyneen tukityyny tarjoaa turvallisen ja ergonomisen ratkaisun, jotta voit l\u00e4hte\u00e4 seikkailuihin jo vastasyntyneest\u00e4 l\u00e4htien. \u00c4lykk\u00e4\u00e4n muotoilun ansiosta Tour -rattaat sopivat sek\u00e4 vastasyntyneille ett\u00e4 suuremmille lapsille, tarjoten heille aina parhaan mahdollisen mukavuuden ja suojan.<\/h6>\n","protected":false},"featured_media":37524,"comment_status":"closed","ping_status":"closed","template":"","meta":{"_acf_changed":false,"om_disable_all_campaigns":false,"_monsterinsights_skip_tracking":false,"_monsterinsights_sitenote_active":false,"_monsterinsights_sitenote_note":"","_monsterinsights_sitenote_category":0,"_uf_show_specific_survey":0,"_uf_disable_surveys":false,"site-sidebar-layout":"default","site-content-layout":"","ast-site-content-layout":"default","site-content-style":"default","site-sidebar-style":"default","ast-global-header-display":"","ast-banner-title-visibility":"","ast-main-header-display":"","ast-hfb-above-header-display":"","ast-hfb-below-header-display":"","ast-hfb-mobile-header-display":"","site-post-title":"","ast-breadcrumbs-content":"","ast-featured-img":"","footer-sml-layout":"","theme-transparent-header-meta":"default","adv-header-id-meta":"","stick-header-meta":"","header-above-stick-meta":"","header-main-stick-meta":"","header-below-stick-meta":"","astra-migrate-meta-layouts":"set","ast-page-background-enabled":"default","ast-page-background-meta":{"desktop":{"background-color":"var(--ast-global-color-4)","background-image":"","background-repeat":"repeat","background-position":"center center","background-size":"auto","background-attachment":"scroll","background-type":"","background-media":"","overlay-type":"","overlay-color":"","overlay-opacity":"","overlay-gradient":""},"tablet":{"background-color":"","background-image":"","background-repeat":"repeat","background-position":"center center","background-size":"auto","background-attachment":"scroll","background-type":"","background-media":"","overlay-type":"","overlay-color":"","overlay-opacity":"","overlay-gradient":""},"mobile":{"background-color":"","background-image":"","background-repeat":"repeat","background-position":"center center","background-size":"auto","background-attachment":"scroll","background-type":"","background-media":"","overlay-type":"","overlay-color":"","overlay-opacity":"","overlay-gradient":""}},"ast-content-background-meta":{"desktop":{"background-color":"var(--ast-global-color-5)","background-image":"","background-repeat":"repeat","background-position":"center center","background-size":"auto","background-attachment":"scroll","background-type":"","background-media":"","overlay-type":"","overlay-color":"","overlay-opacity":"","overlay-gradient":""},"tablet":{"background-color":"var(--ast-global-color-5)","background-image":"","background-repeat":"repeat","background-position":"center center","background-size":"auto","background-attachment":"scroll","background-type":"","background-media":"","overlay-type":"","overlay-color":"","overlay-opacity":"","overlay-gradient":""},"mobile":{"background-color":"var(--ast-global-color-5)","background-image":"","background-repeat":"repeat","background-position":"center center","background-size":"auto","background-attachment":"scroll","background-type":"","background-media":"","overlay-type":"","overlay-color":"","overlay-opacity":"","overlay-gradient":""}}},"product_brand":[],"product_cat":[527,582],"product_tag":[],"class_list":{"0":"post-51890","1":"product","2":"type-product","3":"status-publish","4":"has-post-thumbnail","6":"product_cat-abc-design-fi","7":"product_cat-pajukorit","8":"desktop-align-left","9":"tablet-align-left","10":"mobile-align-left","12":"first","13":"instock","14":"taxable","15":"shipping-taxable","16":"purchasable","17":"product-type-variable"},"acf":[],"aioseo_notices":[],"_links":{"self":[{"href":"https:\/\/hummy.ee\/fi\/wp-json\/wp\/v2\/product\/51890","targetHints":{"allow":["GET"]}}],"collection":[{"href":"https:\/\/hummy.ee\/fi\/wp-json\/wp\/v2\/product"}],"about":[{"href":"https:\/\/hummy.ee\/fi\/wp-json\/wp\/v2\/types\/product"}],"replies":[{"embeddable":true,"href":"https:\/\/hummy.ee\/fi\/wp-json\/wp\/v2\/comments?post=51890"}],"version-history":[{"count":7,"href":"https:\/\/hummy.ee\/fi\/wp-json\/wp\/v2\/product\/51890\/revisions"}],"predecessor-version":[{"id":88499,"href":"https:\/\/hummy.ee\/fi\/wp-json\/wp\/v2\/product\/51890\/revisions\/88499"}],"wp:featuredmedia":[{"embeddable":true,"href":"https:\/\/hummy.ee\/fi\/wp-json\/wp\/v2\/media\/37524"}],"wp:attachment":[{"href":"https:\/\/hummy.ee\/fi\/wp-json\/wp\/v2\/media?parent=51890"}],"wp:term":[{"taxonomy":"product_brand","embeddable":true,"href":"https:\/\/hummy.ee\/fi\/wp-json\/wp\/v2\/product_brand?post=51890"},{"taxonomy":"product_cat","embeddable":true,"href":"https:\/\/hummy.ee\/fi\/wp-json\/wp\/v2\/product_cat?post=51890"},{"taxonomy":"product_tag","embeddable":true,"href":"https:\/\/hummy.ee\/fi\/wp-json\/wp\/v2\/product_tag?post=51890"}],"curies":[{"name":"wp","href":"https:\/\/api.w.org\/{rel}","templated":true}]}}