{"id":51883,"date":"2024-07-05T20:04:34","date_gmt":"2024-07-05T20:04:34","guid":{"rendered":"https:\/\/hummy.ee\/product\/abc-design-tour-urheilu-vaunu-urheilu-pakki\/"},"modified":"2026-04-14T13:26:22","modified_gmt":"2026-04-14T13:26:22","slug":"abc-design-tour-juoksupyora","status":"publish","type":"product","link":"https:\/\/hummy.ee\/fi\/tuote\/abc-design-tour-juoksupyora\/","title":{"rendered":"ABC Design Tour juoksupy\u00f6r\u00e4"},"content":{"rendered":"<h6><strong><em>Muuta Tour-<a href=\"https:\/\/hummy.ee\/fi\/tuote\/abc-design-tour-pyorakarry\/\" target=\"_blank\" rel=\"noopener\">py\u00f6r\u00e4k\u00e4rry <\/a>juoksuk\u00e4rryksi yhdell\u00e4 napin painalluksella<\/em><\/strong><\/h6>\n<h6>Rakastatko juoksemista ja haluatko, ett\u00e4 my\u00f6s lapsesi voi tulla turvallisesti mukaan? Tour-juoksupy\u00f6r\u00e4 mahdollistaa py\u00f6r\u00e4k\u00e4rryn muuttamisen vain sekunneissa toimivaksi juoksuk\u00e4rryksi!<\/h6>\n<p>&nbsp;<\/p>\n<h6><\/h6>\n<ul>\n<li data-start=\"741\" data-end=\"1256\">\n<h6>Helppo ja nopea kiinnitysj\u00e4rjestelm\u00e4 \u2013 taita etupy\u00f6r\u00e4t sis\u00e4\u00e4n ja kiinnit\u00e4 suuri ilmakuminen juoksupy\u00f6r\u00e4 yhdell\u00e4 napsautuksella.<\/h6>\n<\/li>\n<li data-start=\"741\" data-end=\"1256\">\n<h6>Turvallisuus ennen kaikkea \u2013 integroitu k\u00e4sijarru ja levyjarrut takaavat sujuvan liikkumisen ja hallitun jarrutuksen my\u00f6s suuremmissa nopeuksissa.<\/h6>\n<\/li>\n<li data-start=\"741\" data-end=\"1256\">\n<h6>Lis\u00e4suoja rannehihnalla \u2013 varmistaa tukevan otteen k\u00e4rryst\u00e4 my\u00f6s odottamattomissa tilanteissa.<\/h6>\n<\/li>\n<li data-start=\"741\" data-end=\"1256\">\n<h6>Maksimaalinen mukavuus lapselle \u2013 ergonominen istuin ja pehme\u00e4 jousitus takaavat, ett\u00e4 my\u00f6s pienimm\u00e4t voivat nauttia pehme\u00e4st\u00e4 ja turvallisesta matkasta.<\/h6>\n<\/li>\n<\/ul>\n<h6>Tourin lis\u00e4varusteet tarjoavat monipuolisuutta ja tekev\u00e4t arjesta helpompaa. Nauti liikkumisen vapaudesta ja jaa urheilulliset hetkesi koko perheen kanssa!<\/h6>\n<p>&nbsp;<\/p>\n<h6><em>Katso <a href=\"https:\/\/www.youtube.com\/watch?v=u_rGhWD-H8s\" target=\"_blank\" rel=\"noopener\">esittelyvideo <\/a>ja saat lis\u00e4tietoja.<\/em><\/h6>\n","protected":false},"excerpt":{"rendered":"<h6 data-start=\"115\" data-end=\"175\">\u201cABC Design Tour -juoksupy\u00f6r\u00e4 \u2013 laajenna Tour-py\u00f6r\u00e4k\u00e4rrysi mahdollisuuksia. T\u00e4ydenn\u00e4 ABC Design Tour -py\u00f6r\u00e4k\u00e4rry\u00e4si alkuper\u00e4isill\u00e4 lis\u00e4varusteilla ja nauti entist\u00e4 suuremmasta turvallisuudesta, joustavuudesta ja mukavuudesta kaikilla ulkoiluseikkailuilla! Olipa kyseess\u00e4 k\u00e4vely luonnossa, intensiivinen juoksutreeni tai vain aktiivinen p\u00e4iv\u00e4 perheen kanssa \u2013 n\u00e4ill\u00e4 \u00e4lykk\u00e4ill\u00e4 lis\u00e4varusteilla viet Tour-kokemuksesi uudelle tasolle.<\/h6>\n","protected":false},"featured_media":22372,"comment_status":"closed","ping_status":"closed","template":"","meta":{"_acf_changed":false,"om_disable_all_campaigns":false,"_monsterinsights_skip_tracking":false,"_monsterinsights_sitenote_active":false,"_monsterinsights_sitenote_note":"","_monsterinsights_sitenote_category":0,"_uf_show_specific_survey":0,"_uf_disable_surveys":false,"site-sidebar-layout":"default","site-content-layout":"","ast-site-content-layout":"default","site-content-style":"default","site-sidebar-style":"default","ast-global-header-display":"","ast-banner-title-visibility":"","ast-main-header-display":"","ast-hfb-above-header-display":"","ast-hfb-below-header-display":"","ast-hfb-mobile-header-display":"","site-post-title":"","ast-breadcrumbs-content":"","ast-featured-img":"","footer-sml-layout":"","theme-transparent-header-meta":"default","adv-header-id-meta":"","stick-header-meta":"","header-above-stick-meta":"","header-main-stick-meta":"","header-below-stick-meta":"","astra-migrate-meta-layouts":"set","ast-page-background-enabled":"default","ast-page-background-meta":{"desktop":{"background-color":"var(--ast-global-color-4)","background-image":"","background-repeat":"repeat","background-position":"center center","background-size":"auto","background-attachment":"scroll","background-type":"","background-media":"","overlay-type":"","overlay-color":"","overlay-opacity":"","overlay-gradient":""},"tablet":{"background-color":"","background-image":"","background-repeat":"repeat","background-position":"center center","background-size":"auto","background-attachment":"scroll","background-type":"","background-media":"","overlay-type":"","overlay-color":"","overlay-opacity":"","overlay-gradient":""},"mobile":{"background-color":"","background-image":"","background-repeat":"repeat","background-position":"center center","background-size":"auto","background-attachment":"scroll","background-type":"","background-media":"","overlay-type":"","overlay-color":"","overlay-opacity":"","overlay-gradient":""}},"ast-content-background-meta":{"desktop":{"background-color":"var(--ast-global-color-5)","background-image":"","background-repeat":"repeat","background-position":"center center","background-size":"auto","background-attachment":"scroll","background-type":"","background-media":"","overlay-type":"","overlay-color":"","overlay-opacity":"","overlay-gradient":""},"tablet":{"background-color":"var(--ast-global-color-5)","background-image":"","background-repeat":"repeat","background-position":"center center","background-size":"auto","background-attachment":"scroll","background-type":"","background-media":"","overlay-type":"","overlay-color":"","overlay-opacity":"","overlay-gradient":""},"mobile":{"background-color":"var(--ast-global-color-5)","background-image":"","background-repeat":"repeat","background-position":"center center","background-size":"auto","background-attachment":"scroll","background-type":"","background-media":"","overlay-type":"","overlay-color":"","overlay-opacity":"","overlay-gradient":""}}},"product_brand":[],"product_cat":[527,323,574],"product_tag":[329,327],"class_list":{"0":"post-51883","1":"product","2":"type-product","3":"status-publish","4":"has-post-thumbnail","6":"product_cat-abc-design-fi","7":"product_cat-trimmaustarvikkeet","8":"product_cat-urheilukarryt","9":"product_tag-erilliset-tuotteet","10":"product_tag-raataloity-verkkosivusto","11":"desktop-align-left","12":"tablet-align-left","13":"mobile-align-left","15":"first","16":"instock","17":"sale","18":"taxable","19":"shipping-taxable","20":"purchasable","21":"product-type-simple"},"acf":[],"aioseo_notices":[],"_links":{"self":[{"href":"https:\/\/hummy.ee\/fi\/wp-json\/wp\/v2\/product\/51883","targetHints":{"allow":["GET"]}}],"collection":[{"href":"https:\/\/hummy.ee\/fi\/wp-json\/wp\/v2\/product"}],"about":[{"href":"https:\/\/hummy.ee\/fi\/wp-json\/wp\/v2\/types\/product"}],"replies":[{"embeddable":true,"href":"https:\/\/hummy.ee\/fi\/wp-json\/wp\/v2\/comments?post=51883"}],"version-history":[{"count":4,"href":"https:\/\/hummy.ee\/fi\/wp-json\/wp\/v2\/product\/51883\/revisions"}],"predecessor-version":[{"id":86754,"href":"https:\/\/hummy.ee\/fi\/wp-json\/wp\/v2\/product\/51883\/revisions\/86754"}],"wp:featuredmedia":[{"embeddable":true,"href":"https:\/\/hummy.ee\/fi\/wp-json\/wp\/v2\/media\/22372"}],"wp:attachment":[{"href":"https:\/\/hummy.ee\/fi\/wp-json\/wp\/v2\/media?parent=51883"}],"wp:term":[{"taxonomy":"product_brand","embeddable":true,"href":"https:\/\/hummy.ee\/fi\/wp-json\/wp\/v2\/product_brand?post=51883"},{"taxonomy":"product_cat","embeddable":true,"href":"https:\/\/hummy.ee\/fi\/wp-json\/wp\/v2\/product_cat?post=51883"},{"taxonomy":"product_tag","embeddable":true,"href":"https:\/\/hummy.ee\/fi\/wp-json\/wp\/v2\/product_tag?post=51883"}],"curies":[{"name":"wp","href":"https:\/\/api.w.org\/{rel}","templated":true}]}}