{"id":51861,"date":"2024-10-01T20:11:39","date_gmt":"2024-10-01T20:11:39","guid":{"rendered":"https:\/\/hummy.ee\/product\/abc-design-samba-2-rattaat\/"},"modified":"2026-04-16T10:45:30","modified_gmt":"2026-04-16T10:45:30","slug":"abc-design-samba-2-rattaat","status":"publish","type":"product","link":"https:\/\/hummy.ee\/fi\/tuote\/abc-design-samba-2-rattaat\/","title":{"rendered":"ABC Design Samba 2 rattaat"},"content":{"rendered":"<h6 data-pm-slice=\"1 1 []\"><strong><em>Samba 2 rattaat - mukavuutta, turvallisuutta ja tyyli\u00e4 jokaiseen k\u00e4velyyn<\/em><\/strong><\/h6>\n<h6>Samba 2 -rattaat on suunniteltu tarjoamaan maksimaalisen mukavuuden sek\u00e4 lapselle ett\u00e4 vanhemmalle. Sen pehmustettu istuin takaa miellytt\u00e4v\u00e4n istumiskokemuksen, ja UV-suojattu (+50) k\u00e4sinoja, jossa on integroitu tuuletusikkuna, takaa ihanteellisen ilmankierron. Lis\u00e4ksi k\u00e4sinojassa on kokoontaitettava lis\u00e4suoja, joka antaa lapselle lis\u00e4suojaa ja varjoa.<\/h6>\n<p>&nbsp;<\/p>\n<h6><strong><em>Maksimaalinen mukavuus lapselle<\/em><\/strong><\/h6>\n<ul data-spread=\"false\">\n<li>\n<h6>Selk\u00e4noja ja jalkatuki voidaan helposti s\u00e4\u00e4t\u00e4\u00e4 t\u00e4ysin litte\u00e4\u00e4n nukkuma-asentoon, mik\u00e4 takaa lapsellesi parhaan lepoasennon<\/h6>\n<\/li>\n<li>\n<h6>Innovatiiviset HappyBelt\u00ae 5-pistevaljaat magneettikiinnityksell\u00e4 ovat turvalliset ja helppok\u00e4ytt\u00f6iset<\/h6>\n<\/li>\n<li>\n<h6>Pehmustetut olkahihnat lis\u00e4\u00e4v\u00e4t lapsen mukavuutta<\/h6>\n<\/li>\n<\/ul>\n<h6><strong><em>Ergonominen muotoilu ik\u00e4\u00e4ntyneille<\/em><\/strong><\/h6>\n<ul data-spread=\"false\">\n<li>\n<h6>Korkeuss\u00e4\u00e4dett\u00e4v\u00e4n ty\u00f6nt\u00f6aisan ansiosta rattaita on mukava k\u00e4ytt\u00e4\u00e4 kaikille vanhemmille<\/h6>\n<\/li>\n<li>\n<h6>Oikean takapy\u00f6r\u00e4n seisontajarru s\u00e4\u00e4st\u00e4\u00e4 tilaa ja tarjoaa enemm\u00e4n jalkatilaa<\/h6>\n<\/li>\n<li>\n<h6>Pienikokoisen ja helposti kokoontaitettavan rakenteen ansiosta vaunut on helppo kuljettaa autossa, bussissa tai junassa \u2013 vain yhdell\u00e4 k\u00e4dell\u00e4<\/h6>\n<\/li>\n<\/ul>\n<h6><strong><em>\u00c4lyk\u00e4s ja k\u00e4yt\u00e4nn\u00f6llinen valinta<\/em><\/strong><\/h6>\n<ul data-spread=\"false\">\n<li>\n<h6>Adapterien ansiosta turvakaukalo voidaan kiinnitt\u00e4\u00e4 helposti rattaisiin, joten sit\u00e4 voi k\u00e4ytt\u00e4\u00e4 syntym\u00e4st\u00e4 l\u00e4htien<\/h6>\n<\/li>\n<li>\n<h6>Yleiskiinnityksen ansiosta lis\u00e4varusteet, kuten hoitolaukku, mukiteline tai ABC Design -lamppu, voidaan kiinnitt\u00e4\u00e4 nopeasti ja turvallisesti<\/h6>\n<\/li>\n<li>\n<h6>Turvallinen kuljetuslukko ja irrotettavat py\u00f6r\u00e4t tekev\u00e4t Samba 2:sta ihanteellisen kumppanin sek\u00e4 kaupungissa ett\u00e4 luonnossa<\/h6>\n<\/li>\n<\/ul>\n<h6><strong><em>T\u00e4rkeimm\u00e4t ominaisuudet:<\/em><\/strong><\/h6>\n<ul data-spread=\"false\">\n<li>\n<h6>Suuret puhkeamattomat ilmakennorenkaat<\/h6>\n<\/li>\n<li>\n<h6>Kompakti, kokoontaitettava ja kevyt rakenne<\/h6>\n<\/li>\n<li>\n<h6>T\u00e4ysin makuuasento<\/h6>\n<\/li>\n<li>\n<h6>Vett\u00e4 hylkiv\u00e4 materiaali<\/h6>\n<\/li>\n<li>\n<h6>S\u00e4\u00e4dett\u00e4v\u00e4 selk\u00e4noja ja jalkatuki<\/h6>\n<\/li>\n<li>\n<h6>Py\u00f6riv\u00e4t py\u00f6r\u00e4t<\/h6>\n<\/li>\n<li>\n<h6>Pest\u00e4v\u00e4 jalkatuki<\/h6>\n<\/li>\n<li>\n<h6>Seisontajarru ja irrotettavat py\u00f6r\u00e4t<\/h6>\n<\/li>\n<li>\n<h6>Jousitus ja laakeroidut py\u00f6r\u00e4t takaavat tasaisen ajon<\/h6>\n<\/li>\n<li>\n<h6>HappyBelt\u00ae 5-pisteturvavaljaat<\/h6>\n<\/li>\n<li>\n<h6>Yleiskiinnityspisteet lis\u00e4varusteille<\/h6>\n<\/li>\n<li>\n<h6>Tuote sis\u00e4lt\u00e4\u00e4 istuinpehmusteen<\/h6>\n<\/li>\n<\/ul>\n<h6><strong><em>Tekniset tiedot:<\/em><\/strong><\/h6>\n<ul data-spread=\"false\">\n<li>\n<h6>Sopiva ik\u00e4: 6 kuukaudesta alkaen<\/h6>\n<\/li>\n<li>\n<h6>Kokonaiskantavuus: enint\u00e4\u00e4n 27 kg (lapsi enint\u00e4\u00e4n 22 kg + 5 kg lis\u00e4\u00e4 korissa)<\/h6>\n<\/li>\n<li>\n<h6>Lapsen enimm\u00e4ispaino: 22 kg<\/h6>\n<\/li>\n<li>\n<h6>Suuri kori: jopa 5 kg<\/h6>\n<\/li>\n<li>\n<h6>Vaunukoppa myyd\u00e4\u00e4n erikseen<\/h6>\n<\/li>\n<\/ul>\n<h6><strong><em>Yhteensopivat turvakaukalot:<\/em><\/strong><\/h6>\n<ul>\n<li>\n<h6>ABC Design: Tulip<\/h6>\n<\/li>\n<li>\n<h6>Maxi-Cosi: City, Convertible-Fix, Coral, Pebble, Pebble Plus, Pebble Pro, Pebble 360, Pebble 360 Pro, Pebble 360 Pro 2<\/h6>\n<\/li>\n<li>\n<h6>Cybex: Aton, Aton 5, Aton M, Aton M i-size, Aton Q, Aton Q Plus, Aton Q i-size, Cloud T, Cloud Q, Cloud Q Plus, Cloud Z i-size, Cloud Z2 i-size<\/h6>\n<\/li>\n<li>\n<h6>Joie: i-Gemm<\/h6>\n<\/li>\n<li>\n<h6>BeSafe: iZi Go Modulaarinen X1 i-Size<\/h6>\n<\/li>\n<li>\n<h6>Avionautti: Cosmo, Pixel, Pro<\/h6>\n<\/li>\n<li>\n<h6>Nuna: Pipa Next i-Size, ARRA Next: Pipa Next i-Size, ARRA Next<\/h6>\n<\/li>\n<\/ul>\n<h6>Samba 2 on ihanteellinen rattaat vanhemmille, jotka arvostavat mukavuutta, toiminnallisuutta ja tyyli\u00e4.<\/h6>\n<h6><\/h6>\n<h6><em>Katso <a href=\"https:\/\/www.youtube.com\/watch?v=EPGAvaZD_nc\">esittelyvideo<\/a>.<\/em><\/h6>\n<p>&nbsp;<\/p>\n<h6 class=\"wp-block-column\"><em>Oikeat py\u00f6r\u00e4t tekev\u00e4t lastenrattaiden k\u00e4yt\u00f6st\u00e4 paljon mukavampaa! Lue Hummy <a href=\"https:\/\/hummy.ee\/fi\/mitka-pyorilla-varustetut-lastenrattaat-minun-pitaisi-valita\/\" target=\"_blank\" rel=\"nofollow noopener\">-blogista<\/a>, miten voit valita itsellesi sopivan ratkaisun. <\/em><\/h6>\n<h6><\/h6>\n","protected":false},"excerpt":{"rendered":"<p><!-- wp:heading {\"level\":4} --><\/p>\n<h6 data-pm-slice=\"1 1 []\">ABC Design Samba 2 -rattaat \u2013 kompakti ja monipuolinen rattaat kaikille maastoille. Samba on ihanteellinen kumppani niin kaupungin kaduille, puistoteille kuin maaseudun retkille. Laadukkaat kuulalaakerit, integroitu jousitus ja puhkeamattomat ilmakennorenkaat takaavat sujuvan ja mukavan ajokokemuksen sek\u00e4 lapselle ett\u00e4 vanhemmille.<\/h6>\n","protected":false},"featured_media":38532,"comment_status":"closed","ping_status":"closed","template":"","meta":{"_acf_changed":false,"om_disable_all_campaigns":false,"_monsterinsights_skip_tracking":false,"_monsterinsights_sitenote_active":false,"_monsterinsights_sitenote_note":"","_monsterinsights_sitenote_category":0,"_uf_show_specific_survey":0,"_uf_disable_surveys":false,"site-sidebar-layout":"default","site-content-layout":"","ast-site-content-layout":"default","site-content-style":"default","site-sidebar-style":"default","ast-global-header-display":"","ast-banner-title-visibility":"","ast-main-header-display":"","ast-hfb-above-header-display":"","ast-hfb-below-header-display":"","ast-hfb-mobile-header-display":"","site-post-title":"","ast-breadcrumbs-content":"","ast-featured-img":"","footer-sml-layout":"","theme-transparent-header-meta":"default","adv-header-id-meta":"","stick-header-meta":"","header-above-stick-meta":"","header-main-stick-meta":"","header-below-stick-meta":"","astra-migrate-meta-layouts":"set","ast-page-background-enabled":"default","ast-page-background-meta":{"desktop":{"background-color":"var(--ast-global-color-4)","background-image":"","background-repeat":"repeat","background-position":"center center","background-size":"auto","background-attachment":"scroll","background-type":"","background-media":"","overlay-type":"","overlay-color":"","overlay-opacity":"","overlay-gradient":""},"tablet":{"background-color":"","background-image":"","background-repeat":"repeat","background-position":"center center","background-size":"auto","background-attachment":"scroll","background-type":"","background-media":"","overlay-type":"","overlay-color":"","overlay-opacity":"","overlay-gradient":""},"mobile":{"background-color":"","background-image":"","background-repeat":"repeat","background-position":"center center","background-size":"auto","background-attachment":"scroll","background-type":"","background-media":"","overlay-type":"","overlay-color":"","overlay-opacity":"","overlay-gradient":""}},"ast-content-background-meta":{"desktop":{"background-color":"var(--ast-global-color-5)","background-image":"","background-repeat":"repeat","background-position":"center center","background-size":"auto","background-attachment":"scroll","background-type":"","background-media":"","overlay-type":"","overlay-color":"","overlay-opacity":"","overlay-gradient":""},"tablet":{"background-color":"var(--ast-global-color-5)","background-image":"","background-repeat":"repeat","background-position":"center center","background-size":"auto","background-attachment":"scroll","background-type":"","background-media":"","overlay-type":"","overlay-color":"","overlay-opacity":"","overlay-gradient":""},"mobile":{"background-color":"var(--ast-global-color-5)","background-image":"","background-repeat":"repeat","background-position":"center center","background-size":"auto","background-attachment":"scroll","background-type":"","background-media":"","overlay-type":"","overlay-color":"","overlay-opacity":"","overlay-gradient":""}}},"product_brand":[],"product_cat":[527,410,565],"product_tag":[],"class_list":{"0":"post-51861","1":"product","2":"type-product","3":"status-publish","4":"has-post-thumbnail","6":"product_cat-abc-design-fi","7":"product_cat-sailioauto","8":"product_cat-lastenrattaat","9":"desktop-align-left","10":"tablet-align-left","11":"mobile-align-left","13":"first","14":"instock","15":"taxable","16":"shipping-taxable","17":"purchasable","18":"product-type-variable"},"acf":[],"aioseo_notices":[],"_links":{"self":[{"href":"https:\/\/hummy.ee\/fi\/wp-json\/wp\/v2\/product\/51861","targetHints":{"allow":["GET"]}}],"collection":[{"href":"https:\/\/hummy.ee\/fi\/wp-json\/wp\/v2\/product"}],"about":[{"href":"https:\/\/hummy.ee\/fi\/wp-json\/wp\/v2\/types\/product"}],"replies":[{"embeddable":true,"href":"https:\/\/hummy.ee\/fi\/wp-json\/wp\/v2\/comments?post=51861"}],"version-history":[{"count":7,"href":"https:\/\/hummy.ee\/fi\/wp-json\/wp\/v2\/product\/51861\/revisions"}],"predecessor-version":[{"id":86823,"href":"https:\/\/hummy.ee\/fi\/wp-json\/wp\/v2\/product\/51861\/revisions\/86823"}],"wp:featuredmedia":[{"embeddable":true,"href":"https:\/\/hummy.ee\/fi\/wp-json\/wp\/v2\/media\/38532"}],"wp:attachment":[{"href":"https:\/\/hummy.ee\/fi\/wp-json\/wp\/v2\/media?parent=51861"}],"wp:term":[{"taxonomy":"product_brand","embeddable":true,"href":"https:\/\/hummy.ee\/fi\/wp-json\/wp\/v2\/product_brand?post=51861"},{"taxonomy":"product_cat","embeddable":true,"href":"https:\/\/hummy.ee\/fi\/wp-json\/wp\/v2\/product_cat?post=51861"},{"taxonomy":"product_tag","embeddable":true,"href":"https:\/\/hummy.ee\/fi\/wp-json\/wp\/v2\/product_tag?post=51861"}],"curies":[{"name":"wp","href":"https:\/\/api.w.org\/{rel}","templated":true}]}}