{"id":51860,"date":"2024-10-01T20:30:50","date_gmt":"2024-10-01T20:30:50","guid":{"rendered":"https:\/\/hummy.ee\/product\/abc-design-zoom-2-rattaat\/"},"modified":"2025-12-01T10:05:34","modified_gmt":"2025-12-01T10:05:34","slug":"abc-design-zoom-2-rattaat","status":"publish","type":"product","link":"https:\/\/hummy.ee\/fi\/tuote\/abc-design-zoom-2-rattaat\/","title":{"rendered":"ABC Design Zoom 2 -rattaat"},"content":{"rendered":"<h6 data-pm-slice=\"1 1 []\"><strong><em>Pakkaus sis\u00e4lt\u00e4\u00e4:<\/em><\/strong><\/h6>\n<ul data-spread=\"false\">\n<li>\n<h6>Zoom 2 lastenrattaat kahdelle lapselle<\/h6>\n<\/li>\n<li>\n<h6>2 x istuimet<\/h6>\n<\/li>\n<li>\n<h6>2 x istuintyyny<\/h6>\n<\/li>\n<\/ul>\n<h6><\/h6>\n<h6><\/h6>\n<h6><strong><em>\u00c4lyk\u00e4s ja joustava rakenne<\/em><\/strong><\/h6>\n<h6>Zoomin k\u00e4\u00e4ntyv\u00e4t py\u00f6r\u00e4t tekev\u00e4t siit\u00e4 poikkeuksellisen ketter\u00e4n, joten sit\u00e4 on helppo liikutella ahtaissa tiloissa. Kompakti muotoilu takaa, ett\u00e4 vaunu mahtuu pienempiin tiloihin ja on helppo kuljettaa. Muutamalla yksinkertaisella liikkeell\u00e4 Zoom voidaan muuntaa matkustusj\u00e4rjestelm\u00e4ksi tai taittaa kokoon ja s\u00e4ilytt\u00e4\u00e4 autossa.  <\/h6>\n<p>&nbsp;<\/p>\n<h6><\/h6>\n<h6><strong><em>Suurin mahdollinen mukavuus lapsille ja vanhemmille<\/em><\/strong><\/h6>\n<h6>Lastenrattaissa on kaksi pehme\u00e4\u00e4 istuintyyny\u00e4, jotka takaavat vauvallesi mukavan ja turvallisen kyydin syntym\u00e4st\u00e4 l\u00e4htien. ABC Designin ergonominen muotoilu tukee vauvan oikeaa asentoa, kun taas pehme\u00e4 ja hengitt\u00e4v\u00e4 materiaali suojaa optimaalisesti p\u00e4\u00e4t\u00e4, niskaa ja selk\u00e4\u00e4. Lis\u00e4ksi istuintyynyss\u00e4 on kiilamainen tyyny, jonka ansiosta lapsi voi maata t\u00e4ysin vaakasuorassa asennossa, mik\u00e4 tarjoaa maksimaalisen mukavuuden ja turvallisuuden.  <\/h6>\n<h6><\/h6>\n<h6><\/h6>\n<p>&nbsp;<\/p>\n<h6><strong><em>Lis\u00e4mukavuutta vaunukopan ja turvakaukalon avulla<\/em><\/strong><\/h6>\n<h6>Jotta pikkuinen viihtyisi viel\u00e4 paremmin, Zoom voidaan varustaa CozyCloud\u00ae-patjalla, jossa on lastenvaunukori (myyd\u00e4\u00e4n erikseen). Lis\u00e4ksi rattaiden runkoon voidaan kiinnitt\u00e4\u00e4 erilaisia turvavaljaita, mik\u00e4 tekee Zoomista t\u00e4ydellisen matkustusj\u00e4rjestelm\u00e4n. <\/h6>\n<h6><\/h6>\n<p>&nbsp;<\/p>\n<h6><strong><em>T\u00e4rkeimm\u00e4t ominaisuudet:<\/em><\/strong><\/h6>\n<ul data-spread=\"false\">\n<li>\n<h6>Mahdollisuus kiinnitt\u00e4\u00e4 kehikko runkoon.<\/h6>\n<\/li>\n<li>\n<h6>Pest\u00e4v\u00e4 jalkatuki<\/h6>\n<\/li>\n<li>\n<h6>S\u00e4\u00e4dett\u00e4v\u00e4 selk\u00e4noja ja jalkatuki<\/h6>\n<\/li>\n<li>\n<h6>Py\u00f6riv\u00e4t py\u00f6r\u00e4t<\/h6>\n<\/li>\n<li>\n<h6>Pitk\u00e4 varsi UV-suojalla<\/h6>\n<\/li>\n<li>\n<h6>Vett\u00e4 hylkiv\u00e4 materiaali<\/h6>\n<\/li>\n<li>\n<h6>Seisontajarru<\/h6>\n<\/li>\n<li>\n<h6>Irrotettavat py\u00f6r\u00e4t<\/h6>\n<\/li>\n<li>\n<h6>Korkeuss\u00e4\u00e4dett\u00e4v\u00e4 ty\u00f6nt\u00f6tanko<\/h6>\n<\/li>\n<li>\n<h6>S\u00e4\u00e4dett\u00e4v\u00e4t HappyBelt 5-pisteturvavy\u00f6t<\/h6>\n<\/li>\n<li>\n<h6>Kuljetuslukko<\/h6>\n<\/li>\n<li>\n<h6>EVA vaahto py\u00f6r\u00e4t<\/h6>\n<\/li>\n<li>\n<h6>Py\u00f6r\u00e4t, joissa on jousitus ja laakerit<\/h6>\n<\/li>\n<li>\n<h6>Irrotettava turvakisko<\/h6>\n<\/li>\n<li>\n<h6>Yleisk\u00e4ytt\u00f6iset kiinnityspisteet lis\u00e4varusteita varten<\/h6>\n<\/li>\n<li>\n<h6>Yksiosainen kokoontaitettava<\/h6>\n<\/li>\n<\/ul>\n<h6><\/h6>\n<h6><strong><em>Tekniset tiedot:<\/em><\/strong><\/h6>\n<ul data-spread=\"false\">\n<li>\n<h6>Sopii i\u00e4lle: syntym\u00e4st\u00e4 l\u00e4htien<\/h6>\n<\/li>\n<li>\n<h6>Kokonaiskantavuus: 49 kg<\/h6>\n<\/li>\n<li>\n<h6>Kapasiteetti: enint\u00e4\u00e4n 22 kg lasta kohti<\/h6>\n<\/li>\n<li>\n<h6>Suuri kori: jopa 5 kg:n kapasiteetti<\/h6>\n<\/li>\n<li>\n<h6>Mitat avattuna: 121 x 60 cm<\/h6>\n<\/li>\n<li>\n<h6>Ty\u00f6nt\u00f6tangon korkeus: 95 - 111 cm<\/h6>\n<\/li>\n<li>\n<h6>Mitat kokoontaitettuna: 85 x 60 x 57 cm<\/h6>\n<\/li>\n<li>\n<h6>Istuimen mitat: 22 x 32 cm<\/h6>\n<\/li>\n<li>\n<h6>Selk\u00e4nojan mitat: 32 x 54 cm<\/h6>\n<\/li>\n<li>\n<h6>Etupy\u00f6r\u00e4n koko: 20,5 cm<\/h6>\n<\/li>\n<li>\n<h6>Takapy\u00f6r\u00e4n koko: 28,5 cm<\/h6>\n<\/li>\n<li>\n<h6>Kokonaispaino istuinten kanssa: 17,3 kg.<\/h6>\n<\/li>\n<\/ul>\n<h6><\/h6>\n<h6><strong><em>Yhteensopivuus turvatelineiden kanssa:<\/em><\/strong><\/h6>\n<ul data-spread=\"false\">\n<li>\n<h6>ABC Design: Tulppaani<\/h6>\n<\/li>\n<li>\n<h6>Maxi-Cosi: City, Convertible-Fix, Coral, Pebble, Pebble Plus, Pebble Pro, Pebble 360, Pebble 360 Pro, Pebble 360 Pro 2.<\/h6>\n<\/li>\n<li>\n<h6>Cybex: Aton, Aton 5, Aton M, Aton M i-size, Aton Q, Aton Q Plus, Aton Q i-size, Cloud T, Cloud Q, Cloud Q Plus, Cloud Z i-size, Cloud Z2 i-size.<\/h6>\n<\/li>\n<li>\n<h6>Joie: i-Gemm<\/h6>\n<\/li>\n<li>\n<h6>BeSafe: iZi Go Modulaarinen X1 i-Size<\/h6>\n<\/li>\n<li>\n<h6>Avionautti: Cosmo, Pixel, Pro<\/h6>\n<\/li>\n<\/ul>\n<h6><\/h6>\n<h6>ABC Design Kahden lapsen Zoom 2 -rattaat ovat k\u00e4yt\u00e4nn\u00f6llinen, kest\u00e4v\u00e4 ja mukava ratkaisu kahden lapsen perheille. Olivatpa kyseess\u00e4 kaksoset tai sisarukset, joiden ik\u00e4ero on pieni, t\u00e4m\u00e4 rattaat tarjoavat maksimaalisen joustavuuden ja helppok\u00e4ytt\u00f6isyyden. Laadukkaiden materiaaliensa ja \u00e4lykk\u00e4\u00e4n muotoilunsa ansiosta Zoom on loistava kumppani jokap\u00e4iv\u00e4isiin seikkailuihin ja tarjoaa lapsillesi turvallisen ja mukavan kyydin kaikissa tilanteissa.  <\/h6>\n<p>&nbsp;<\/p>\n<h6><\/h6>\n<h6><em>Katso <a href=\"https:\/\/www.youtube.com\/watch?v=5cz_yDcyZ0U\">esittelyvideo<\/a>, josta saat lis\u00e4tietoja.<\/em><\/h6>\n<h6><em>Oikeat py\u00f6r\u00e4t tekev\u00e4t lastenrattaiden k\u00e4yt\u00f6st\u00e4 paljon mukavampaa! Lue Hummy <a href=\"https:\/\/hummy.ee\/fi\/mitka-pyorilla-varustetut-lastenrattaat-minun-pitaisi-valita\/\" target=\"_blank\" rel=\"nofollow noopener\">-blogista<\/a>, miten voit valita itsellesi sopivan ratkaisun. <\/em><\/h6>\n<h6><\/h6>\n","protected":false},"excerpt":{"rendered":"<h6 data-pm-slice=\"1 1 []\">ABC Design Zoom 2 on ihanteellinen rattaat kahdelle lapselle tai kaksosille. ABC Design Zoom tarjoaa tarvitsemasi vapauden ja joustavuuden ja samalla mukavan ja turvallisen ymp\u00e4rist\u00f6n, jossa lapsesi voivat tutkia maailmaa. Tandem-muotoilun ansiosta lapset n\u00e4kev\u00e4t toisensa, voivat olla vuorovaikutuksessa toistensa kanssa ja tutustua ymp\u00e4r\u00f6iv\u00e4\u00e4n maailmaan. Lasten i\u00e4st\u00e4 riippuen Zoom voidaan yhdist\u00e4\u00e4 istuinosaan, vaunukoppaan ja kantokoriin, mik\u00e4 takaa maksimaalisen mukavuuden.   <\/h6>\n","protected":false},"featured_media":86381,"comment_status":"closed","ping_status":"closed","template":"","meta":{"_acf_changed":false,"om_disable_all_campaigns":false,"_monsterinsights_skip_tracking":false,"_monsterinsights_sitenote_active":false,"_monsterinsights_sitenote_note":"","_monsterinsights_sitenote_category":0,"_uf_show_specific_survey":0,"_uf_disable_surveys":false,"site-sidebar-layout":"default","site-content-layout":"","ast-site-content-layout":"default","site-content-style":"default","site-sidebar-style":"default","ast-global-header-display":"","ast-banner-title-visibility":"","ast-main-header-display":"","ast-hfb-above-header-display":"","ast-hfb-below-header-display":"","ast-hfb-mobile-header-display":"","site-post-title":"","ast-breadcrumbs-content":"","ast-featured-img":"","footer-sml-layout":"","theme-transparent-header-meta":"default","adv-header-id-meta":"","stick-header-meta":"","header-above-stick-meta":"","header-main-stick-meta":"","header-below-stick-meta":"","astra-migrate-meta-layouts":"default","ast-page-background-enabled":"default","ast-page-background-meta":{"desktop":{"background-color":"var(--ast-global-color-4)","background-image":"","background-repeat":"repeat","background-position":"center center","background-size":"auto","background-attachment":"scroll","background-type":"","background-media":"","overlay-type":"","overlay-color":"","overlay-opacity":"","overlay-gradient":""},"tablet":{"background-color":"","background-image":"","background-repeat":"repeat","background-position":"center center","background-size":"auto","background-attachment":"scroll","background-type":"","background-media":"","overlay-type":"","overlay-color":"","overlay-opacity":"","overlay-gradient":""},"mobile":{"background-color":"","background-image":"","background-repeat":"repeat","background-position":"center center","background-size":"auto","background-attachment":"scroll","background-type":"","background-media":"","overlay-type":"","overlay-color":"","overlay-opacity":"","overlay-gradient":""}},"ast-content-background-meta":{"desktop":{"background-color":"var(--ast-global-color-5)","background-image":"","background-repeat":"repeat","background-position":"center center","background-size":"auto","background-attachment":"scroll","background-type":"","background-media":"","overlay-type":"","overlay-color":"","overlay-opacity":"","overlay-gradient":""},"tablet":{"background-color":"var(--ast-global-color-5)","background-image":"","background-repeat":"repeat","background-position":"center center","background-size":"auto","background-attachment":"scroll","background-type":"","background-media":"","overlay-type":"","overlay-color":"","overlay-opacity":"","overlay-gradient":""},"mobile":{"background-color":"var(--ast-global-color-5)","background-image":"","background-repeat":"repeat","background-position":"center center","background-size":"auto","background-attachment":"scroll","background-type":"","background-media":"","overlay-type":"","overlay-color":"","overlay-opacity":"","overlay-gradient":""}}},"product_brand":[],"product_cat":[527,561,410],"product_tag":[],"class_list":{"0":"post-51860","1":"product","2":"type-product","3":"status-publish","4":"has-post-thumbnail","6":"product_cat-abc-design-fi","7":"product_cat-kaksosrattaat","8":"product_cat-sailioauto","9":"desktop-align-left","10":"tablet-align-left","11":"mobile-align-left","13":"first","14":"instock","15":"sale","16":"taxable","17":"shipping-taxable","18":"purchasable","19":"product-type-variable"},"acf":[],"aioseo_notices":[],"_links":{"self":[{"href":"https:\/\/hummy.ee\/fi\/wp-json\/wp\/v2\/product\/51860","targetHints":{"allow":["GET"]}}],"collection":[{"href":"https:\/\/hummy.ee\/fi\/wp-json\/wp\/v2\/product"}],"about":[{"href":"https:\/\/hummy.ee\/fi\/wp-json\/wp\/v2\/types\/product"}],"replies":[{"embeddable":true,"href":"https:\/\/hummy.ee\/fi\/wp-json\/wp\/v2\/comments?post=51860"}],"version-history":[{"count":5,"href":"https:\/\/hummy.ee\/fi\/wp-json\/wp\/v2\/product\/51860\/revisions"}],"predecessor-version":[{"id":76080,"href":"https:\/\/hummy.ee\/fi\/wp-json\/wp\/v2\/product\/51860\/revisions\/76080"}],"wp:featuredmedia":[{"embeddable":true,"href":"https:\/\/hummy.ee\/fi\/wp-json\/wp\/v2\/media\/86381"}],"wp:attachment":[{"href":"https:\/\/hummy.ee\/fi\/wp-json\/wp\/v2\/media?parent=51860"}],"wp:term":[{"taxonomy":"product_brand","embeddable":true,"href":"https:\/\/hummy.ee\/fi\/wp-json\/wp\/v2\/product_brand?post=51860"},{"taxonomy":"product_cat","embeddable":true,"href":"https:\/\/hummy.ee\/fi\/wp-json\/wp\/v2\/product_cat?post=51860"},{"taxonomy":"product_tag","embeddable":true,"href":"https:\/\/hummy.ee\/fi\/wp-json\/wp\/v2\/product_tag?post=51860"}],"curies":[{"name":"wp","href":"https:\/\/api.w.org\/{rel}","templated":true}]}}