{"id":51824,"date":"2024-10-02T13:25:07","date_gmt":"2024-10-02T13:25:07","guid":{"rendered":"https:\/\/hummy.ee\/product\/abc-design-kangaskassi-paivittain\/"},"modified":"2026-04-19T12:37:19","modified_gmt":"2026-04-19T12:37:19","slug":"abc-design-tote-bag-hoitokassi","status":"publish","type":"product","link":"https:\/\/hummy.ee\/fi\/tuote\/abc-design-tote-bag-hoitokassi\/","title":{"rendered":"ABC Design Tote Bag Daily hoitokassi"},"content":{"rendered":"<h6><\/h6>\r\n<h6 class=\"wp-block-heading\" data-pm-slice=\"1 1 []\"><strong><em>Miksi valita ABC Design Tote Bag Daily?<\/em><\/strong><\/h6>\r\n<ul>\r\n<li>\r\n<h6>Tyylik\u00e4s ja kest\u00e4v\u00e4 materiaali \u2013 valmistettu laadukkaasta vegaaninahasta, joka on kest\u00e4v\u00e4 ja helposti puhdistettava<\/h6>\r\n<\/li>\r\n<li>\r\n<h6>Runsaasti tilaa ja hyv\u00e4 organisointi \u2013 kolme tilavaa lokeroa mahtuu kaikki tarvittava, oli kyseess\u00e4 vaipat, tuttipullot, kannettava tietokone tai henkil\u00f6kohtaiset tavarat<\/h6>\r\n<\/li>\r\n<li>\r\n<h6>Mukava kantaa \u2013 s\u00e4\u00e4dett\u00e4v\u00e4 olkahihna ja tukevat kahvat takaavat joustavuuden ja k\u00e4ytt\u00f6mukavuuden<\/h6>\r\n<\/li>\r\n<li>\r\n<h6>Turvallinen ja k\u00e4yt\u00e4nn\u00f6llinen \u2013 p\u00e4\u00e4lokero suljetaan napilla, joka pit\u00e4\u00e4 tavarasi turvallisesti paikoillaan<\/h6>\r\n<\/li>\r\n<li>\r\n<h6>Helppo kiinnitt\u00e4\u00e4 lastenvaunuihin \u2013 erityisten kiinnikkeiden avulla kassi voidaan helposti kiinnitt\u00e4\u00e4 <a href=\"https:\/\/hummy.ee\/fi\/abc-design-kuvaus\/\" target=\"_blank\" rel=\"noopener\">ABC Design<\/a> -rattaisiin<\/h6>\r\n<\/li>\r\n<li>\r\n<h6>Setti sis\u00e4lt\u00e4\u00e4 lis\u00e4varusteet \u2013 mukana pieni tarvikekassi ja ylim\u00e4\u00e4r\u00e4inen olkahihna, jotta kaikki tarvittava on aina k\u00e4den ulottuvilla<\/h6>\r\n<\/li>\r\n<\/ul>\r\n<p>&nbsp;<\/p>\r\n<h6><strong><em>T\u00e4ydellinen kumppani jokaiseen p\u00e4iv\u00e4\u00e4n<\/em><\/strong><\/h6>\r\n<h6>Tote Bag Daily ei ole pelkk\u00e4 kassi \u2013 se on monipuolinen asuste, joka mukautuu el\u00e4m\u00e4ntyyliisi. Se on ihanteellinen niin vanhemmille kuin my\u00f6s niille, jotka arvostavat eleganssia ja toiminnallisuutta yhdess\u00e4 tuotteessa. Laadukkaan vegaaninahan ansiosta se n\u00e4ytt\u00e4\u00e4 aina tyylikk\u00e4\u00e4lt\u00e4 ja pysyy kauniina my\u00f6s pitk\u00e4aikaisessa k\u00e4yt\u00f6ss\u00e4.<\/h6>\r\n<h6>K\u00e4yt\u00e4 sit\u00e4 hoitolaukkuna, ty\u00f6- tai ostoskassina \u2013 Tote Bag Daily on luotettava kumppanisi kaikissa tilanteissa!<\/h6>\r\n<p>&nbsp;<\/p>\r\n<h6><em>Katso <a href=\"https:\/\/www.youtube.com\/watch?v=BTBCLkzrD7s\">esittelyvideo<\/a>, josta saat lis\u00e4tietoja. <\/em><\/h6>\r\n<p>&nbsp;<\/p>\r\n<h6><em>Tutustu my\u00f6s <a href=\"https:\/\/hummy.ee\/fi\/abc-design-kuvaus\/\" target=\"_blank\" rel=\"noopener\">ABC Design <\/a>-rattaiden ja lis\u00e4varusteiden valikoimaamme.<\/em><\/h6>\r\n<h6>\u00a0<\/h6>\r\n<h6>\r\n\r\n<\/h6>\r\n<h6 class=\"wp-block-heading\">\u00a0<\/h6>\r\n<h6>\r\n\r\n<\/h6>\r\n<h6>\u00a0<\/h6>\r\n<h6>\u00a0<\/h6>\r\n<h6><\/h6>","protected":false},"excerpt":{"rendered":"<h6 data-pm-slice=\"1 1 []\">ABC Design Tote Bag Daily \u2013 tyylik\u00e4s ja monik\u00e4ytt\u00f6inen arjen kassi. Etsitk\u00f6 k\u00e4yt\u00e4nn\u00f6llist\u00e4 mutta samalla tyylik\u00e4st\u00e4 kassia, joka sopii sek\u00e4 jokap\u00e4iv\u00e4iseen el\u00e4m\u00e4\u00e4n ett\u00e4 vanhemman tarpeisiin? ABC Design Tote Bag Daily on ihanteellinen ratkaisu! T\u00e4m\u00e4 elegantti ja toiminnallinen tote-kassi yhdist\u00e4\u00e4 ajattoman muotoilun ja k\u00e4yt\u00e4nn\u00f6llisyyden, ollen erinomainen kumppani niin ostoksilla, k\u00e4velyill\u00e4 kuin matkoillakin.<\/h6>\n<p><!-- \/wp:heading --><\/p>\n<p><!-- wp:paragraph --><\/p>\n<p><!-- \/wp:paragraph --><\/p>\n<p><!-- wp:paragraph --><\/p>\n","protected":false},"featured_media":38896,"comment_status":"closed","ping_status":"closed","template":"","meta":{"_acf_changed":false,"om_disable_all_campaigns":false,"_monsterinsights_skip_tracking":false,"_monsterinsights_sitenote_active":false,"_monsterinsights_sitenote_note":"","_monsterinsights_sitenote_category":0,"_uf_show_specific_survey":0,"_uf_disable_surveys":false,"site-sidebar-layout":"default","site-content-layout":"","ast-site-content-layout":"default","site-content-style":"default","site-sidebar-style":"default","ast-global-header-display":"","ast-banner-title-visibility":"","ast-main-header-display":"","ast-hfb-above-header-display":"","ast-hfb-below-header-display":"","ast-hfb-mobile-header-display":"","site-post-title":"","ast-breadcrumbs-content":"","ast-featured-img":"","footer-sml-layout":"","theme-transparent-header-meta":"default","adv-header-id-meta":"","stick-header-meta":"","header-above-stick-meta":"","header-main-stick-meta":"","header-below-stick-meta":"","astra-migrate-meta-layouts":"set","ast-page-background-enabled":"default","ast-page-background-meta":{"desktop":{"background-color":"var(--ast-global-color-4)","background-image":"","background-repeat":"repeat","background-position":"center center","background-size":"auto","background-attachment":"scroll","background-type":"","background-media":"","overlay-type":"","overlay-color":"","overlay-opacity":"","overlay-gradient":""},"tablet":{"background-color":"","background-image":"","background-repeat":"repeat","background-position":"center center","background-size":"auto","background-attachment":"scroll","background-type":"","background-media":"","overlay-type":"","overlay-color":"","overlay-opacity":"","overlay-gradient":""},"mobile":{"background-color":"","background-image":"","background-repeat":"repeat","background-position":"center center","background-size":"auto","background-attachment":"scroll","background-type":"","background-media":"","overlay-type":"","overlay-color":"","overlay-opacity":"","overlay-gradient":""}},"ast-content-background-meta":{"desktop":{"background-color":"var(--ast-global-color-5)","background-image":"","background-repeat":"repeat","background-position":"center center","background-size":"auto","background-attachment":"scroll","background-type":"","background-media":"","overlay-type":"","overlay-color":"","overlay-opacity":"","overlay-gradient":""},"tablet":{"background-color":"var(--ast-global-color-5)","background-image":"","background-repeat":"repeat","background-position":"center center","background-size":"auto","background-attachment":"scroll","background-type":"","background-media":"","overlay-type":"","overlay-color":"","overlay-opacity":"","overlay-gradient":""},"mobile":{"background-color":"var(--ast-global-color-5)","background-image":"","background-repeat":"repeat","background-position":"center center","background-size":"auto","background-attachment":"scroll","background-type":"","background-media":"","overlay-type":"","overlay-color":"","overlay-opacity":"","overlay-gradient":""}}},"product_brand":[],"product_cat":[527,536],"product_tag":[329,327],"class_list":{"0":"post-51824","1":"product","2":"type-product","3":"status-publish","4":"has-post-thumbnail","6":"product_cat-abc-design-fi","7":"product_cat-laukut-ja-reput","8":"product_tag-erilliset-tuotteet","9":"product_tag-raataloity-verkkosivusto","10":"desktop-align-left","11":"tablet-align-left","12":"mobile-align-left","14":"first","15":"instock","16":"taxable","17":"shipping-taxable","18":"purchasable","19":"product-type-variable"},"acf":[],"aioseo_notices":[],"_links":{"self":[{"href":"https:\/\/hummy.ee\/fi\/wp-json\/wp\/v2\/product\/51824","targetHints":{"allow":["GET"]}}],"collection":[{"href":"https:\/\/hummy.ee\/fi\/wp-json\/wp\/v2\/product"}],"about":[{"href":"https:\/\/hummy.ee\/fi\/wp-json\/wp\/v2\/types\/product"}],"replies":[{"embeddable":true,"href":"https:\/\/hummy.ee\/fi\/wp-json\/wp\/v2\/comments?post=51824"}],"version-history":[{"count":9,"href":"https:\/\/hummy.ee\/fi\/wp-json\/wp\/v2\/product\/51824\/revisions"}],"predecessor-version":[{"id":87174,"href":"https:\/\/hummy.ee\/fi\/wp-json\/wp\/v2\/product\/51824\/revisions\/87174"}],"wp:featuredmedia":[{"embeddable":true,"href":"https:\/\/hummy.ee\/fi\/wp-json\/wp\/v2\/media\/38896"}],"wp:attachment":[{"href":"https:\/\/hummy.ee\/fi\/wp-json\/wp\/v2\/media?parent=51824"}],"wp:term":[{"taxonomy":"product_brand","embeddable":true,"href":"https:\/\/hummy.ee\/fi\/wp-json\/wp\/v2\/product_brand?post=51824"},{"taxonomy":"product_cat","embeddable":true,"href":"https:\/\/hummy.ee\/fi\/wp-json\/wp\/v2\/product_cat?post=51824"},{"taxonomy":"product_tag","embeddable":true,"href":"https:\/\/hummy.ee\/fi\/wp-json\/wp\/v2\/product_tag?post=51824"}],"curies":[{"name":"wp","href":"https:\/\/api.w.org\/{rel}","templated":true}]}}