{"id":51751,"date":"2024-10-07T08:58:57","date_gmt":"2024-10-07T08:58:57","guid":{"rendered":"https:\/\/hummy.ee\/product\/iglu-peli-discoverer\/"},"modified":"2026-04-20T17:01:01","modified_gmt":"2026-04-20T17:01:01","slug":"iglu-discoverer","status":"publish","type":"product","link":"https:\/\/hummy.ee\/fi\/tuote\/iglu-discoverer\/","title":{"rendered":"IGLU leikkimoduuli - Discoverer"},"content":{"rendered":"<ul>\n<li>\n<h6>IGLUn pehme\u00e4t halattavat palikat ovat kuin yst\u00e4vi\u00e4, jotka kehitt\u00e4v\u00e4t lasten liike- ja motorisia taitoja. Erilaiset muodot auttavat lapsia parantamaan koordinaatiota ja motorisia taitoja \u2013 sormien liikkeist\u00e4 aina ry\u00f6mimiseen, kiipe\u00e4miseen ja korkeuksien tutkimiseen asti.<\/h6>\n<\/li>\n<li>\n<h6>Nauraminen sisarusten, yst\u00e4vien ja kavereiden kanssa edist\u00e4\u00e4 sosiaalisia taitoja, synnytt\u00e4\u00e4 keskusteluja ja sitoo ihmisi\u00e4. Yhteisty\u00f6 vanhempien tai yst\u00e4vien kanssa voi auttaa oppimaan nopeasti ja omaksumaan hienoja geometrisia muotoja ja kirkkaita v\u00e4rej\u00e4. Muotojen \u00e4\u00e4ret\u00f6n yhdistelm\u00e4 on kuin aarrearkku, josta voi rakentaa mielikuvitusmaailmoja - linnoja, linnoituksia ja paljon muuta.<\/h6>\n<\/li>\n<li>\n<h6>Kun lapset kasvavat, n\u00e4ist\u00e4 muodoista tulee erinomaisia ty\u00f6kaluja. Rakentakaa esteratoja, kiivetk\u00e4\u00e4 s\u00e4ngyille ja tuoleille \u2013 mahdollisuudet ovat loputtomat. Jopa lemmikkiel\u00e4imet osallistuvat mielell\u00e4\u00e4n leikkeihin. Aikuiset voivat k\u00e4ytt\u00e4\u00e4 muotoja esimerkiksi my\u00f6s tietokoneen alustana.<\/h6>\n<\/li>\n<\/ul>\n<h6><\/h6>\n<h6><\/h6>\n<h6><em><strong data-start=\"504\" data-end=\"532\">Miksi valita IGLU-leikkimoduuli?<\/strong><\/em><\/h6>\n<ul>\n<li>\n<h6>Lis\u00e4\u00e4 fyysist\u00e4 aktiivisuutta<\/h6>\n<\/li>\n<li>\n<h6>Lis\u00e4\u00e4 luovuutta ja mielikuvitusta<\/h6>\n<\/li>\n<li>\n<h6>Auttaa hallitsemaan ylim\u00e4\u00e4r\u00e4ist\u00e4 energiaa ja stressi\u00e4<\/h6>\n<\/li>\n<li>\n<h6>Tarjoaa aistien stimulointia<\/h6>\n<\/li>\n<li>\n<h6>Pit\u00e4\u00e4 lapset erossa n\u00e4yt\u00f6ist\u00e4<\/h6>\n<\/li>\n<li>\n<h6>Kehitt\u00e4\u00e4 sosiaalisia taitoja, kuten jakamista ja yhteisty\u00f6t\u00e4<\/h6>\n<\/li>\n<\/ul>\n<h6><\/h6>\n<h6><\/h6>\n<h6>IGLU-palikat on valmistettu kest\u00e4v\u00e4st\u00e4, 100 % kierr\u00e4tett\u00e4v\u00e4st\u00e4 korkealaatuisesta vaahdosta, jossa on suljettu solurakenne \u2013 pehme\u00e4 ja eritt\u00e4in kevyt. Ne on p\u00e4\u00e4llystetty kest\u00e4v\u00e4st\u00e4 vegaaninahasta valmistetulla pinnalla. Palikat ovat tukevia ja pehmeit\u00e4, miellytt\u00e4v\u00e4n tuntuisia, helppohoitoisia, s\u00e4ilytt\u00e4v\u00e4t hyvin muotonsa ja ne on testattu haitallisten aineiden varalta. IGLU-leikkimoduulit ovat CE-merkittyj\u00e4 EU-direktiivin 88\/378 mukaisesti, ja ne ovat t\u00e4ysin turvallisia pienille lapsille.<\/h6>\n<h6><\/h6>\n<h6><img decoding=\"async\" class=\"\" src=\"https:\/\/iglusoftplay.eu\/cdn\/shop\/files\/ikonas_enviroment-01_061d9a06-5ad9-4fb7-a868-c7b23eff39bb_1.png?v=1700659334\" width=\"50\" height=\"50\" \/>BPA+ ftalaatiton<\/h6>\n<h6><img decoding=\"async\" class=\"\" src=\"https:\/\/iglusoftplay.eu\/cdn\/shop\/files\/ikonas_enviroment-04_5c6aa86a-aa33-4666-949c-b2f12b5af4ef_1.png?v=1700659334\" width=\"50\" height=\"50\" \/>Helppo puhdistaa<\/h6>\n<h6><img decoding=\"async\" class=\"\" src=\"https:\/\/iglusoftplay.eu\/cdn\/shop\/files\/ikonas_enviroment-03_543f8be0-895f-4ba5-9b54-80ea85594c82_1.png?v=1700659334\" width=\"50\" height=\"50\" \/>Luotu kest\u00e4v\u00e4sti<\/h6>\n<p>&nbsp;<\/p>\n<h6><em>Tutustu <a href=\"https:\/\/hummy.ee\/fi\/leikkikentat\/\" target=\"_blank\" rel=\"noopener\">IGLU<\/a>-leikkimoduulien tuotevalikoimaan.<\/em><\/h6>\n","protected":false},"excerpt":{"rendered":"<h6>IGLU Discoverer -leikkimoduuli on suunniteltu her\u00e4tt\u00e4m\u00e4\u00e4n uteliaisuutta, stimuloimaan luovuutta ja kannustamaan aktiiviseen oppimiseen. Kest\u00e4v\u00e4 rakenteinen setti on tehty kest\u00e4m\u00e4\u00e4n ja tarjoamaan pitk\u00e4kestoista, hauskaa ja mukaansatempaavaa tutkimisen iloa. Seikkailullisen puolen lis\u00e4ksi t\u00e4m\u00e4 leikkimoduuli tarjoaa my\u00f6s kasvatuksellista arvoa. Se kehitt\u00e4\u00e4 ongelmanratkaisutaitoja, tilanhahmotuskyky\u00e4 ja kielellist\u00e4 kehityst\u00e4 yhteisty\u00f6h\u00f6n perustuvan leikin kautta.<\/h6>\n","protected":false},"featured_media":41288,"comment_status":"closed","ping_status":"closed","template":"","meta":{"_acf_changed":false,"om_disable_all_campaigns":false,"_monsterinsights_skip_tracking":false,"_monsterinsights_sitenote_active":false,"_monsterinsights_sitenote_note":"","_monsterinsights_sitenote_category":0,"_uf_show_specific_survey":0,"_uf_disable_surveys":false,"site-sidebar-layout":"default","site-content-layout":"","ast-site-content-layout":"default","site-content-style":"default","site-sidebar-style":"default","ast-global-header-display":"","ast-banner-title-visibility":"","ast-main-header-display":"","ast-hfb-above-header-display":"","ast-hfb-below-header-display":"","ast-hfb-mobile-header-display":"","site-post-title":"","ast-breadcrumbs-content":"","ast-featured-img":"","footer-sml-layout":"","theme-transparent-header-meta":"default","adv-header-id-meta":"","stick-header-meta":"","header-above-stick-meta":"","header-main-stick-meta":"","header-below-stick-meta":"","astra-migrate-meta-layouts":"set","ast-page-background-enabled":"default","ast-page-background-meta":{"desktop":{"background-color":"var(--ast-global-color-4)","background-image":"","background-repeat":"repeat","background-position":"center center","background-size":"auto","background-attachment":"scroll","background-type":"","background-media":"","overlay-type":"","overlay-color":"","overlay-opacity":"","overlay-gradient":""},"tablet":{"background-color":"","background-image":"","background-repeat":"repeat","background-position":"center center","background-size":"auto","background-attachment":"scroll","background-type":"","background-media":"","overlay-type":"","overlay-color":"","overlay-opacity":"","overlay-gradient":""},"mobile":{"background-color":"","background-image":"","background-repeat":"repeat","background-position":"center center","background-size":"auto","background-attachment":"scroll","background-type":"","background-media":"","overlay-type":"","overlay-color":"","overlay-opacity":"","overlay-gradient":""}},"ast-content-background-meta":{"desktop":{"background-color":"var(--ast-global-color-5)","background-image":"","background-repeat":"repeat","background-position":"center center","background-size":"auto","background-attachment":"scroll","background-type":"","background-media":"","overlay-type":"","overlay-color":"","overlay-opacity":"","overlay-gradient":""},"tablet":{"background-color":"var(--ast-global-color-5)","background-image":"","background-repeat":"repeat","background-position":"center center","background-size":"auto","background-attachment":"scroll","background-type":"","background-media":"","overlay-type":"","overlay-color":"","overlay-opacity":"","overlay-gradient":""},"mobile":{"background-color":"var(--ast-global-color-5)","background-image":"","background-repeat":"repeat","background-position":"center center","background-size":"auto","background-attachment":"scroll","background-type":"","background-media":"","overlay-type":"","overlay-color":"","overlay-opacity":"","overlay-gradient":""}}},"product_brand":[],"product_cat":[461,503,464,462],"product_tag":[],"class_list":{"0":"post-51751","1":"product","2":"type-product","3":"status-publish","4":"has-post-thumbnail","6":"product_cat-iglu-fi","7":"product_cat-iglu-fi-2","8":"product_cat-lahjaideat","9":"product_cat-leikkikentat","10":"desktop-align-left","11":"tablet-align-left","12":"mobile-align-left","14":"first","15":"instock","16":"sale","17":"taxable","18":"shipping-taxable","19":"purchasable","20":"product-type-variable"},"acf":[],"aioseo_notices":[],"_links":{"self":[{"href":"https:\/\/hummy.ee\/fi\/wp-json\/wp\/v2\/product\/51751","targetHints":{"allow":["GET"]}}],"collection":[{"href":"https:\/\/hummy.ee\/fi\/wp-json\/wp\/v2\/product"}],"about":[{"href":"https:\/\/hummy.ee\/fi\/wp-json\/wp\/v2\/types\/product"}],"replies":[{"embeddable":true,"href":"https:\/\/hummy.ee\/fi\/wp-json\/wp\/v2\/comments?post=51751"}],"version-history":[{"count":7,"href":"https:\/\/hummy.ee\/fi\/wp-json\/wp\/v2\/product\/51751\/revisions"}],"predecessor-version":[{"id":87372,"href":"https:\/\/hummy.ee\/fi\/wp-json\/wp\/v2\/product\/51751\/revisions\/87372"}],"wp:featuredmedia":[{"embeddable":true,"href":"https:\/\/hummy.ee\/fi\/wp-json\/wp\/v2\/media\/41288"}],"wp:attachment":[{"href":"https:\/\/hummy.ee\/fi\/wp-json\/wp\/v2\/media?parent=51751"}],"wp:term":[{"taxonomy":"product_brand","embeddable":true,"href":"https:\/\/hummy.ee\/fi\/wp-json\/wp\/v2\/product_brand?post=51751"},{"taxonomy":"product_cat","embeddable":true,"href":"https:\/\/hummy.ee\/fi\/wp-json\/wp\/v2\/product_cat?post=51751"},{"taxonomy":"product_tag","embeddable":true,"href":"https:\/\/hummy.ee\/fi\/wp-json\/wp\/v2\/product_tag?post=51751"}],"curies":[{"name":"wp","href":"https:\/\/api.w.org\/{rel}","templated":true}]}}