{"id":51722,"date":"2024-10-07T08:58:57","date_gmt":"2024-10-07T08:58:57","guid":{"rendered":"https:\/\/hummy.ee\/product\/iglu-peli-luovuus\/"},"modified":"2026-04-20T17:17:59","modified_gmt":"2026-04-20T17:17:59","slug":"iglu-creativity","status":"publish","type":"product","link":"https:\/\/hummy.ee\/fi\/tuote\/iglu-creativity\/","title":{"rendered":"IGLU leikkimoduuli - Creativity"},"content":{"rendered":"<p>\r\n\r\n\r\n\r\n\r\n\r\n\r\n\r\n<\/p>\r\n<p>\r\n\r\n\r\n\r\n<\/p>\r\n<ul>\r\n<li data-start=\"105\" data-end=\"387\">\r\n<h6>IGLUn pehme\u00e4t halattavat palikat ovat kuin yst\u00e4vi\u00e4, jotka tukevat lasten liike- ja motoristen taitojen kehittymist\u00e4. Erilaiset muodot auttavat lapsia parantamaan koordinaatiota ja motorisia taitoja \u2013 sormien liikkeist\u00e4 aina ry\u00f6mimiseen, kiipe\u00e4miseen ja korkeuksien tutkimiseen asti.<\/h6>\r\n<\/li>\r\n<li data-start=\"389\" data-end=\"786\">\r\n<h6>Sisarusten, yst\u00e4vien ja kavereiden kanssa kikattelu kehitt\u00e4\u00e4 sosiaalisia taitoja, synnytt\u00e4\u00e4 keskusteluja ja vahvistaa vuorovaikutusta. Yhteisty\u00f6 vanhempien tai yst\u00e4vien kanssa auttaa oppimaan nopeasti sek\u00e4 huomaamaan hauskoja geometrisia muotoja ja kirkkaita v\u00e4rej\u00e4. Loputon muotojen yhdistely on kuin aarrearkku mielikuvituksellisten maailmojen \u2013 linnojen, linnoitusten ja muiden \u2013 rakentamiseen.<\/h6>\r\n<\/li>\r\n<li data-start=\"788\" data-end=\"1067\">\r\n<h6>Lasten kasvaessa n\u00e4ist\u00e4 muodoista tulee erinomaisia ty\u00f6kaluja. Rakentakaa esteratoja, kiivetk\u00e4\u00e4 portaita s\u00e4nkyihin ja tuoleihin \u2013 mahdollisuudet ovat loputtomat. My\u00f6s lemmikit osallistuvat mielell\u00e4\u00e4n leikkeihin. Aikuiset voivat k\u00e4ytt\u00e4\u00e4 palikoita esimerkiksi tietokoneen alustana.<\/h6>\r\n<\/li>\r\n<\/ul>\r\n<h6>\u00a0<\/h6>\r\n<h6 data-section-id=\"l6ent3\" data-start=\"1074\" data-end=\"1108\"><em><strong>Miksi valita IGLU-leikkisetti?<\/strong><\/em><\/h6>\r\n<ul data-start=\"1110\" data-end=\"1373\">\r\n<li data-section-id=\"1aa5mk2\" data-start=\"1110\" data-end=\"1142\">\r\n<h6>Lis\u00e4\u00e4 fyysist\u00e4 aktiivisuutta<\/h6>\r\n<\/li>\r\n<li data-section-id=\"1hepbin\" data-start=\"1143\" data-end=\"1183\">\r\n<h6>Kehitt\u00e4\u00e4 luovuutta ja mielikuvitusta<\/h6>\r\n<\/li>\r\n<li data-section-id=\"13hr6vf\" data-start=\"1184\" data-end=\"1238\">\r\n<h6>Auttaa purkamaan ylim\u00e4\u00e4r\u00e4ist\u00e4 energiaa ja stressi\u00e4<\/h6>\r\n<\/li>\r\n<li data-section-id=\"12ari1a\" data-start=\"1239\" data-end=\"1275\">\r\n<h6>Tarjoaa sensorista stimulaatiota<\/h6>\r\n<\/li>\r\n<li data-section-id=\"4yuo1t\" data-start=\"1276\" data-end=\"1309\">\r\n<h6>Pit\u00e4\u00e4 lapset poissa ruuduista<\/h6>\r\n<\/li>\r\n<li data-section-id=\"1plo10r\" data-start=\"1310\" data-end=\"1373\">\r\n<h6>Kehitt\u00e4\u00e4 sosiaalisia taitoja kuten jakamista ja yhteisty\u00f6t\u00e4<\/h6>\r\n<\/li>\r\n<\/ul>\r\n<h6 data-start=\"1380\" data-end=\"1841\">IGLUn palikat on valmistettu kest\u00e4v\u00e4st\u00e4, 100 % kierr\u00e4tett\u00e4v\u00e4st\u00e4 korkealaatuisesta vaahdosta, jossa on suljettu solurakenne \u2013 pehme\u00e4 ja eritt\u00e4in kevyt. Ne on p\u00e4\u00e4llystetty kest\u00e4v\u00e4st\u00e4 vegaaninahasta. Palikat ovat tukevia mutta pehmeit\u00e4, miellytt\u00e4v\u00e4n tuntuisia, helppohoitoisia, s\u00e4ilytt\u00e4v\u00e4t hyvin muotonsa ja ne on testattu haitallisten aineiden varalta. IGLU-leikkisettit ovat CE-merkittyj\u00e4 EU-direktiivin 88\/378 mukaisesti ja t\u00e4ysin turvallisia pienille lapsille.<\/h6>\r\n<p>&nbsp;<\/p>\r\n<h6><img decoding=\"async\" class=\"\" src=\"https:\/\/iglusoftplay.eu\/cdn\/shop\/files\/ikonas_enviroment-01_061d9a06-5ad9-4fb7-a868-c7b23eff39bb_1.png?v=1700659334\" width=\"50\" height=\"50\" \/>BPA- ja ftalaattivapaa<\/h6>\r\n<h6><img decoding=\"async\" class=\"\" src=\"https:\/\/iglusoftplay.eu\/cdn\/shop\/files\/ikonas_enviroment-04_5c6aa86a-aa33-4666-949c-b2f12b5af4ef_1.png?v=1700659334\" width=\"50\" height=\"50\" \/>Helppo puhdistaa<\/h6>\r\n<h6><img decoding=\"async\" class=\"\" src=\"https:\/\/iglusoftplay.eu\/cdn\/shop\/files\/ikonas_enviroment-03_543f8be0-895f-4ba5-9b54-80ea85594c82_1.png?v=1700659334\" width=\"50\" height=\"50\" \/>Kest\u00e4v\u00e4n kehityksen mukaisesti valmistettu<\/h6>\r\n<p>&nbsp;<\/p>\r\n<h6 data-start=\"1944\" data-end=\"1962\">Suositusik\u00e4: 8 kk+<\/h6>\r\n<h6>\u00a0<\/h6>\r\n<h6>\u00a0<\/h6>\r\n<p><\/p>","protected":false},"excerpt":{"rendered":"<h6>T\u00e4m\u00e4 leikkimoduuli on lapsesi luovuuden kangas. Erilaisten muotojen ja kokojen ansiosta se tarjoaa loputtomasti mahdollisuuksia mielikuvitusleikkiin, rakentamiseen ja tutkimiseen. Seuraa, kuinka lapsi muuttaa ideansa konkreettisiksi luomuksiksi kehitt\u00e4en samalla aktiivisesti ongelmanratkaisu-, avaruudellisen ajattelun ja kriittisen ajattelun taitoja. T\u00e4m\u00e4 on hauska tapa oppia leikin kautta.<\/h6>\n","protected":false},"featured_media":25332,"comment_status":"closed","ping_status":"closed","template":"","meta":{"_acf_changed":false,"om_disable_all_campaigns":false,"_monsterinsights_skip_tracking":false,"_monsterinsights_sitenote_active":false,"_monsterinsights_sitenote_note":"","_monsterinsights_sitenote_category":0,"_uf_show_specific_survey":0,"_uf_disable_surveys":false,"site-sidebar-layout":"default","site-content-layout":"","ast-site-content-layout":"default","site-content-style":"default","site-sidebar-style":"default","ast-global-header-display":"","ast-banner-title-visibility":"","ast-main-header-display":"","ast-hfb-above-header-display":"","ast-hfb-below-header-display":"","ast-hfb-mobile-header-display":"","site-post-title":"","ast-breadcrumbs-content":"","ast-featured-img":"","footer-sml-layout":"","theme-transparent-header-meta":"default","adv-header-id-meta":"","stick-header-meta":"","header-above-stick-meta":"","header-main-stick-meta":"","header-below-stick-meta":"","astra-migrate-meta-layouts":"set","ast-page-background-enabled":"default","ast-page-background-meta":{"desktop":{"background-color":"var(--ast-global-color-4)","background-image":"","background-repeat":"repeat","background-position":"center center","background-size":"auto","background-attachment":"scroll","background-type":"","background-media":"","overlay-type":"","overlay-color":"","overlay-opacity":"","overlay-gradient":""},"tablet":{"background-color":"","background-image":"","background-repeat":"repeat","background-position":"center center","background-size":"auto","background-attachment":"scroll","background-type":"","background-media":"","overlay-type":"","overlay-color":"","overlay-opacity":"","overlay-gradient":""},"mobile":{"background-color":"","background-image":"","background-repeat":"repeat","background-position":"center center","background-size":"auto","background-attachment":"scroll","background-type":"","background-media":"","overlay-type":"","overlay-color":"","overlay-opacity":"","overlay-gradient":""}},"ast-content-background-meta":{"desktop":{"background-color":"var(--ast-global-color-5)","background-image":"","background-repeat":"repeat","background-position":"center center","background-size":"auto","background-attachment":"scroll","background-type":"","background-media":"","overlay-type":"","overlay-color":"","overlay-opacity":"","overlay-gradient":""},"tablet":{"background-color":"var(--ast-global-color-5)","background-image":"","background-repeat":"repeat","background-position":"center center","background-size":"auto","background-attachment":"scroll","background-type":"","background-media":"","overlay-type":"","overlay-color":"","overlay-opacity":"","overlay-gradient":""},"mobile":{"background-color":"var(--ast-global-color-5)","background-image":"","background-repeat":"repeat","background-position":"center center","background-size":"auto","background-attachment":"scroll","background-type":"","background-media":"","overlay-type":"","overlay-color":"","overlay-opacity":"","overlay-gradient":""}}},"product_brand":[],"product_cat":[503,461,507,462],"product_tag":[],"class_list":{"0":"post-51722","1":"product","2":"type-product","3":"status-publish","4":"has-post-thumbnail","6":"product_cat-iglu-fi-2","7":"product_cat-iglu-fi","8":"product_cat-kampanja","9":"product_cat-leikkikentat","10":"desktop-align-left","11":"tablet-align-left","12":"mobile-align-left","14":"first","15":"instock","16":"sale","17":"taxable","18":"shipping-taxable","19":"purchasable","20":"product-type-variable"},"acf":[],"aioseo_notices":[],"_links":{"self":[{"href":"https:\/\/hummy.ee\/fi\/wp-json\/wp\/v2\/product\/51722","targetHints":{"allow":["GET"]}}],"collection":[{"href":"https:\/\/hummy.ee\/fi\/wp-json\/wp\/v2\/product"}],"about":[{"href":"https:\/\/hummy.ee\/fi\/wp-json\/wp\/v2\/types\/product"}],"replies":[{"embeddable":true,"href":"https:\/\/hummy.ee\/fi\/wp-json\/wp\/v2\/comments?post=51722"}],"version-history":[{"count":12,"href":"https:\/\/hummy.ee\/fi\/wp-json\/wp\/v2\/product\/51722\/revisions"}],"predecessor-version":[{"id":87382,"href":"https:\/\/hummy.ee\/fi\/wp-json\/wp\/v2\/product\/51722\/revisions\/87382"}],"wp:featuredmedia":[{"embeddable":true,"href":"https:\/\/hummy.ee\/fi\/wp-json\/wp\/v2\/media\/25332"}],"wp:attachment":[{"href":"https:\/\/hummy.ee\/fi\/wp-json\/wp\/v2\/media?parent=51722"}],"wp:term":[{"taxonomy":"product_brand","embeddable":true,"href":"https:\/\/hummy.ee\/fi\/wp-json\/wp\/v2\/product_brand?post=51722"},{"taxonomy":"product_cat","embeddable":true,"href":"https:\/\/hummy.ee\/fi\/wp-json\/wp\/v2\/product_cat?post=51722"},{"taxonomy":"product_tag","embeddable":true,"href":"https:\/\/hummy.ee\/fi\/wp-json\/wp\/v2\/product_tag?post=51722"}],"curies":[{"name":"wp","href":"https:\/\/api.w.org\/{rel}","templated":true}]}}