{"id":51263,"date":"2024-04-07T18:26:12","date_gmt":"2024-04-07T18:26:12","guid":{"rendered":"https:\/\/hummy.ee\/product\/leclercbaby-ylellinen-istuintyyny\/"},"modified":"2026-04-13T15:54:27","modified_gmt":"2026-04-13T15:54:27","slug":"leclercbaby-luxury-istuinpehmuste","status":"publish","type":"product","link":"https:\/\/hummy.ee\/fi\/tuote\/leclercbaby-luxury-istuinpehmuste\/","title":{"rendered":"Leclercbaby Luxury istuinpehmuste"},"content":{"rendered":"<h6><strong><em>Miksi valita Luxury-istuinpehmuste?<\/em><\/strong><\/h6>\n<h6>Ensinn\u00e4kin se on valmistettu parhaista materiaaleista, jotka takaavat maksimaalisen pehmeyden ja hengitt\u00e4vyyden. Lis\u00e4ksi pehmuste on suunniteltu tukemaan lasta pitkill\u00e4 k\u00e4velyill\u00e4, tarjoten h\u00e4nelle mukavuutta joka askeleella. Viel\u00e4kin enemm\u00e4n, kosteutta imev\u00e4t ominaisuudet auttavat pit\u00e4m\u00e4\u00e4n lapsen kuivana ja viile\u00e4n\u00e4, jopa kuumimpina kes\u00e4p\u00e4ivin\u00e4.<\/h6>\n<p>&nbsp;<\/p>\n<h6><strong><em>L\u00e4mp\u00f6 ja hengitt\u00e4vyys \u2013 ihanteellinen kaikkiin vuodenaikoihin<\/em><\/strong><\/h6>\n<h6>Toisin kuin tavalliset istuinvuoret, Luxury-pehmuste on valmistettu nelj\u00e4st\u00e4 kerroksesta, jotka yhdist\u00e4v\u00e4t puuvillan ja viskoosin optimaalisen l\u00e4mp\u00f6tilan s\u00e4\u00e4telyn varmistamiseksi.<\/h6>\n<h6><\/h6>\n<ul data-start=\"1117\" data-end=\"1234\">\n<li data-start=\"1117\" data-end=\"1155\">\n<h6>Talvella se pit\u00e4\u00e4 lapsen l\u00e4mpim\u00e4n\u00e4.<\/h6>\n<\/li>\n<li data-start=\"1156\" data-end=\"1234\">\n<h6>Kes\u00e4ll\u00e4 hengitt\u00e4v\u00e4 kangas varmistaa riitt\u00e4v\u00e4n ilmanvaihdon ylikuumenemisen est\u00e4miseksi.<\/h6>\n<\/li>\n<li data-start=\"1156\" data-end=\"1234\">\n<h6>Lis\u00e4ksi, koska puuvilla on hypoallergeeninen, istuinpehmuste on 99,99 % bakteerikest\u00e4v\u00e4, mik\u00e4 v\u00e4hent\u00e4\u00e4 allergiariski\u00e4 ja tarjoaa lapsen iholle lis\u00e4suojaa.<\/h6>\n<\/li>\n<\/ul>\n<h6><\/h6>\n<h6><strong><em>Universaali muotoilu ja helppo huolto<\/em><\/strong><\/h6>\n<h6>Mutta se ei ole viel\u00e4 kaikki! Universaalin muotoilun ansiosta Luxury-istuinpehmuste sopii kaikkiin matkarattaisiin ja lastenvaunuihin, tarjoten tukevan ja hyvin istuvan yhteensopivuuden.<\/h6>\n<h6>Kun on aika puhdistaa, sinun ei tarvitse huolehtia! Irrota pehmuste ja pese se pesukoneessa 30 \u00b0C:ssa \u2013 helppo ja vaivaton huolto. Pesun j\u00e4lkeen ripusta se kuivumaan narulle, jotta varmistat pitk\u00e4n k\u00e4ytt\u00f6i\u00e4n ja laadun.<\/h6>\n<p>&nbsp;<\/p>\n<h6><strong><em>Tyyli ja luksus yhdess\u00e4<\/em><\/strong><\/h6>\n<h6>Lis\u00e4ksi k\u00e4yt\u00e4nn\u00f6llisyyden ohella Luxury-istuinpehmuste tuo matkarattaisiin my\u00f6s ripauksen hienostuneisuutta. Ajaton muotoilu, huolellisesti valitut viimeistelyt ja laadukkaat materiaalit t\u00e4ydent\u00e4v\u00e4t jokaisen matkarattaan ulkon\u00e4k\u00f6\u00e4.<\/h6>\n<h6>Lis\u00e4ksi klassinen musta tai harmaa v\u00e4ris\u00e4vy tekee siit\u00e4 t\u00e4ydellisen lis\u00e4n kaikkiin Leclercbaby -matkarattaisiin.<\/h6>\n<p>&nbsp;<\/p>\n<h6><strong><em>Paras sijoitus lapsen hyvinvointiin<\/em><\/strong><\/h6>\n<h6>Luxury-istuinpehmuste on ihanteellinen valinta vanhemmille, jotka haluavat yhdist\u00e4\u00e4 mukavuuden, tyylin ja k\u00e4yt\u00e4nn\u00f6llisyyden. Lapset ansaitsevat vain parasta, ja t\u00e4m\u00e4 istuinpehmuste tarjoaa heille juuri sit\u00e4 \u2013 ylellist\u00e4 pehmeytt\u00e4 ja suojaa ymp\u00e4ri vuoden.<\/h6>\n<p>&nbsp;<\/p>\n<h6><strong><em>Mitat:<\/em><\/strong><\/h6>\n<ul>\n<li data-start=\"2533\" data-end=\"2614\">\n<h6>Korkeus: 30 cm<\/h6>\n<\/li>\n<li data-start=\"2533\" data-end=\"2614\">\n<h6>Leveys: 34 cm<\/h6>\n<\/li>\n<li data-start=\"2533\" data-end=\"2614\">\n<h6>Pituus: 78 cm<\/h6>\n<\/li>\n<\/ul>\n<p>&nbsp;<\/p>\n<h6><em>Lue lis\u00e4\u00e4 siit\u00e4, miten valita matkarattaat Hummyn <a href=\"https:\/\/hummy.ee\/fi\/blogi\/\" target=\"_blank\" rel=\"noopener\">blogista<\/a>.<\/em><\/h6>\n<h6><em>Katso <a href=\"https:\/\/www.youtube.com\/watch?v=se6NR01dX_o\" target=\"_blank\" rel=\"noopener\">tarkemmin<\/a>, miten istuinpehmuste kiinnitet\u00e4\u00e4n rattaisiin.<\/em><\/h6>\n","protected":false},"excerpt":{"rendered":"<h6>Luxury istuinpehmuste on erinomainen lis\u00e4 pienen lapsen matkarattaiden k\u00e4ytt\u00f6kokemuksen parantamiseen ymp\u00e4ri vuoden. T\u00e4m\u00e4 istuinpehmuste on valmistettu \u00e4\u00e4rimm\u00e4isell\u00e4 huolellisuudella ja yksityiskohtiin panostaen, ja se on suunniteltu tarjoamaan lapselle \u00e4\u00e4rimm\u00e4ist\u00e4 mukavuutta ja tyyli\u00e4.<\/h6>\n","protected":false},"featured_media":31504,"comment_status":"closed","ping_status":"closed","template":"","meta":{"_acf_changed":false,"om_disable_all_campaigns":false,"_monsterinsights_skip_tracking":false,"_monsterinsights_sitenote_active":false,"_monsterinsights_sitenote_note":"","_monsterinsights_sitenote_category":0,"_uf_show_specific_survey":0,"_uf_disable_surveys":false,"site-sidebar-layout":"default","site-content-layout":"","ast-site-content-layout":"default","site-content-style":"default","site-sidebar-style":"default","ast-global-header-display":"","ast-banner-title-visibility":"","ast-main-header-display":"","ast-hfb-above-header-display":"","ast-hfb-below-header-display":"","ast-hfb-mobile-header-display":"","site-post-title":"","ast-breadcrumbs-content":"","ast-featured-img":"","footer-sml-layout":"","theme-transparent-header-meta":"default","adv-header-id-meta":"","stick-header-meta":"","header-above-stick-meta":"","header-main-stick-meta":"","header-below-stick-meta":"","astra-migrate-meta-layouts":"set","ast-page-background-enabled":"default","ast-page-background-meta":{"desktop":{"background-color":"var(--ast-global-color-4)","background-image":"","background-repeat":"repeat","background-position":"center center","background-size":"auto","background-attachment":"scroll","background-type":"","background-media":"","overlay-type":"","overlay-color":"","overlay-opacity":"","overlay-gradient":""},"tablet":{"background-color":"","background-image":"","background-repeat":"repeat","background-position":"center center","background-size":"auto","background-attachment":"scroll","background-type":"","background-media":"","overlay-type":"","overlay-color":"","overlay-opacity":"","overlay-gradient":""},"mobile":{"background-color":"","background-image":"","background-repeat":"repeat","background-position":"center center","background-size":"auto","background-attachment":"scroll","background-type":"","background-media":"","overlay-type":"","overlay-color":"","overlay-opacity":"","overlay-gradient":""}},"ast-content-background-meta":{"desktop":{"background-color":"var(--ast-global-color-5)","background-image":"","background-repeat":"repeat","background-position":"center center","background-size":"auto","background-attachment":"scroll","background-type":"","background-media":"","overlay-type":"","overlay-color":"","overlay-opacity":"","overlay-gradient":""},"tablet":{"background-color":"var(--ast-global-color-5)","background-image":"","background-repeat":"repeat","background-position":"center center","background-size":"auto","background-attachment":"scroll","background-type":"","background-media":"","overlay-type":"","overlay-color":"","overlay-opacity":"","overlay-gradient":""},"mobile":{"background-color":"var(--ast-global-color-5)","background-image":"","background-repeat":"repeat","background-position":"center center","background-size":"auto","background-attachment":"scroll","background-type":"","background-media":"","overlay-type":"","overlay-color":"","overlay-opacity":"","overlay-gradient":""}}},"product_brand":[],"product_cat":[388,324,323],"product_tag":[329,327],"class_list":{"0":"post-51263","1":"product","2":"type-product","3":"status-publish","4":"has-post-thumbnail","6":"product_cat-istuintyynyt","7":"product_cat-leclercbaby","8":"product_cat-trimmaustarvikkeet","9":"product_tag-erilliset-tuotteet","10":"product_tag-raataloity-verkkosivusto","11":"desktop-align-left","12":"tablet-align-left","13":"mobile-align-left","15":"first","16":"instock","17":"sale","18":"taxable","19":"shipping-taxable","20":"purchasable","21":"product-type-variable"},"acf":[],"aioseo_notices":[],"_links":{"self":[{"href":"https:\/\/hummy.ee\/fi\/wp-json\/wp\/v2\/product\/51263","targetHints":{"allow":["GET"]}}],"collection":[{"href":"https:\/\/hummy.ee\/fi\/wp-json\/wp\/v2\/product"}],"about":[{"href":"https:\/\/hummy.ee\/fi\/wp-json\/wp\/v2\/types\/product"}],"replies":[{"embeddable":true,"href":"https:\/\/hummy.ee\/fi\/wp-json\/wp\/v2\/comments?post=51263"}],"version-history":[{"count":10,"href":"https:\/\/hummy.ee\/fi\/wp-json\/wp\/v2\/product\/51263\/revisions"}],"predecessor-version":[{"id":86634,"href":"https:\/\/hummy.ee\/fi\/wp-json\/wp\/v2\/product\/51263\/revisions\/86634"}],"wp:featuredmedia":[{"embeddable":true,"href":"https:\/\/hummy.ee\/fi\/wp-json\/wp\/v2\/media\/31504"}],"wp:attachment":[{"href":"https:\/\/hummy.ee\/fi\/wp-json\/wp\/v2\/media?parent=51263"}],"wp:term":[{"taxonomy":"product_brand","embeddable":true,"href":"https:\/\/hummy.ee\/fi\/wp-json\/wp\/v2\/product_brand?post=51263"},{"taxonomy":"product_cat","embeddable":true,"href":"https:\/\/hummy.ee\/fi\/wp-json\/wp\/v2\/product_cat?post=51263"},{"taxonomy":"product_tag","embeddable":true,"href":"https:\/\/hummy.ee\/fi\/wp-json\/wp\/v2\/product_tag?post=51263"}],"curies":[{"name":"wp","href":"https:\/\/api.w.org\/{rel}","templated":true}]}}