{"id":51260,"date":"2024-04-07T18:24:33","date_gmt":"2024-04-07T18:24:33","guid":{"rendered":"https:\/\/hummy.ee\/product\/leclercbaby-ylellinen-kaannettava-istuintyyny\/"},"modified":"2026-03-18T20:23:46","modified_gmt":"2026-03-18T20:23:46","slug":"leclercbaby-ylellinen-kaannettava-istuintyyny","status":"publish","type":"product","link":"https:\/\/hummy.ee\/fi\/tuote\/leclercbaby-ylellinen-kaannettava-istuintyyny\/","title":{"rendered":"Leclercbaby Ylellinen k\u00e4\u00e4nnett\u00e4v\u00e4 istuintyyny"},"content":{"rendered":"<h6 data-start=\"496\" data-end=\"551\"><strong><em>Miksi valita k\u00e4\u00e4nteinen Luxury-istuintyyny?<\/em><\/strong><\/h6>\n<ul>\n<li data-start=\"553\" data-end=\"1018\">\n<h6>Kaksi yhdess\u00e4 -toiminnallisuus - istuintyyny\u00e4 voidaan k\u00e4ytt\u00e4\u00e4 kummaltakin puolelta, mik\u00e4 tekee siit\u00e4 erityisen k\u00e4yt\u00e4nn\u00f6llisen.<\/h6>\n<\/li>\n<li data-start=\"553\" data-end=\"1018\">\n<h6>L\u00e4mmin ja pehme\u00e4 Sherpa-vuori - ihanteellinen kylmiin talvikuukausiin pit\u00e4m\u00e4\u00e4n vauvasi l\u00e4mpim\u00e4n\u00e4 ja mukavana.<\/h6>\n<\/li>\n<li data-start=\"553\" data-end=\"1018\">\n<h6>Hengitt\u00e4v\u00e4 tekstiilikangas - auttaa viilent\u00e4m\u00e4\u00e4n kuumina kes\u00e4p\u00e4ivin\u00e4 ja varmistaa optimaalisen ilmankierron.<\/h6>\n<\/li>\n<li data-start=\"553\" data-end=\"1018\">\n<h6>Hypoallergeeninen puuvilla - 99,99 % bakteerinkest\u00e4v\u00e4, v\u00e4hent\u00e4\u00e4 allergiariski\u00e4 ja suojaa vauvan herkk\u00e4\u00e4 ihoa.<\/h6>\n<\/li>\n<\/ul>\n<h6 data-start=\"1020\" data-end=\"1069\"><strong><em>Yleisk\u00e4ytt\u00f6inen ja k\u00e4ytt\u00e4j\u00e4yst\u00e4v\u00e4llinen muotoilu<\/em><\/strong><\/h6>\n<h6 data-start=\"1071\" data-end=\"1283\">Mukavuuden lis\u00e4ksi Luxury-istuintyyny on suunniteltu my\u00f6s k\u00e4yt\u00e4nn\u00f6llisyytt\u00e4 silm\u00e4ll\u00e4 pit\u00e4en. Yleismallinsa ansiosta se voidaan kiinnitt\u00e4\u00e4 nopeasti ja helposti l\u00e4hes kaikkiin rattaisiin tai lastenvaunuihin.<\/h6>\n<h6 data-start=\"1285\" data-end=\"1510\">Kun on aika siivota, \u00e4l\u00e4 huoli! Irrota pehmuste ja pese se pesukoneessa 30 \u00b0C:ssa - helppo ja vaivaton huolto. Aseta se sitten vain kuivumaan liinaan pitk\u00e4n k\u00e4ytt\u00f6i\u00e4n varmistamiseksi.<\/h6>\n<p>&nbsp;<\/p>\n<h6 data-start=\"1512\" data-end=\"1548\"><strong><em>Tyyli\u00e4 ja monipuolisuutta yhdess\u00e4<\/em><\/strong><\/h6>\n<h6 data-start=\"1550\" data-end=\"1824\">Mutta siin\u00e4 ei ole viel\u00e4 kaikki! Luxury-istuintyynyn tekee todella erityiseksi sen monipuolinen muotoilu. Kahden eri puolen ansiosta voit nopeasti muuttaa rattaidesi ulkoasua - voit valita kahden tyylikk\u00e4\u00e4n mallin v\u00e4lill\u00e4 ja mukautua vuodenajan tai mielialasi mukaan.<\/h6>\n<h6 data-start=\"1550\" data-end=\"1824\">Lis\u00e4ksi ylellinen musta tai harmaa v\u00e4ri lis\u00e4\u00e4 rattaiden tyylikkyytt\u00e4 ja hienostuneisuutta ja t\u00e4ydent\u00e4\u00e4 t\u00e4ydellisesti kaikkia Leclercbaby -kevytrattaita.<\/h6>\n<p>&nbsp;<\/p>\n<h6 data-start=\"1997\" data-end=\"2041\"><strong><em>Paras investointi lapsen hyvinvointiin<\/em><\/strong><\/h6>\n<h6 data-start=\"2043\" data-end=\"2303\">Kaksipuolinen istuintyyny Luxury on ihanteellinen valinta vanhemmille, jotka haluavat yhdist\u00e4\u00e4 mukavuuden, tyylin ja k\u00e4yt\u00e4nn\u00f6llisyyden. Lapset ansaitsevat vain parasta, ja t\u00e4m\u00e4 istuintyyny antaa heille juuri sen - ylellisen pehmeyden ja suojan kaikkina vuodenaikoina.<\/h6>\n<p>&nbsp;<\/p>\n<h6><strong><em>Mitat:<\/em><\/strong><\/h6>\n<ul>\n<li data-start=\"2305\" data-end=\"2386\">\n<h6>Korkeus: 30 cm<\/h6>\n<\/li>\n<li data-start=\"2305\" data-end=\"2386\">\n<h6>Leveys: 34 cm<\/h6>\n<\/li>\n<li data-start=\"2305\" data-end=\"2386\">\n<h6>Pituus: 78 cm<\/h6>\n<\/li>\n<\/ul>\n<p>&nbsp;<\/p>\n<h6><em>Lue lis\u00e4\u00e4 kevytrakenteisen vaunun valinnasta Hummy <a href=\"https:\/\/hummy.ee\/fi\/miten-valita-kevyt-vaunu\/\" target=\"_blank\" rel=\"noopener\">-blogista<\/a>.<\/em><\/h6>\n<h6><em><a href=\"https:\/\/www.youtube.com\/watch?v=se6NR01dX_o\" target=\"_blank\" rel=\"noopener\">Lue lis\u00e4\u00e4 siit\u00e4,<\/a> miten istuintyyny asennetaan vaunuun.<\/em><\/h6>\n","protected":false},"excerpt":{"rendered":"<h6>Leclercbaby Ylellinen k\u00e4\u00e4nnett\u00e4v\u00e4 istuintyyny on loistava lis\u00e4 ymp\u00e4rivuotiseen rattaiden k\u00e4ytt\u00f6\u00f6n. T\u00e4m\u00e4 eritt\u00e4in huolellisesti ja yksityiskohtiin kiinnitetyll\u00e4 huolellisuudella valmistettu istuintyyny on suunniteltu tarjoamaan lapsellesi \u00e4\u00e4rimm\u00e4ist\u00e4 mukavuutta ja tyyli\u00e4.<\/h6>\n","protected":false},"featured_media":31536,"comment_status":"closed","ping_status":"closed","template":"","meta":{"_acf_changed":false,"om_disable_all_campaigns":false,"_monsterinsights_skip_tracking":false,"_monsterinsights_sitenote_active":false,"_monsterinsights_sitenote_note":"","_monsterinsights_sitenote_category":0,"_uf_show_specific_survey":0,"_uf_disable_surveys":false,"site-sidebar-layout":"default","site-content-layout":"","ast-site-content-layout":"default","site-content-style":"default","site-sidebar-style":"default","ast-global-header-display":"","ast-banner-title-visibility":"","ast-main-header-display":"","ast-hfb-above-header-display":"","ast-hfb-below-header-display":"","ast-hfb-mobile-header-display":"","site-post-title":"","ast-breadcrumbs-content":"","ast-featured-img":"","footer-sml-layout":"","theme-transparent-header-meta":"default","adv-header-id-meta":"","stick-header-meta":"","header-above-stick-meta":"","header-main-stick-meta":"","header-below-stick-meta":"","astra-migrate-meta-layouts":"set","ast-page-background-enabled":"default","ast-page-background-meta":{"desktop":{"background-color":"var(--ast-global-color-4)","background-image":"","background-repeat":"repeat","background-position":"center center","background-size":"auto","background-attachment":"scroll","background-type":"","background-media":"","overlay-type":"","overlay-color":"","overlay-opacity":"","overlay-gradient":""},"tablet":{"background-color":"","background-image":"","background-repeat":"repeat","background-position":"center center","background-size":"auto","background-attachment":"scroll","background-type":"","background-media":"","overlay-type":"","overlay-color":"","overlay-opacity":"","overlay-gradient":""},"mobile":{"background-color":"","background-image":"","background-repeat":"repeat","background-position":"center center","background-size":"auto","background-attachment":"scroll","background-type":"","background-media":"","overlay-type":"","overlay-color":"","overlay-opacity":"","overlay-gradient":""}},"ast-content-background-meta":{"desktop":{"background-color":"var(--ast-global-color-5)","background-image":"","background-repeat":"repeat","background-position":"center center","background-size":"auto","background-attachment":"scroll","background-type":"","background-media":"","overlay-type":"","overlay-color":"","overlay-opacity":"","overlay-gradient":""},"tablet":{"background-color":"var(--ast-global-color-5)","background-image":"","background-repeat":"repeat","background-position":"center center","background-size":"auto","background-attachment":"scroll","background-type":"","background-media":"","overlay-type":"","overlay-color":"","overlay-opacity":"","overlay-gradient":""},"mobile":{"background-color":"var(--ast-global-color-5)","background-image":"","background-repeat":"repeat","background-position":"center center","background-size":"auto","background-attachment":"scroll","background-type":"","background-media":"","overlay-type":"","overlay-color":"","overlay-opacity":"","overlay-gradient":""}}},"product_brand":[272],"product_cat":[388,324,323],"product_tag":[],"class_list":{"0":"post-51260","1":"product","2":"type-product","3":"status-publish","4":"has-post-thumbnail","6":"product_brand-leclercbaby","7":"product_cat-istuintyynyt","8":"product_cat-leclercbaby","9":"product_cat-trimmaustarvikkeet","10":"desktop-align-left","11":"tablet-align-left","12":"mobile-align-left","14":"first","15":"instock","16":"sale","17":"taxable","18":"shipping-taxable","19":"purchasable","20":"product-type-variable"},"acf":[],"aioseo_notices":[],"_links":{"self":[{"href":"https:\/\/hummy.ee\/fi\/wp-json\/wp\/v2\/product\/51260","targetHints":{"allow":["GET"]}}],"collection":[{"href":"https:\/\/hummy.ee\/fi\/wp-json\/wp\/v2\/product"}],"about":[{"href":"https:\/\/hummy.ee\/fi\/wp-json\/wp\/v2\/types\/product"}],"replies":[{"embeddable":true,"href":"https:\/\/hummy.ee\/fi\/wp-json\/wp\/v2\/comments?post=51260"}],"version-history":[{"count":8,"href":"https:\/\/hummy.ee\/fi\/wp-json\/wp\/v2\/product\/51260\/revisions"}],"predecessor-version":[{"id":86179,"href":"https:\/\/hummy.ee\/fi\/wp-json\/wp\/v2\/product\/51260\/revisions\/86179"}],"wp:featuredmedia":[{"embeddable":true,"href":"https:\/\/hummy.ee\/fi\/wp-json\/wp\/v2\/media\/31536"}],"wp:attachment":[{"href":"https:\/\/hummy.ee\/fi\/wp-json\/wp\/v2\/media?parent=51260"}],"wp:term":[{"taxonomy":"product_brand","embeddable":true,"href":"https:\/\/hummy.ee\/fi\/wp-json\/wp\/v2\/product_brand?post=51260"},{"taxonomy":"product_cat","embeddable":true,"href":"https:\/\/hummy.ee\/fi\/wp-json\/wp\/v2\/product_cat?post=51260"},{"taxonomy":"product_tag","embeddable":true,"href":"https:\/\/hummy.ee\/fi\/wp-json\/wp\/v2\/product_tag?post=51260"}],"curies":[{"name":"wp","href":"https:\/\/api.w.org\/{rel}","templated":true}]}}