{"id":51237,"date":"2024-04-07T18:55:02","date_gmt":"2024-04-07T18:55:02","guid":{"rendered":"https:\/\/hummy.ee\/product\/leclercbaby-twin-duo-liitantakiristimet\/"},"modified":"2026-04-13T15:42:54","modified_gmt":"2026-04-13T15:42:54","slug":"leclercbaby-twin-duo-liittimet","status":"publish","type":"product","link":"https:\/\/hummy.ee\/fi\/tuote\/leclercbaby-twin-duo-liittimet\/","title":{"rendered":"Leclercbaby Twin\/Duo liittimet"},"content":{"rendered":"<h6><em><strong>Monia k\u00e4ytt\u00f6tapoja:<\/strong><\/em><\/h6>\n<ul>\n<li>\n<h6>Kiinnit\u00e4 kaksi Leclercbaby -vaunukopallista ratasta toisiinsa, ja tuloksena on t\u00e4ydellinen ratkaisu vastasyntyneille kaksosille.<\/h6>\n<\/li>\n<li>\n<h6>Kiinnit\u00e4 kaksi Leclercbaby -matkarattaat \u2013 joista toinen on vaunukopalla \u2013 toisiinsa, ja tuloksena on yhdistelm\u00e4k\u00e4rry vauvalle ja taaperolle.<\/h6>\n<\/li>\n<li>\n<h6>Kiinnit\u00e4 kaksi Leclercbaby -matkarattaat toisiinsa, ja tuloksena on tuplarattaat kaksosille tai sisaruksille.<\/h6>\n<\/li>\n<\/ul>\n<h6>Liittimien irrottaminen on helppoa \u2013 tarvittaessa k\u00e4\u00e4nn\u00e4 vain vipua ja irrota rattaat toisistaan, kun haluat k\u00e4ytt\u00e4\u00e4 niit\u00e4 erikseen. Rattaat voidaan taittaa kokoon s\u00e4ilytyst\u00e4 tai kuljetusta varten niin, ett\u00e4 adapterit j\u00e4\u00e4v\u00e4t kiinni.<\/h6>\n<p>&nbsp;<\/p>\n<h6><\/h6>\n<h6><strong><em>Mit\u00e4 sis\u00e4ltyy?<\/em><\/strong><\/h6>\n<ul>\n<li>\n<h6>Leclercbaby Twin \/ Duo liittimet \u2013 3 kpl<\/h6>\n<\/li>\n<\/ul>\n<h6><em><strong data-start=\"203\" data-end=\"291\" data-is-last-node=\"\">Tutustu Leclercbaby tuotevalikoimaan <a href=\"https:\/\/hummy.ee\/fi\/leclerbabyn-esittely\/\" target=\"_blank\" rel=\"noopener\">t\u00e4\u00e4ll\u00e4<\/a>.<\/strong><\/em><\/h6>\n<h6><em><a href=\"https:\/\/www.youtube.com\/watch?v=H2EIgB1M_xg\" target=\"_blank\" rel=\"noopener\">Katso tarkemmin<\/a>, miten Twin\/Duo-liittimet asennetaan Leclercbaby -rattaiden runkoon.<\/em><\/h6>\n","protected":false},"excerpt":{"rendered":"<h6>Leclercbaby Twin\/Duo liittimet ovat korvaamaton lis\u00e4varuste, kun haluat yhdist\u00e4\u00e4 kaksi rattaita toisiinsa. Kolmen liittimen sarjalla kiinnit\u00e4t nopeasti ja k\u00e4tev\u00e4sti kaksi Leclercbaby -matkarattaat yhteen.<\/h6>\n","protected":false},"featured_media":21644,"comment_status":"closed","ping_status":"closed","template":"","meta":{"_acf_changed":false,"om_disable_all_campaigns":false,"_monsterinsights_skip_tracking":false,"_monsterinsights_sitenote_active":false,"_monsterinsights_sitenote_note":"","_monsterinsights_sitenote_category":0,"_uf_show_specific_survey":0,"_uf_disable_surveys":false,"site-sidebar-layout":"default","site-content-layout":"","ast-site-content-layout":"default","site-content-style":"default","site-sidebar-style":"default","ast-global-header-display":"","ast-banner-title-visibility":"","ast-main-header-display":"","ast-hfb-above-header-display":"","ast-hfb-below-header-display":"","ast-hfb-mobile-header-display":"","site-post-title":"","ast-breadcrumbs-content":"","ast-featured-img":"","footer-sml-layout":"","theme-transparent-header-meta":"default","adv-header-id-meta":"","stick-header-meta":"","header-above-stick-meta":"","header-main-stick-meta":"","header-below-stick-meta":"","astra-migrate-meta-layouts":"set","ast-page-background-enabled":"default","ast-page-background-meta":{"desktop":{"background-color":"var(--ast-global-color-4)","background-image":"","background-repeat":"repeat","background-position":"center center","background-size":"auto","background-attachment":"scroll","background-type":"","background-media":"","overlay-type":"","overlay-color":"","overlay-opacity":"","overlay-gradient":""},"tablet":{"background-color":"","background-image":"","background-repeat":"repeat","background-position":"center center","background-size":"auto","background-attachment":"scroll","background-type":"","background-media":"","overlay-type":"","overlay-color":"","overlay-opacity":"","overlay-gradient":""},"mobile":{"background-color":"","background-image":"","background-repeat":"repeat","background-position":"center center","background-size":"auto","background-attachment":"scroll","background-type":"","background-media":"","overlay-type":"","overlay-color":"","overlay-opacity":"","overlay-gradient":""}},"ast-content-background-meta":{"desktop":{"background-color":"var(--ast-global-color-5)","background-image":"","background-repeat":"repeat","background-position":"center center","background-size":"auto","background-attachment":"scroll","background-type":"","background-media":"","overlay-type":"","overlay-color":"","overlay-opacity":"","overlay-gradient":""},"tablet":{"background-color":"var(--ast-global-color-5)","background-image":"","background-repeat":"repeat","background-position":"center center","background-size":"auto","background-attachment":"scroll","background-type":"","background-media":"","overlay-type":"","overlay-color":"","overlay-opacity":"","overlay-gradient":""},"mobile":{"background-color":"var(--ast-global-color-5)","background-image":"","background-repeat":"repeat","background-position":"center center","background-size":"auto","background-attachment":"scroll","background-type":"","background-media":"","overlay-type":"","overlay-color":"","overlay-opacity":"","overlay-gradient":""}}},"product_brand":[],"product_cat":[324,374,323],"product_tag":[329,327],"class_list":{"0":"post-51237","1":"product","2":"type-product","3":"status-publish","4":"has-post-thumbnail","6":"product_cat-leclercbaby","7":"product_cat-sovittimet","8":"product_cat-trimmaustarvikkeet","9":"product_tag-erilliset-tuotteet","10":"product_tag-raataloity-verkkosivusto","11":"desktop-align-left","12":"tablet-align-left","13":"mobile-align-left","15":"first","16":"outofstock","17":"sale","18":"taxable","19":"shipping-taxable","20":"purchasable","21":"product-type-simple"},"acf":[],"aioseo_notices":[],"_links":{"self":[{"href":"https:\/\/hummy.ee\/fi\/wp-json\/wp\/v2\/product\/51237","targetHints":{"allow":["GET"]}}],"collection":[{"href":"https:\/\/hummy.ee\/fi\/wp-json\/wp\/v2\/product"}],"about":[{"href":"https:\/\/hummy.ee\/fi\/wp-json\/wp\/v2\/types\/product"}],"replies":[{"embeddable":true,"href":"https:\/\/hummy.ee\/fi\/wp-json\/wp\/v2\/comments?post=51237"}],"version-history":[{"count":8,"href":"https:\/\/hummy.ee\/fi\/wp-json\/wp\/v2\/product\/51237\/revisions"}],"predecessor-version":[{"id":86626,"href":"https:\/\/hummy.ee\/fi\/wp-json\/wp\/v2\/product\/51237\/revisions\/86626"}],"wp:featuredmedia":[{"embeddable":true,"href":"https:\/\/hummy.ee\/fi\/wp-json\/wp\/v2\/media\/21644"}],"wp:attachment":[{"href":"https:\/\/hummy.ee\/fi\/wp-json\/wp\/v2\/media?parent=51237"}],"wp:term":[{"taxonomy":"product_brand","embeddable":true,"href":"https:\/\/hummy.ee\/fi\/wp-json\/wp\/v2\/product_brand?post=51237"},{"taxonomy":"product_cat","embeddable":true,"href":"https:\/\/hummy.ee\/fi\/wp-json\/wp\/v2\/product_cat?post=51237"},{"taxonomy":"product_tag","embeddable":true,"href":"https:\/\/hummy.ee\/fi\/wp-json\/wp\/v2\/product_tag?post=51237"}],"curies":[{"name":"wp","href":"https:\/\/api.w.org\/{rel}","templated":true}]}}