{"id":51236,"date":"2024-04-07T18:54:19","date_gmt":"2024-04-07T18:54:19","guid":{"rendered":"https:\/\/hummy.ee\/product\/leclercbaby-turvatelineen-sovitin\/"},"modified":"2026-03-18T20:24:46","modified_gmt":"2026-03-18T20:24:46","slug":"leclercbaby-turvatelineen-sovitin","status":"publish","type":"product","link":"https:\/\/hummy.ee\/fi\/tuote\/leclercbaby-turvatelineen-sovitin\/","title":{"rendered":"Leclercbaby turvatelineen sovitin"},"content":{"rendered":"<h6 data-start=\"0\" data-end=\"330\">Leclercbaby kehtosovitin on k\u00e4yt\u00e4nn\u00f6llinen ja k\u00e4tev\u00e4 ratkaisu vanhemmille, jotka haluavat tehd\u00e4 rattaistaan entist\u00e4kin toimivammat ja monipuolisemmat. Leclercbaby Kehtosovitin on suunniteltu niin, ett\u00e4 kehtoa voi kiinnitt\u00e4\u00e4 nopeasti ja turvallisesti rattaisiin, mik\u00e4 tekee liikkumisesta vauvan kanssa sujuvampaa ja mukavampaa.<\/h6>\n<p>&nbsp;<\/p>\n<h6 data-start=\"332\" data-end=\"848\">Leclercbaby telineen sovittimet kiinnitet\u00e4\u00e4n yksinkertaisesti rattaiden etuosassa oleviin kiinnityspisteisiin, mik\u00e4 takaa vakaan ja turvallisen liitoksen. Ne on nopea ja vaivaton asentaa, joten voit helposti kiinnitt\u00e4\u00e4 lapsesi kantokopan ilman monimutkaisia lis\u00e4vaiheita. Sovittimet voidaan my\u00f6s irrottaa yht\u00e4 helposti, jolloin rattaat ja turvaistuin voidaan vaihtaa nopeasti. T\u00e4m\u00e4 tekee niist\u00e4 v\u00e4ltt\u00e4m\u00e4tt\u00f6mi\u00e4 apuv\u00e4lineit\u00e4 jokap\u00e4iv\u00e4isiss\u00e4 toiminnoissa, olipa kyse sitten ostoksilla k\u00e4ymisest\u00e4, l\u00e4\u00e4k\u00e4riss\u00e4 k\u00e4ynnist\u00e4 tai vain k\u00e4velyst\u00e4 raittiissa ilmassa.<\/h6>\n<p>&nbsp;<\/p>\n<h6 data-start=\"850\" data-end=\"1267\">Yksi suurimmista eduista on niiden yleisp\u00e4tevyys - Leclercbaby kantokopan sovittimet sopivat moniin tunnettuihin tuotemerkkeihin, joten yhteensopivuudesta ei tarvitse huolehtia. T\u00e4m\u00e4 antaa sinulle mahdollisuuden k\u00e4ytt\u00e4\u00e4 jo olemassa olevia vauvanvarusteita ilman lis\u00e4investointeja.<\/h6>\n<p>&nbsp;<\/p>\n<h6 data-start=\"1269\" data-end=\"1658\">N\u00e4m\u00e4 sovittimet on suunniteltu vanhemmille, jotka arvostavat k\u00e4yt\u00e4nn\u00f6llisyytt\u00e4, nopeutta ja mukavuutta. Ne on valmistettu kest\u00e4vist\u00e4, korkealaatuisista materiaaleista pitk\u00e4n k\u00e4ytt\u00f6i\u00e4n ja luotettavuuden varmistamiseksi. Jos etsit ratkaisua, joka helpottaa liikkumista vauvasi kanssa ja tekee jokap\u00e4iv\u00e4isest\u00e4 el\u00e4m\u00e4st\u00e4 mukavampaa, Leclercbaby turvaistuimen sovittimet ovat juuri sit\u00e4, mit\u00e4 tarvitset.<\/h6>\n<p>&nbsp;<\/p>\n<h6><em><a href=\"https:\/\/hummy.ee\/wp-content\/uploads\/2024\/04\/Leclercbaby-turvahalli-adapterid.pdf\">Leclercbaby telinesovittimet (yhteensopivuus telineiden kanssa)<\/a><\/em><\/h6>\n<h6><em><a href=\"https:\/\/www.youtube.com\/watch?v=D_uU12IP3yk\" target=\"_blank\" rel=\"noopener\">Lis\u00e4tietoja<\/a> siit\u00e4, miten telineen sovittimet kiinnitet\u00e4\u00e4n vaunun runkoon, on osoitteessa Leclercbaby.<\/em><\/h6>\n<h6><\/h6>\n<h6><\/h6>\n","protected":false},"excerpt":{"rendered":"<h6 data-start=\"0\" data-end=\"330\">Leclercbaby kehtoadapteri on suunniteltu niin, ett\u00e4 kehto voidaan kiinnitt\u00e4\u00e4 nopeasti ja turvallisesti rattaisiin, jolloin vauvan liikkuminen on sujuvampaa ja mukavampaa. Leclercbaby yleisadapterit kiinnittyv\u00e4t nopeasti ja mukavasti Leclercbaby -rattaisiin. Loistava valinta nopeisiin k\u00e4velylenkkeihin pikkuisen kanssa. Helppo kiinnitt\u00e4\u00e4 ja irrottaa rattaiden etuosasta.<\/h6>\n","protected":false},"featured_media":21632,"comment_status":"closed","ping_status":"closed","template":"","meta":{"_acf_changed":false,"om_disable_all_campaigns":false,"_monsterinsights_skip_tracking":false,"_monsterinsights_sitenote_active":false,"_monsterinsights_sitenote_note":"","_monsterinsights_sitenote_category":0,"_uf_show_specific_survey":0,"_uf_disable_surveys":false,"site-sidebar-layout":"default","site-content-layout":"","ast-site-content-layout":"default","site-content-style":"default","site-sidebar-style":"default","ast-global-header-display":"","ast-banner-title-visibility":"","ast-main-header-display":"","ast-hfb-above-header-display":"","ast-hfb-below-header-display":"","ast-hfb-mobile-header-display":"","site-post-title":"","ast-breadcrumbs-content":"","ast-featured-img":"","footer-sml-layout":"","theme-transparent-header-meta":"default","adv-header-id-meta":"","stick-header-meta":"","header-above-stick-meta":"","header-main-stick-meta":"","header-below-stick-meta":"","astra-migrate-meta-layouts":"set","ast-page-background-enabled":"default","ast-page-background-meta":{"desktop":{"background-color":"var(--ast-global-color-4)","background-image":"","background-repeat":"repeat","background-position":"center center","background-size":"auto","background-attachment":"scroll","background-type":"","background-media":"","overlay-type":"","overlay-color":"","overlay-opacity":"","overlay-gradient":""},"tablet":{"background-color":"","background-image":"","background-repeat":"repeat","background-position":"center center","background-size":"auto","background-attachment":"scroll","background-type":"","background-media":"","overlay-type":"","overlay-color":"","overlay-opacity":"","overlay-gradient":""},"mobile":{"background-color":"","background-image":"","background-repeat":"repeat","background-position":"center center","background-size":"auto","background-attachment":"scroll","background-type":"","background-media":"","overlay-type":"","overlay-color":"","overlay-opacity":"","overlay-gradient":""}},"ast-content-background-meta":{"desktop":{"background-color":"var(--ast-global-color-5)","background-image":"","background-repeat":"repeat","background-position":"center center","background-size":"auto","background-attachment":"scroll","background-type":"","background-media":"","overlay-type":"","overlay-color":"","overlay-opacity":"","overlay-gradient":""},"tablet":{"background-color":"var(--ast-global-color-5)","background-image":"","background-repeat":"repeat","background-position":"center center","background-size":"auto","background-attachment":"scroll","background-type":"","background-media":"","overlay-type":"","overlay-color":"","overlay-opacity":"","overlay-gradient":""},"mobile":{"background-color":"var(--ast-global-color-5)","background-image":"","background-repeat":"repeat","background-position":"center center","background-size":"auto","background-attachment":"scroll","background-type":"","background-media":"","overlay-type":"","overlay-color":"","overlay-opacity":"","overlay-gradient":""}}},"product_brand":[272],"product_cat":[324,374,323],"product_tag":[329,327],"class_list":{"0":"post-51236","1":"product","2":"type-product","3":"status-publish","4":"has-post-thumbnail","6":"product_brand-leclercbaby","7":"product_cat-leclercbaby","8":"product_cat-sovittimet","9":"product_cat-trimmaustarvikkeet","10":"product_tag-erilliset-tuotteet","11":"product_tag-raataloity-verkkosivusto","12":"desktop-align-left","13":"tablet-align-left","14":"mobile-align-left","16":"first","17":"instock","18":"sale","19":"taxable","20":"shipping-taxable","21":"purchasable","22":"product-type-simple"},"acf":[],"aioseo_notices":[],"_links":{"self":[{"href":"https:\/\/hummy.ee\/fi\/wp-json\/wp\/v2\/product\/51236","targetHints":{"allow":["GET"]}}],"collection":[{"href":"https:\/\/hummy.ee\/fi\/wp-json\/wp\/v2\/product"}],"about":[{"href":"https:\/\/hummy.ee\/fi\/wp-json\/wp\/v2\/types\/product"}],"replies":[{"embeddable":true,"href":"https:\/\/hummy.ee\/fi\/wp-json\/wp\/v2\/comments?post=51236"}],"version-history":[{"count":6,"href":"https:\/\/hummy.ee\/fi\/wp-json\/wp\/v2\/product\/51236\/revisions"}],"predecessor-version":[{"id":86191,"href":"https:\/\/hummy.ee\/fi\/wp-json\/wp\/v2\/product\/51236\/revisions\/86191"}],"wp:featuredmedia":[{"embeddable":true,"href":"https:\/\/hummy.ee\/fi\/wp-json\/wp\/v2\/media\/21632"}],"wp:attachment":[{"href":"https:\/\/hummy.ee\/fi\/wp-json\/wp\/v2\/media?parent=51236"}],"wp:term":[{"taxonomy":"product_brand","embeddable":true,"href":"https:\/\/hummy.ee\/fi\/wp-json\/wp\/v2\/product_brand?post=51236"},{"taxonomy":"product_cat","embeddable":true,"href":"https:\/\/hummy.ee\/fi\/wp-json\/wp\/v2\/product_cat?post=51236"},{"taxonomy":"product_tag","embeddable":true,"href":"https:\/\/hummy.ee\/fi\/wp-json\/wp\/v2\/product_tag?post=51236"}],"curies":[{"name":"wp","href":"https:\/\/api.w.org\/{rel}","templated":true}]}}