{"id":50814,"date":"2024-10-26T17:50:12","date_gmt":"2024-10-26T17:50:12","guid":{"rendered":"https:\/\/hummy.ee\/apua-ostoksiin\/tavaroiden-toimitus\/"},"modified":"2025-04-02T11:52:35","modified_gmt":"2025-04-02T11:52:35","slug":"tavaroiden-toimitus","status":"publish","type":"page","link":"https:\/\/hummy.ee\/fi\/apua-ostoksiin\/tavaroiden-toimitus\/","title":{"rendered":"Tavaroiden toimitus"},"content":{"rendered":"<style>.elementor-50814 .elementor-element.elementor-element-5492335{--display:flex;--flex-direction:column;--container-widget-width:100%;--container-widget-height:initial;--container-widget-flex-grow:0;--container-widget-align-self:initial;--flex-wrap-mobile:wrap;}.elementor-widget-text-editor{font-family:var( --e-global-typography-text-font-family ), Sans-serif;font-size:var( --e-global-typography-text-font-size );font-weight:var( --e-global-typography-text-font-weight );color:var( --e-global-color-text );}.elementor-widget-text-editor.elementor-drop-cap-view-stacked .elementor-drop-cap{background-color:var( --e-global-color-primary );}.elementor-widget-text-editor.elementor-drop-cap-view-framed .elementor-drop-cap, .elementor-widget-text-editor.elementor-drop-cap-view-default .elementor-drop-cap{color:var( --e-global-color-primary );border-color:var( --e-global-color-primary );}.elementor-50814 .elementor-element.elementor-element-959da60{color:var( --e-global-color-primary );}.elementor-50814 .elementor-element.elementor-element-959da60 > .elementor-widget-container{padding:2rem 2rem 2rem 2rem;}@media(max-width:1024px){.elementor-widget-text-editor{font-size:var( --e-global-typography-text-font-size );}}@media(max-width:767px){.elementor-widget-text-editor{font-size:var( --e-global-typography-text-font-size );}}<\/style>\t\t<div data-elementor-type=\"wp-page\" data-elementor-id=\"50814\" class=\"elementor elementor-50814 elementor-14147\" data-elementor-post-type=\"page\">\n\t\t\t\t<div class=\"elementor-element elementor-element-5492335 e-flex e-con-boxed e-con e-parent\" data-id=\"5492335\" data-element_type=\"container\" data-e-type=\"container\">\n\t\t\t\t\t<div class=\"e-con-inner\">\n\t\t\t\t<div class=\"elementor-element elementor-element-959da60 elementor-widget elementor-widget-text-editor\" data-id=\"959da60\" data-element_type=\"widget\" data-e-type=\"widget\" data-widget_type=\"text-editor.default\">\n\t\t\t\t<div class=\"elementor-widget-container\">\n\t\t\t\t\t\t\t\t\t<ol><li>ChildSupply O\u00dc l\u00e4hett\u00e4\u00e4 tuotteet laskun maksamisen j\u00e4lkeen.<\/li><li>Myyntisopimus katsotaan tehdyksi, kun tilausvahvistuksen mukainen ennakkomaksu on saapunut ChildSupply O\u00dc:n k\u00e4ytt\u00f6tilille.<\/li><li>Kun myyntisopimus on tullut voimaan (ostaja on maksanut ennakkolaskun), ChildSupply O\u00dc niputtaa tilauksen ja luovuttaa sen yrityksen logistiikkakumppanille toimitettavaksi.<\/li><li>Tilaukset, jotka on tehty ja joiden ennakkomaksu on saapunut ChildSupplyn pankkitilille ennen kello 13.00 arkip\u00e4ivin\u00e4, toimitetaan ostajalle seuraavana arkip\u00e4iv\u00e4n\u00e4 tai tuotekortissa ilmoitetun toimitusajan mukaisesti.<\/li><\/ol><p>4.1 Saarilla toimitus voi kest\u00e4\u00e4 enint\u00e4\u00e4n 3 ty\u00f6p\u00e4iv\u00e4\u00e4. <\/p><p>4.2 Jos l\u00e4hetys jostain syyst\u00e4 viiv\u00e4styy, ChildSupplyn asiakastuki sopii ostajan kanssa sopivasta toimitusajasta. <\/p><ol start=\"5\"><li>Toimituksen sujuvuuden varmistamiseksi ostajan on tarkistettava huolellisesti toimitusta varten antamansa tiedot.<\/li><li>100 \u20ac:sta alkaen toimitus on maksuton Baltian maihin (Viro, Latvia, Liettua).<\/li><\/ol><p>6.1 Tuotteiden toimitus Suomeen on maksutonta 100 \u20ac:sta alkaen, lukuun ottamatta kansainv\u00e4lisi\u00e4 paketteja, joiden paino on enint\u00e4\u00e4n 20 kg. <\/p><ol start=\"7\"><li>ChildSupplyn logistiikkakumppani tilausten toimittamisessa on:<\/li><\/ol><p>7.1. Itella Estonia O\u00dc <\/p><ol start=\"8\"><li>Ostaja l\u00f6yt\u00e4\u00e4 tarkemmat toimitusvaihtoehdot ja hinnaston verkkosivustolta www.hummy.ee klikkaamalla &#8221;Ostoskori\"-kuvaketta.<\/li><li>Kuljetus &#8221;ovelta ovelle\" tarkoittaa, ett\u00e4 ostaja huolehtii tavaroiden noutamisesta ja toimittamisesta tiloihin.<\/li><\/ol><p>9.1 Kuriirit eiv\u00e4t ole velvollisia soittamaan etuk\u00e4teen. <\/p><ol start=\"10\"><li>Ostajalle korvataan kuljetuksen aikana vahingoittuneet tuotteet, mutta ei tuotteen pakkausta.<\/li><li>ChildSupply ei ole vastuussa Tuotteiden toimituksen viiv\u00e4stymisest\u00e4, jos Tuotteet on toimitettu logistiikkakumppaneille ajoissa, mutta toimituksen viiv\u00e4styminen johtuu olosuhteista, jotka eiv\u00e4t ole ChildSupplyn hallinnassa tai ennakoitavissa.<\/li><\/ol>\t\t\t\t\t\t\t\t<\/div>\n\t\t\t\t<\/div>\n\t\t\t\t\t<\/div>\n\t\t\t\t<\/div>\n\t\t\t\t<\/div>\n\t\t","protected":false},"excerpt":{"rendered":"<p>ChildSupply O\u00dc l\u00e4hett\u00e4\u00e4 tuotteet laskun maksamisen j\u00e4lkeen. Myyntisopimus katsotaan tehdyksi, kun tilausvahvistuksen mukainen ennakkomaksu on saapunut ChildSupply O\u00dc:n k\u00e4ytt\u00f6tilille. Kun [&hellip;]<\/p>\n","protected":false},"author":3,"featured_media":0,"parent":47394,"menu_order":0,"comment_status":"closed","ping_status":"closed","template":"","meta":{"_acf_changed":false,"om_disable_all_campaigns":false,"_monsterinsights_skip_tracking":false,"_monsterinsights_sitenote_active":false,"_monsterinsights_sitenote_note":"","_monsterinsights_sitenote_category":0,"_uf_show_specific_survey":0,"_uf_disable_surveys":false,"site-sidebar-layout":"no-sidebar","site-content-layout":"","ast-site-content-layout":"full-width-container","site-content-style":"default","site-sidebar-style":"default","ast-global-header-display":"","ast-banner-title-visibility":"","ast-main-header-display":"","ast-hfb-above-header-display":"","ast-hfb-below-header-display":"","ast-hfb-mobile-header-display":"","site-post-title":"disabled","ast-breadcrumbs-content":"","ast-featured-img":"disabled","footer-sml-layout":"","theme-transparent-header-meta":"","adv-header-id-meta":"","stick-header-meta":"","header-above-stick-meta":"","header-main-stick-meta":"","header-below-stick-meta":"","astra-migrate-meta-layouts":"default","ast-page-background-enabled":"default","ast-page-background-meta":{"desktop":{"background-color":"var(--ast-global-color-4)","background-image":"","background-repeat":"repeat","background-position":"center center","background-size":"auto","background-attachment":"scroll","background-type":"","background-media":"","overlay-type":"","overlay-color":"","overlay-opacity":"","overlay-gradient":""},"tablet":{"background-color":"","background-image":"","background-repeat":"repeat","background-position":"center center","background-size":"auto","background-attachment":"scroll","background-type":"","background-media":"","overlay-type":"","overlay-color":"","overlay-opacity":"","overlay-gradient":""},"mobile":{"background-color":"","background-image":"","background-repeat":"repeat","background-position":"center center","background-size":"auto","background-attachment":"scroll","background-type":"","background-media":"","overlay-type":"","overlay-color":"","overlay-opacity":"","overlay-gradient":""}},"ast-content-background-meta":{"desktop":{"background-color":"var(--ast-global-color-5)","background-image":"","background-repeat":"repeat","background-position":"center center","background-size":"auto","background-attachment":"scroll","background-type":"","background-media":"","overlay-type":"","overlay-color":"","overlay-opacity":"","overlay-gradient":""},"tablet":{"background-color":"var(--ast-global-color-5)","background-image":"","background-repeat":"repeat","background-position":"center center","background-size":"auto","background-attachment":"scroll","background-type":"","background-media":"","overlay-type":"","overlay-color":"","overlay-opacity":"","overlay-gradient":""},"mobile":{"background-color":"var(--ast-global-color-5)","background-image":"","background-repeat":"repeat","background-position":"center center","background-size":"auto","background-attachment":"scroll","background-type":"","background-media":"","overlay-type":"","overlay-color":"","overlay-opacity":"","overlay-gradient":""}},"footnotes":""},"class_list":["post-50814","page","type-page","status-publish","hentry"],"acf":[],"aioseo_notices":[],"_links":{"self":[{"href":"https:\/\/hummy.ee\/fi\/wp-json\/wp\/v2\/pages\/50814","targetHints":{"allow":["GET"]}}],"collection":[{"href":"https:\/\/hummy.ee\/fi\/wp-json\/wp\/v2\/pages"}],"about":[{"href":"https:\/\/hummy.ee\/fi\/wp-json\/wp\/v2\/types\/page"}],"author":[{"embeddable":true,"href":"https:\/\/hummy.ee\/fi\/wp-json\/wp\/v2\/users\/3"}],"replies":[{"embeddable":true,"href":"https:\/\/hummy.ee\/fi\/wp-json\/wp\/v2\/comments?post=50814"}],"version-history":[{"count":1,"href":"https:\/\/hummy.ee\/fi\/wp-json\/wp\/v2\/pages\/50814\/revisions"}],"predecessor-version":[{"id":50815,"href":"https:\/\/hummy.ee\/fi\/wp-json\/wp\/v2\/pages\/50814\/revisions\/50815"}],"up":[{"embeddable":true,"href":"https:\/\/hummy.ee\/fi\/wp-json\/wp\/v2\/pages\/47394"}],"wp:attachment":[{"href":"https:\/\/hummy.ee\/fi\/wp-json\/wp\/v2\/media?parent=50814"}],"curies":[{"name":"wp","href":"https:\/\/api.w.org\/{rel}","templated":true}]}}