{"id":50786,"date":"2024-10-26T17:56:18","date_gmt":"2024-10-26T17:56:18","guid":{"rendered":"https:\/\/hummy.ee\/apua-ostoksiin\/tavaroiden-palauttaminen\/"},"modified":"2025-11-01T13:06:14","modified_gmt":"2025-11-01T13:06:14","slug":"tavaroiden-palauttaminen","status":"publish","type":"page","link":"https:\/\/hummy.ee\/fi\/apua-ostoksiin\/tavaroiden-palauttaminen\/","title":{"rendered":"Tavaroiden palauttaminen"},"content":{"rendered":"<style>.elementor-50786 .elementor-element.elementor-element-98fb359{--display:flex;--flex-direction:column;--container-widget-width:100%;--container-widget-height:initial;--container-widget-flex-grow:0;--container-widget-align-self:initial;--flex-wrap-mobile:wrap;}.elementor-widget-text-editor{font-family:var( --e-global-typography-text-font-family ), Sans-serif;font-size:var( --e-global-typography-text-font-size );font-weight:var( --e-global-typography-text-font-weight );color:var( --e-global-color-text );}.elementor-widget-text-editor.elementor-drop-cap-view-stacked .elementor-drop-cap{background-color:var( --e-global-color-primary );}.elementor-widget-text-editor.elementor-drop-cap-view-framed .elementor-drop-cap, .elementor-widget-text-editor.elementor-drop-cap-view-default .elementor-drop-cap{color:var( --e-global-color-primary );border-color:var( --e-global-color-primary );}.elementor-50786 .elementor-element.elementor-element-ce5ab09{font-family:\"Jura\", Sans-serif;font-size:14px;font-weight:400;color:var( --e-global-color-primary );}.elementor-50786 .elementor-element.elementor-element-ce5ab09 > .elementor-widget-container{padding:2rem 2rem 2rem 2rem;}@media(max-width:1024px){.elementor-widget-text-editor{font-size:var( --e-global-typography-text-font-size );}}@media(max-width:767px){.elementor-widget-text-editor{font-size:var( --e-global-typography-text-font-size );}}<\/style>\t\t<div data-elementor-type=\"wp-page\" data-elementor-id=\"50786\" class=\"elementor elementor-50786 elementor-14160\" data-elementor-post-type=\"page\">\n\t\t\t\t<div class=\"elementor-element elementor-element-98fb359 e-flex e-con-boxed e-con e-parent\" data-id=\"98fb359\" data-element_type=\"container\" data-e-type=\"container\">\n\t\t\t\t\t<div class=\"e-con-inner\">\n\t\t\t\t<div class=\"elementor-element elementor-element-ce5ab09 elementor-widget elementor-widget-text-editor\" data-id=\"ce5ab09\" data-element_type=\"widget\" data-e-type=\"widget\" data-widget_type=\"text-editor.default\">\n\t\t\t\t<div class=\"elementor-widget-container\">\n\t\t\t\t\t\t\t\t\t<div class=\"contentTemplate full\"><div class=\"contentTemplateText\"><p><strong class=\"title\">Lupaus<\/strong><\/p><p>Olemme melko varmoja, ett\u00e4 olet eritt\u00e4in tyytyv\u00e4inen verkko-kauppasi. Jos n\u00e4in ei kuitenkaan jostain syyst\u00e4 ole, sinulla on 30 p\u00e4iv\u00e4\u00e4 aikaa palauttaa tuote. <\/p><\/div><\/div><div class=\"contentTemplate full\"><div class=\"contentTemplateText\"><p><strong class=\"title\">Mit\u00e4 se tarkoittaa?<\/strong><\/p><p>Jos et ole 100-prosenttisen tyytyv\u00e4inen Kauppastamme tekem\u00e4\u00e4si ostokseen, voit palauttaa tuotteen 30 p\u00e4iv\u00e4n kuluessa virallisesta ostop\u00e4iv\u00e4st\u00e4, ja sinulla on oikeus t\u00e4yteen hyvitykseen. L\u00e4het\u00e4 pyynt\u00f6si verkkosivuston yhteydenottolomakkeen kautta. Muista liitt\u00e4\u00e4 kirjeeseen puhelinnumerosi ja palautuksen syy.  <\/p><p><strong class=\"title\" style=\"font-size: 16px;\">Palautusmenettely<\/strong><\/p><\/div><\/div><div class=\"contentTemplate full\"><div class=\"contentTemplateText\"><p>Kun kirje on l\u00e4hetetty, saat palautuskuitin, jossa kuvataan palautusmenettely. Huomaa, ett\u00e4 palautuksen yhteydess\u00e4 tuotteen on oltava alkuper\u00e4ispakkauksessa, k\u00e4ytt\u00e4m\u00e4tt\u00f6m\u00e4n\u00e4 ja palautettava siin\u00e4 kunnossa, jossa sait sen. Tuote on tietenkin voitu poistaa pakkauksesta ja palauttaa tarkastusta varten. Jos tuote on vahingoittunut, et v\u00e4ltt\u00e4m\u00e4tt\u00e4 saa 100 % korvausta. Jos haluat palauttaa tuotteen takuun puitteissa, tutustu takuuehtoihimme.    <\/p><p><strong class=\"title\" style=\"font-size: 16px;\">Tarkista l\u00e4hetys<\/strong><\/p><\/div><\/div><div class=\"contentTemplate full\"><div class=\"contentTemplateText\"><p>Tarkista l\u00e4hetys heti toimituksen j\u00e4lkeen. Jos tuote on vahingoittunut, v\u00e4\u00e4rin toimitettu tai puuttuu, ota yhteytt\u00e4 asiakaspalveluun osoitteeseen info@childsupply.ee 48 tunnin kuluessa. <\/p><p><strong class=\"title\" style=\"font-size: 16px;\">Palautuskustannukset<\/strong><\/p><\/div><\/div><div class=\"contentTemplate full\"><div class=\"contentTemplateText\"><p>Asiakas vastaa palautuskustannuksista. Emme ole vastuussa erehdyksess\u00e4 l\u00e4hetetyist\u00e4 tuotteista tai tuotteista, jotka eiv\u00e4t saavuta meit\u00e4. Mahdollisten ongelmien v\u00e4ltt\u00e4miseksi suosittelemme k\u00e4ytt\u00e4m\u00e4\u00e4n kuriiripalveluja, jotka mahdollistavat l\u00e4hetyksen seurantanumeron.  <\/p><p><strong class=\"title\">Vaihto<\/strong><\/p><\/div><\/div><div class=\"contentTemplate full\"><div class=\"contentTemplateText\"><p>Jos haluat vaihtaa tuotteen, noudata edell\u00e4 kuvattua palautusmenettely\u00e4. T\u00e4m\u00e4n j\u00e4lkeen voit tehd\u00e4 uuden tilauksen verkossa. <\/p><p><strong class=\"title\">Miten ja milloin rahat palautetaan?<\/strong><\/p><\/div><\/div><div class=\"contentTemplate full\"><div class=\"contentTemplateText\"><p>Palautus riippuu valitsemastasi maksutavasta, ja se maksetaan 14 p\u00e4iv\u00e4n kuluessa palautuksen rekister\u00f6intip\u00e4iv\u00e4st\u00e4. Pid\u00e4t\u00e4mme oikeuden pident\u00e4\u00e4 14 p\u00e4iv\u00e4n m\u00e4\u00e4r\u00e4aikaa, jos tuote ei ole saapunut meille edell\u00e4 kuvatun menettelyn mukaisesti. Tiimimme ilmoittaa sinulle mahdollisista viiv\u00e4styksist\u00e4.  <\/p><p><strong class=\"title\" style=\"font-size: 16px;\">Palvelu<\/strong><\/p><\/div><\/div><div class=\"contentTemplate full\"><div class=\"contentTemplateText\"><p>Tiimimme on valmis neuvomaan sinua tuotteesta ja antamaan sinulle lis\u00e4tietoja. Vastaamme aina 24 tunnin kuluessa. <\/p><\/div><\/div>\t\t\t\t\t\t\t\t<\/div>\n\t\t\t\t<\/div>\n\t\t\t\t\t<\/div>\n\t\t\t\t<\/div>\n\t\t\t\t<\/div>\n\t\t","protected":false},"excerpt":{"rendered":"<p>Lupaus Olemme melko varmoja, ett\u00e4 olet eritt\u00e4in tyytyv\u00e4inen verkko-kauppasi. Jos n\u00e4in ei kuitenkaan jostain syyst\u00e4 ole, sinulla on 30 p\u00e4iv\u00e4\u00e4 [&hellip;]<\/p>\n","protected":false},"author":3,"featured_media":0,"parent":47394,"menu_order":0,"comment_status":"closed","ping_status":"closed","template":"","meta":{"_acf_changed":false,"om_disable_all_campaigns":false,"_monsterinsights_skip_tracking":false,"_monsterinsights_sitenote_active":false,"_monsterinsights_sitenote_note":"","_monsterinsights_sitenote_category":0,"_uf_show_specific_survey":0,"_uf_disable_surveys":false,"site-sidebar-layout":"no-sidebar","site-content-layout":"","ast-site-content-layout":"full-width-container","site-content-style":"default","site-sidebar-style":"default","ast-global-header-display":"","ast-banner-title-visibility":"","ast-main-header-display":"","ast-hfb-above-header-display":"","ast-hfb-below-header-display":"","ast-hfb-mobile-header-display":"","site-post-title":"disabled","ast-breadcrumbs-content":"","ast-featured-img":"disabled","footer-sml-layout":"","theme-transparent-header-meta":"","adv-header-id-meta":"","stick-header-meta":"","header-above-stick-meta":"","header-main-stick-meta":"","header-below-stick-meta":"","astra-migrate-meta-layouts":"default","ast-page-background-enabled":"default","ast-page-background-meta":{"desktop":{"background-color":"var(--ast-global-color-4)","background-image":"","background-repeat":"repeat","background-position":"center center","background-size":"auto","background-attachment":"scroll","background-type":"","background-media":"","overlay-type":"","overlay-color":"","overlay-opacity":"","overlay-gradient":""},"tablet":{"background-color":"","background-image":"","background-repeat":"repeat","background-position":"center center","background-size":"auto","background-attachment":"scroll","background-type":"","background-media":"","overlay-type":"","overlay-color":"","overlay-opacity":"","overlay-gradient":""},"mobile":{"background-color":"","background-image":"","background-repeat":"repeat","background-position":"center center","background-size":"auto","background-attachment":"scroll","background-type":"","background-media":"","overlay-type":"","overlay-color":"","overlay-opacity":"","overlay-gradient":""}},"ast-content-background-meta":{"desktop":{"background-color":"var(--ast-global-color-5)","background-image":"","background-repeat":"repeat","background-position":"center center","background-size":"auto","background-attachment":"scroll","background-type":"","background-media":"","overlay-type":"","overlay-color":"","overlay-opacity":"","overlay-gradient":""},"tablet":{"background-color":"var(--ast-global-color-5)","background-image":"","background-repeat":"repeat","background-position":"center center","background-size":"auto","background-attachment":"scroll","background-type":"","background-media":"","overlay-type":"","overlay-color":"","overlay-opacity":"","overlay-gradient":""},"mobile":{"background-color":"var(--ast-global-color-5)","background-image":"","background-repeat":"repeat","background-position":"center center","background-size":"auto","background-attachment":"scroll","background-type":"","background-media":"","overlay-type":"","overlay-color":"","overlay-opacity":"","overlay-gradient":""}},"footnotes":""},"class_list":["post-50786","page","type-page","status-publish","hentry"],"acf":[],"aioseo_notices":[],"_links":{"self":[{"href":"https:\/\/hummy.ee\/fi\/wp-json\/wp\/v2\/pages\/50786","targetHints":{"allow":["GET"]}}],"collection":[{"href":"https:\/\/hummy.ee\/fi\/wp-json\/wp\/v2\/pages"}],"about":[{"href":"https:\/\/hummy.ee\/fi\/wp-json\/wp\/v2\/types\/page"}],"author":[{"embeddable":true,"href":"https:\/\/hummy.ee\/fi\/wp-json\/wp\/v2\/users\/3"}],"replies":[{"embeddable":true,"href":"https:\/\/hummy.ee\/fi\/wp-json\/wp\/v2\/comments?post=50786"}],"version-history":[{"count":2,"href":"https:\/\/hummy.ee\/fi\/wp-json\/wp\/v2\/pages\/50786\/revisions"}],"predecessor-version":[{"id":72161,"href":"https:\/\/hummy.ee\/fi\/wp-json\/wp\/v2\/pages\/50786\/revisions\/72161"}],"up":[{"embeddable":true,"href":"https:\/\/hummy.ee\/fi\/wp-json\/wp\/v2\/pages\/47394"}],"wp:attachment":[{"href":"https:\/\/hummy.ee\/fi\/wp-json\/wp\/v2\/media?parent=50786"}],"curies":[{"name":"wp","href":"https:\/\/api.w.org\/{rel}","templated":true}]}}