{"id":31571,"date":"2025-03-19T18:17:25","date_gmt":"2025-03-19T18:17:25","guid":{"rendered":"https:\/\/hummy.ee\/cart\/"},"modified":"2025-03-19T18:17:26","modified_gmt":"2025-03-19T18:17:26","slug":"cart","status":"publish","type":"page","link":"https:\/\/hummy.ee\/fi\/cart\/","title":{"rendered":"Cart"},"content":{"rendered":"\n<div data-block-name=\"woocommerce\/cart\" class=\"wp-block-woocommerce-cart alignwide is-loading\">\n<div data-block-name=\"woocommerce\/filled-cart-block\" class=\"wp-block-woocommerce-filled-cart-block\">\n<div data-block-name=\"woocommerce\/cart-items-block\" class=\"wp-block-woocommerce-cart-items-block\">\n<div data-block-name=\"woocommerce\/cart-line-items-block\" class=\"wp-block-woocommerce-cart-line-items-block\"><\/div>\n\n\n\n<div data-block-name=\"woocommerce\/cart-cross-sells-block\" class=\"wp-block-woocommerce-cart-cross-sells-block\">\n<h2 class=\"wp-block-heading has-large-font-size\">You may be interested in\u2026<\/h2>\n\n\n\n<div data-block-name=\"woocommerce\/cart-cross-sells-products-block\" class=\"wp-block-woocommerce-cart-cross-sells-products-block\"><\/div>\n<\/div>\n<\/div>\n\n\n\n<div data-block-name=\"woocommerce\/cart-totals-block\" class=\"wp-block-woocommerce-cart-totals-block\">\n<div data-block-name=\"woocommerce\/cart-order-summary-block\" class=\"wp-block-woocommerce-cart-order-summary-block\">\n<div data-block-name=\"woocommerce\/cart-order-summary-heading-block\" class=\"wp-block-woocommerce-cart-order-summary-heading-block\"><\/div><div data-block-name=\"woocommerce\/cart-order-summary-coupon-form-block\" class=\"wp-block-woocommerce-cart-order-summary-coupon-form-block\"><\/div><div data-block-name=\"woocommerce\/cart-order-summary-totals-block\" class=\"wp-block-woocommerce-cart-order-summary-totals-block\">\n<div data-block-name=\"woocommerce\/cart-order-summary-subtotal-block\" class=\"wp-block-woocommerce-cart-order-summary-subtotal-block\"><\/div>\n<div data-block-name=\"woocommerce\/cart-order-summary-discount-block\" class=\"wp-block-woocommerce-cart-order-summary-discount-block\"><\/div>\n<div data-block-name=\"woocommerce\/cart-order-summary-fee-block\" class=\"wp-block-woocommerce-cart-order-summary-fee-block\"><\/div>\n<div data-block-name=\"woocommerce\/cart-order-summary-shipping-block\" class=\"wp-block-woocommerce-cart-order-summary-shipping-block\"><\/div>\n<div data-block-name=\"woocommerce\/cart-order-summary-taxes-block\" class=\"wp-block-woocommerce-cart-order-summary-taxes-block\"><\/div><\/div>\n<\/div>\n\n\n\n<div data-block-name=\"woocommerce\/cart-express-payment-block\" class=\"wp-block-woocommerce-cart-express-payment-block\"><\/div>\n\n\n\n<div data-block-name=\"woocommerce\/proceed-to-checkout-block\" class=\"wp-block-woocommerce-proceed-to-checkout-block\"><\/div>\n\n\n\n<div data-block-name=\"woocommerce\/cart-accepted-payment-methods-block\" class=\"wp-block-woocommerce-cart-accepted-payment-methods-block\"><\/div>\n<\/div>\n<\/div>\n\n\n\n<div data-block-name=\"woocommerce\/empty-cart-block\" class=\"wp-block-woocommerce-empty-cart-block\">\n<h2 class=\"wp-block-heading has-text-align-center with-empty-cart-icon wc-block-cart__empty-cart__title\">Your cart is currently empty!<\/h2>\n\n\n\n<hr class=\"wp-block-separator has-alpha-channel-opacity is-style-dots\"\/>\n\n\n\n<h2 class=\"wp-block-heading has-text-align-center\">New in store<\/h2>\n\n\n<div data-block-name=\"woocommerce\/product-new\" data-columns=\"4\" data-rows=\"1\" class=\"wc-block-grid wp-block-product-new wp-block-woocommerce-product-new wc-block-product-new has-4-columns\"><ul class=\"wc-block-grid__products\"><li class=\"wc-block-grid__product\">\n\t\t\t\t<a href=\"https:\/\/hummy.ee\/fi\/tuote\/mamoa-m1-turvahalli-adapter\/\" class=\"wc-block-grid__product-link\">\n\t\t\t\t\t\n\t\t\t\t\t<div class=\"wc-block-grid__product-image\"><img fetchpriority=\"high\" decoding=\"async\" width=\"700\" height=\"700\" src=\"https:\/\/hummy.ee\/wp-content\/uploads\/2026\/01\/Mamoa-turvahalli-adapterid-700x700.jpg\" class=\"attachment-woocommerce_thumbnail size-woocommerce_thumbnail\" alt=\"Mamoa M1 turvah\u00e4lli adapter\" srcset=\"https:\/\/hummy.ee\/wp-content\/uploads\/2026\/01\/Mamoa-turvahalli-adapterid-700x700.jpg 700w, https:\/\/hummy.ee\/wp-content\/uploads\/2026\/01\/Mamoa-turvahalli-adapterid-300x300.jpg 300w, https:\/\/hummy.ee\/wp-content\/uploads\/2026\/01\/Mamoa-turvahalli-adapterid-1024x1024.jpg 1024w, https:\/\/hummy.ee\/wp-content\/uploads\/2026\/01\/Mamoa-turvahalli-adapterid-150x150.jpg 150w, https:\/\/hummy.ee\/wp-content\/uploads\/2026\/01\/Mamoa-turvahalli-adapterid-768x768.jpg 768w, https:\/\/hummy.ee\/wp-content\/uploads\/2026\/01\/Mamoa-turvahalli-adapterid-100x100.jpg 100w, https:\/\/hummy.ee\/wp-content\/uploads\/2026\/01\/Mamoa-turvahalli-adapterid.jpg 1080w\" sizes=\"(max-width: 700px) 100vw, 700px\" \/><\/div>\n\t\t\t\t\t<div class=\"wc-block-grid__product-title\">Mamoa M1 turvah\u00e4lli adapter<\/div>\n\t\t\t\t<\/a>\n\t\t\t\t<div class=\"wc-block-grid__product-price price\"><span class=\"woocommerce-Price-amount amount\"><bdi>49,00&nbsp;<span class=\"woocommerce-Price-currencySymbol\">&euro;<\/span><\/bdi><\/span><\/div>\n\t\t\t\t\n\t\t\t\t<div class=\"wp-block-button wc-block-grid__product-add-to-cart\"><a href=\"\/fi\/wp-json\/wp\/v2\/pages\/31571?add-to-cart=80330\" aria-label=\"Lis\u00e4\u00e4 ostoskoriin: &ldquo;Mamoa M1 turvah\u00e4lli adapter&rdquo;\" data-quantity=\"1\" data-product_id=\"80330\" data-product_sku=\"8721398625058\" data-price=\"49\" rel=\"nofollow\" class=\"wp-block-button__link  add_to_cart_button ajax_add_to_cart\">Lis\u00e4\u00e4 ostoskoriin<\/a><\/div>\n\t\t\t<\/li><li class=\"wc-block-grid__product\">\n\t\t\t\t<a href=\"https:\/\/hummy.ee\/fi\/tuote\/mamoa-twin-duo-uhendusklambrid\/\" class=\"wc-block-grid__product-link\">\n\t\t\t\t\t\n\t\t\t\t\t<div class=\"wc-block-grid__product-image\"><img decoding=\"async\" width=\"700\" height=\"700\" src=\"https:\/\/hummy.ee\/wp-content\/uploads\/2026\/01\/Mamoa-kahelapse-kergkaru-700x700.jpg\" class=\"attachment-woocommerce_thumbnail size-woocommerce_thumbnail\" alt=\"Mamoa Twin\/Duo \u00fchendusklambrid\" srcset=\"https:\/\/hummy.ee\/wp-content\/uploads\/2026\/01\/Mamoa-kahelapse-kergkaru-700x700.jpg 700w, https:\/\/hummy.ee\/wp-content\/uploads\/2026\/01\/Mamoa-kahelapse-kergkaru-300x300.jpg 300w, https:\/\/hummy.ee\/wp-content\/uploads\/2026\/01\/Mamoa-kahelapse-kergkaru-1024x1024.jpg 1024w, https:\/\/hummy.ee\/wp-content\/uploads\/2026\/01\/Mamoa-kahelapse-kergkaru-150x150.jpg 150w, https:\/\/hummy.ee\/wp-content\/uploads\/2026\/01\/Mamoa-kahelapse-kergkaru-768x768.jpg 768w, https:\/\/hummy.ee\/wp-content\/uploads\/2026\/01\/Mamoa-kahelapse-kergkaru-100x100.jpg 100w, https:\/\/hummy.ee\/wp-content\/uploads\/2026\/01\/Mamoa-kahelapse-kergkaru.jpg 1080w\" sizes=\"(max-width: 700px) 100vw, 700px\" \/><\/div>\n\t\t\t\t\t<div class=\"wc-block-grid__product-title\">Mamoa Twin\/Duo \u00fchendusklambrid<\/div>\n\t\t\t\t<\/a>\n\t\t\t\t<div class=\"wc-block-grid__product-price price\"><span class=\"woocommerce-Price-amount amount\"><bdi>69,00&nbsp;<span class=\"woocommerce-Price-currencySymbol\">&euro;<\/span><\/bdi><\/span><\/div>\n\t\t\t\t\n\t\t\t\t<div class=\"wp-block-button wc-block-grid__product-add-to-cart\"><a href=\"\/fi\/wp-json\/wp\/v2\/pages\/31571?add-to-cart=80335\" aria-label=\"Lis\u00e4\u00e4 ostoskoriin: &ldquo;Mamoa Twin\/Duo \u00fchendusklambrid&rdquo;\" data-quantity=\"1\" data-product_id=\"80335\" data-product_sku=\"8721398625041\" data-price=\"69\" rel=\"nofollow\" class=\"wp-block-button__link  add_to_cart_button ajax_add_to_cart\">Lis\u00e4\u00e4 ostoskoriin<\/a><\/div>\n\t\t\t<\/li><li class=\"wc-block-grid__product\">\n\t\t\t\t<a href=\"https:\/\/hummy.ee\/fi\/tuote\/mamoa-ts1-matkarattaat\/\" class=\"wc-block-grid__product-link\">\n\t\t\t\t\t\n\t\t\t\t\t<div class=\"wc-block-grid__product-image\"><img decoding=\"async\" width=\"700\" height=\"700\" src=\"https:\/\/hummy.ee\/wp-content\/uploads\/2026\/01\/Mamoa-TS1-Pebble-Taupe-kergkaru-3-700x700.jpg\" class=\"attachment-woocommerce_thumbnail size-woocommerce_thumbnail\" alt=\"Mamoa TS1 matkarattaat\" srcset=\"https:\/\/hummy.ee\/wp-content\/uploads\/2026\/01\/Mamoa-TS1-Pebble-Taupe-kergkaru-3-700x700.jpg 700w, https:\/\/hummy.ee\/wp-content\/uploads\/2026\/01\/Mamoa-TS1-Pebble-Taupe-kergkaru-3-300x300.jpg 300w, https:\/\/hummy.ee\/wp-content\/uploads\/2026\/01\/Mamoa-TS1-Pebble-Taupe-kergkaru-3-1024x1024.jpg 1024w, https:\/\/hummy.ee\/wp-content\/uploads\/2026\/01\/Mamoa-TS1-Pebble-Taupe-kergkaru-3-150x150.jpg 150w, https:\/\/hummy.ee\/wp-content\/uploads\/2026\/01\/Mamoa-TS1-Pebble-Taupe-kergkaru-3-768x768.jpg 768w, https:\/\/hummy.ee\/wp-content\/uploads\/2026\/01\/Mamoa-TS1-Pebble-Taupe-kergkaru-3-100x100.jpg 100w, https:\/\/hummy.ee\/wp-content\/uploads\/2026\/01\/Mamoa-TS1-Pebble-Taupe-kergkaru-3.jpg 1080w\" sizes=\"(max-width: 700px) 100vw, 700px\" \/><\/div>\n\t\t\t\t\t<div class=\"wc-block-grid__product-title\">Mamoa TS1 matkarattaat<\/div>\n\t\t\t\t<\/a>\n\t\t\t\t<div class=\"wc-block-grid__product-price price\"><span class=\"woocommerce-Price-amount amount\"><bdi>379,00&nbsp;<span class=\"woocommerce-Price-currencySymbol\">&euro;<\/span><\/bdi><\/span><\/div>\n\t\t\t\t\n\t\t\t\t<div class=\"wp-block-button wc-block-grid__product-add-to-cart\"><a href=\"https:\/\/hummy.ee\/fi\/tuote\/mamoa-ts1-matkarattaat\/\" aria-label=\"Valitse valinnat &ldquo;Mamoa TS1 matkarattaat&rdquo;\" data-quantity=\"1\" data-product_id=\"86688\" data-product_sku=\"\" data-price=\"379\" rel=\"nofollow\" class=\"wp-block-button__link  add_to_cart_button\">Valitse vaihtoehdoista<\/a><\/div>\n\t\t\t<\/li><li class=\"wc-block-grid__product\">\n\t\t\t\t<a href=\"https:\/\/hummy.ee\/fi\/tuote\/mamoa-m1-matkarattaat\/\" class=\"wc-block-grid__product-link\">\n\t\t\t\t\t\n\t\t\t\t\t<div class=\"wc-block-grid__product-image\"><img loading=\"lazy\" decoding=\"async\" width=\"700\" height=\"700\" src=\"https:\/\/hummy.ee\/wp-content\/uploads\/2026\/01\/Mamoa-M1-Cotton-White-kergkaru-5-700x700.jpg\" class=\"attachment-woocommerce_thumbnail size-woocommerce_thumbnail\" alt=\"Mamoa M1 matkarattaat\" srcset=\"https:\/\/hummy.ee\/wp-content\/uploads\/2026\/01\/Mamoa-M1-Cotton-White-kergkaru-5-700x700.jpg 700w, https:\/\/hummy.ee\/wp-content\/uploads\/2026\/01\/Mamoa-M1-Cotton-White-kergkaru-5-300x300.jpg 300w, https:\/\/hummy.ee\/wp-content\/uploads\/2026\/01\/Mamoa-M1-Cotton-White-kergkaru-5-1024x1024.jpg 1024w, https:\/\/hummy.ee\/wp-content\/uploads\/2026\/01\/Mamoa-M1-Cotton-White-kergkaru-5-150x150.jpg 150w, https:\/\/hummy.ee\/wp-content\/uploads\/2026\/01\/Mamoa-M1-Cotton-White-kergkaru-5-768x768.jpg 768w, https:\/\/hummy.ee\/wp-content\/uploads\/2026\/01\/Mamoa-M1-Cotton-White-kergkaru-5-100x100.jpg 100w, https:\/\/hummy.ee\/wp-content\/uploads\/2026\/01\/Mamoa-M1-Cotton-White-kergkaru-5.jpg 1080w\" sizes=\"(max-width: 700px) 100vw, 700px\" \/><\/div>\n\t\t\t\t\t<div class=\"wc-block-grid__product-title\">Mamoa M1 matkarattaat<\/div>\n\t\t\t\t<\/a>\n\t\t\t\t<div class=\"wc-block-grid__product-price price\"><span class=\"woocommerce-Price-amount amount\"><bdi>399,00&nbsp;<span class=\"woocommerce-Price-currencySymbol\">&euro;<\/span><\/bdi><\/span><\/div>\n\t\t\t\t\n\t\t\t\t<div class=\"wp-block-button wc-block-grid__product-add-to-cart\"><a href=\"https:\/\/hummy.ee\/fi\/tuote\/mamoa-m1-matkarattaat\/\" aria-label=\"Valitse valinnat &ldquo;Mamoa M1 matkarattaat&rdquo;\" data-quantity=\"1\" data-product_id=\"86713\" data-product_sku=\"\" data-price=\"399\" rel=\"nofollow\" class=\"wp-block-button__link  add_to_cart_button\">Valitse vaihtoehdoista<\/a><\/div>\n\t\t\t<\/li><\/ul><\/div><\/div>\n<\/div>\n","protected":false},"excerpt":{"rendered":"","protected":false},"author":2,"featured_media":0,"parent":0,"menu_order":0,"comment_status":"closed","ping_status":"closed","template":"","meta":{"_acf_changed":false,"om_disable_all_campaigns":false,"_monsterinsights_skip_tracking":false,"_monsterinsights_sitenote_active":false,"_monsterinsights_sitenote_note":"","_monsterinsights_sitenote_category":0,"_uf_show_specific_survey":0,"_uf_disable_surveys":false,"site-sidebar-layout":"default","site-content-layout":"","ast-site-content-layout":"","site-content-style":"default","site-sidebar-style":"default","ast-global-header-display":"","ast-banner-title-visibility":"","ast-main-header-display":"","ast-hfb-above-header-display":"","ast-hfb-below-header-display":"","ast-hfb-mobile-header-display":"","site-post-title":"","ast-breadcrumbs-content":"","ast-featured-img":"","footer-sml-layout":"","theme-transparent-header-meta":"","adv-header-id-meta":"","stick-header-meta":"","header-above-stick-meta":"","header-main-stick-meta":"","header-below-stick-meta":"","astra-migrate-meta-layouts":"default","ast-page-background-enabled":"default","ast-page-background-meta":{"desktop":{"background-color":"var(--ast-global-color-4)","background-image":"","background-repeat":"repeat","background-position":"center center","background-size":"auto","background-attachment":"scroll","background-type":"","background-media":"","overlay-type":"","overlay-color":"","overlay-opacity":"","overlay-gradient":""},"tablet":{"background-color":"","background-image":"","background-repeat":"repeat","background-position":"center center","background-size":"auto","background-attachment":"scroll","background-type":"","background-media":"","overlay-type":"","overlay-color":"","overlay-opacity":"","overlay-gradient":""},"mobile":{"background-color":"","background-image":"","background-repeat":"repeat","background-position":"center center","background-size":"auto","background-attachment":"scroll","background-type":"","background-media":"","overlay-type":"","overlay-color":"","overlay-opacity":"","overlay-gradient":""}},"ast-content-background-meta":{"desktop":{"background-color":"var(--ast-global-color-5)","background-image":"","background-repeat":"repeat","background-position":"center center","background-size":"auto","background-attachment":"scroll","background-type":"","background-media":"","overlay-type":"","overlay-color":"","overlay-opacity":"","overlay-gradient":""},"tablet":{"background-color":"var(--ast-global-color-5)","background-image":"","background-repeat":"repeat","background-position":"center center","background-size":"auto","background-attachment":"scroll","background-type":"","background-media":"","overlay-type":"","overlay-color":"","overlay-opacity":"","overlay-gradient":""},"mobile":{"background-color":"var(--ast-global-color-5)","background-image":"","background-repeat":"repeat","background-position":"center center","background-size":"auto","background-attachment":"scroll","background-type":"","background-media":"","overlay-type":"","overlay-color":"","overlay-opacity":"","overlay-gradient":""}},"footnotes":""},"class_list":["post-31571","page","type-page","status-publish","hentry"],"acf":[],"aioseo_notices":[],"_links":{"self":[{"href":"https:\/\/hummy.ee\/fi\/wp-json\/wp\/v2\/pages\/31571","targetHints":{"allow":["GET"]}}],"collection":[{"href":"https:\/\/hummy.ee\/fi\/wp-json\/wp\/v2\/pages"}],"about":[{"href":"https:\/\/hummy.ee\/fi\/wp-json\/wp\/v2\/types\/page"}],"author":[{"embeddable":true,"href":"https:\/\/hummy.ee\/fi\/wp-json\/wp\/v2\/users\/2"}],"replies":[{"embeddable":true,"href":"https:\/\/hummy.ee\/fi\/wp-json\/wp\/v2\/comments?post=31571"}],"version-history":[{"count":0,"href":"https:\/\/hummy.ee\/fi\/wp-json\/wp\/v2\/pages\/31571\/revisions"}],"wp:attachment":[{"href":"https:\/\/hummy.ee\/fi\/wp-json\/wp\/v2\/media?parent=31571"}],"curies":[{"name":"wp","href":"https:\/\/api.w.org\/{rel}","templated":true}]}}