{"id":85516,"date":"2026-03-03T19:16:35","date_gmt":"2026-03-03T19:16:35","guid":{"rendered":"https:\/\/hummy.ee\/product\/mamoa-m1-car-seat-adapter\/"},"modified":"2026-03-03T19:16:35","modified_gmt":"2026-03-03T19:16:35","slug":"mamoa-m1-car-seat-adapter","status":"publish","type":"product","link":"https:\/\/hummy.ee\/en\/product\/mamoa-m1-car-seat-adapter\/","title":{"rendered":"Mamoa M1 Car Seat Adapter"},"content":{"rendered":"<h6 data-start=\"332\" data-end=\"848\">Mamoa turvah\u00e4lli adapterid kinnituvad lihtsalt jalutusk\u00e4ru esipiirde kinnituskohtadele, tagades stabiilse ja kindla \u00fchenduse. Nende paigaldamine on kiire ja vaevatu, mis t\u00e4hendab, et saad oma lapse turvah\u00e4lli h\u00f5lpsalt kinnitada ilma keeruliste lisasammudeta. Sama lihtsalt saab adapterid ka eemaldada, v\u00f5imaldades kiiret \u00fcmberl\u00fclitumist jalutusk\u00e4ru ja autos\u00f5idu vahel. See teeb neist asendamatud abilised igap\u00e4evatoimetustes, olgu selleks poes k\u00e4imine, arstil k\u00e4imine v\u00f5i lihtsalt jalutusk\u00e4igud v\u00e4rskes \u00f5hus.   <\/h6>\n<p>&nbsp;<\/p>\n<h6 data-start=\"850\" data-end=\"1267\">Mamoa car seat adapters attach easily to the stroller\u2019s front bar mounting points, providing a stable and secure connection. Installation is quick and effortless, allowing you to attach your child\u2019s car seat without any complicated steps. The adapters can be removed just as easily, enabling a fast switch between stroller and car use. This makes them indispensable helpers for everyday activities, whether it\u2019s shopping, doctor visits, or simply enjoying a walk outdoors. <\/h6>\n","protected":false},"excerpt":{"rendered":"<h6>Mamoa car seat adapters are a practical and convenient accessory that allows you to connect the Mamoa M1 stroller to your child\u2019s car seat, using it seamlessly as both a car seat carrier and a stroller. With the adapters, you can quickly and securely attach the car seat to the stroller frame\u2014an ideal solution for traveling with your baby or everyday use. The adapters are compatible with most Group 0 car seats (0\u201312 months).  <\/h6>\n","protected":false},"featured_media":85514,"comment_status":"open","ping_status":"closed","template":"","meta":{"_acf_changed":false,"om_disable_all_campaigns":false,"_monsterinsights_skip_tracking":false,"_monsterinsights_sitenote_active":false,"_monsterinsights_sitenote_note":"","_monsterinsights_sitenote_category":0,"_uf_show_specific_survey":0,"_uf_disable_surveys":false,"site-sidebar-layout":"default","site-content-layout":"","ast-site-content-layout":"default","site-content-style":"default","site-sidebar-style":"default","ast-global-header-display":"","ast-banner-title-visibility":"","ast-main-header-display":"","ast-hfb-above-header-display":"","ast-hfb-below-header-display":"","ast-hfb-mobile-header-display":"","site-post-title":"","ast-breadcrumbs-content":"","ast-featured-img":"","footer-sml-layout":"","theme-transparent-header-meta":"default","adv-header-id-meta":"","stick-header-meta":"","header-above-stick-meta":"","header-main-stick-meta":"","header-below-stick-meta":"","astra-migrate-meta-layouts":"default","ast-page-background-enabled":"default","ast-page-background-meta":{"desktop":{"background-color":"var(--ast-global-color-4)","background-image":"","background-repeat":"repeat","background-position":"center center","background-size":"auto","background-attachment":"scroll","background-type":"","background-media":"","overlay-type":"","overlay-color":"","overlay-opacity":"","overlay-gradient":""},"tablet":{"background-color":"","background-image":"","background-repeat":"repeat","background-position":"center center","background-size":"auto","background-attachment":"scroll","background-type":"","background-media":"","overlay-type":"","overlay-color":"","overlay-opacity":"","overlay-gradient":""},"mobile":{"background-color":"","background-image":"","background-repeat":"repeat","background-position":"center center","background-size":"auto","background-attachment":"scroll","background-type":"","background-media":"","overlay-type":"","overlay-color":"","overlay-opacity":"","overlay-gradient":""}},"ast-content-background-meta":{"desktop":{"background-color":"var(--ast-global-color-5)","background-image":"","background-repeat":"repeat","background-position":"center center","background-size":"auto","background-attachment":"scroll","background-type":"","background-media":"","overlay-type":"","overlay-color":"","overlay-opacity":"","overlay-gradient":""},"tablet":{"background-color":"var(--ast-global-color-5)","background-image":"","background-repeat":"repeat","background-position":"center center","background-size":"auto","background-attachment":"scroll","background-type":"","background-media":"","overlay-type":"","overlay-color":"","overlay-opacity":"","overlay-gradient":""},"mobile":{"background-color":"var(--ast-global-color-5)","background-image":"","background-repeat":"repeat","background-position":"center center","background-size":"auto","background-attachment":"scroll","background-type":"","background-media":"","overlay-type":"","overlay-color":"","overlay-opacity":"","overlay-gradient":""}}},"product_brand":[],"product_cat":[375,1370,521,334],"product_tag":[],"class_list":{"0":"post-85516","1":"product","2":"type-product","3":"status-publish","4":"has-post-thumbnail","6":"product_cat-adapters","7":"product_cat-mamoa","8":"product_cat-new-products","9":"product_cat-stroller-accessories","10":"desktop-align-left","11":"tablet-align-left","12":"mobile-align-left","14":"first","15":"instock","16":"taxable","17":"shipping-taxable","18":"purchasable","19":"product-type-simple"},"acf":[],"aioseo_notices":[],"_links":{"self":[{"href":"https:\/\/hummy.ee\/en\/wp-json\/wp\/v2\/product\/85516","targetHints":{"allow":["GET"]}}],"collection":[{"href":"https:\/\/hummy.ee\/en\/wp-json\/wp\/v2\/product"}],"about":[{"href":"https:\/\/hummy.ee\/en\/wp-json\/wp\/v2\/types\/product"}],"replies":[{"embeddable":true,"href":"https:\/\/hummy.ee\/en\/wp-json\/wp\/v2\/comments?post=85516"}],"version-history":[{"count":0,"href":"https:\/\/hummy.ee\/en\/wp-json\/wp\/v2\/product\/85516\/revisions"}],"wp:featuredmedia":[{"embeddable":true,"href":"https:\/\/hummy.ee\/en\/wp-json\/wp\/v2\/media\/85514"}],"wp:attachment":[{"href":"https:\/\/hummy.ee\/en\/wp-json\/wp\/v2\/media?parent=85516"}],"wp:term":[{"taxonomy":"product_brand","embeddable":true,"href":"https:\/\/hummy.ee\/en\/wp-json\/wp\/v2\/product_brand?post=85516"},{"taxonomy":"product_cat","embeddable":true,"href":"https:\/\/hummy.ee\/en\/wp-json\/wp\/v2\/product_cat?post=85516"},{"taxonomy":"product_tag","embeddable":true,"href":"https:\/\/hummy.ee\/en\/wp-json\/wp\/v2\/product_tag?post=85516"}],"curies":[{"name":"wp","href":"https:\/\/api.w.org\/{rel}","templated":true}]}}